{"id":1305335,"date":"2024-07-30T07:08:33","date_gmt":"2024-07-30T07:08:33","guid":{"rendered":"https:\/\/www.fassabortolo.it\/sistemi-rinforzo-strutturale\/"},"modified":"2026-01-29T15:06:33","modified_gmt":"2026-01-29T15:06:33","slug":"strukturkonsolidierung-und-verstarkung","status":"publish","type":"page","link":"https:\/\/www.fassabortolo.it\/de\/strukturkonsolidierung-und-verstarkung\/","title":{"rendered":"L\u00f6sungen f\u00fcr die Strukturkonsolidierung und -verst\u00e4rkung"},"content":{"rendered":"","protected":false},"excerpt":{"rendered":"","protected":false},"author":1,"featured_media":0,"parent":0,"menu_order":0,"comment_status":"closed","ping_status":"closed","template":"","meta":{"_acf_changed":false,"footnotes":""},"class_list":["post-1305335","page","type-page","status-publish","hentry"],"acf":[],"_links":{"self":[{"href":"https:\/\/www.fassabortolo.it\/de\/wp-json\/wp\/v2\/pages\/1305335","targetHints":{"allow":["GET"]}}],"collection":[{"href":"https:\/\/www.fassabortolo.it\/de\/wp-json\/wp\/v2\/pages"}],"about":[{"href":"https:\/\/www.fassabortolo.it\/de\/wp-json\/wp\/v2\/types\/page"}],"author":[{"embeddable":true,"href":"https:\/\/www.fassabortolo.it\/de\/wp-json\/wp\/v2\/users\/1"}],"replies":[{"embeddable":true,"href":"https:\/\/www.fassabortolo.it\/de\/wp-json\/wp\/v2\/comments?post=1305335"}],"version-history":[{"count":0,"href":"https:\/\/www.fassabortolo.it\/de\/wp-json\/wp\/v2\/pages\/1305335\/revisions"}],"wp:attachment":[{"href":"https:\/\/www.fassabortolo.it\/de\/wp-json\/wp\/v2\/media?parent=1305335"}],"curies":[{"name":"wp","href":"https:\/\/api.w.org\/{rel}","templated":true}]}}