{"id":3233684,"date":"2026-01-20T15:06:35","date_gmt":"2026-01-20T14:06:35","guid":{"rendered":"http:\/\/10.6.201.155\/?post_type=product&#038;p=51366"},"modified":"2026-02-04T16:53:02","modified_gmt":"2026-02-04T15:53:02","slug":"fassa-tra-wik-alu-rl","status":"publish","type":"product","link":"https:\/\/www.fassabortolo.it\/de\/produkte\/sistema-isolamento-termico-fassatherm\/komplementare-produkte\/fassa-tra-wik-alu-rl","title":{"rendered":"FASSA TRA-WIK-ALU-RL"},"content":{"rendered":"","protected":false},"featured_media":0,"template":"","class_list":["post-3233684","product","type-product","status-publish","hentry"],"acf":[],"fimg":{"url":"https:\/\/www.fassabortolo.it\/wp-content\/uploads\/media\/assets\/FASSA_TRA_WIK_ALU_RL.jpg","alt":"FASSA TRA-WIK-ALU-RL"},"product_description":["Polyurethan-Tr\u00e4gerwinkel komplett mit 3 D\u00fcbeln, zur mechanischen Befestigung f\u00fcr die Montage von Gel\u00e4nderzargen, von Fenstergittern (franz\u00f6sicher Balkon) usw.. &nbsp; Erh\u00e4ltlich bis zu 300 mm Dicke"],"ekr_hierarchy_settings":{"it":{"FASSA_LINEA_PRODOTTI_COMPLEMENTARI_SISTEMA_ISOLAMENTO":{"ekr_position":37}},"es":{"FASSAES_LINEA_PRODOTTI_COMPLEMENTARI_SISTEMA_ISOLAMENTO":{"ekr_position":35}},"lu":{"FASSA_LINEA_PRODOTTI_COMPLEMENTARI_SISTEMA_ISOLAMENTO":{"ekr_position":38}}},"lang":{"language_code":"de","locale":"de_DE","text_direction":false,"display_name":"Deutsch","native_name":"Tedesco","different_language":false},"systems":[{"id":3233343,"name":"W\u00c4RMED\u00c4MMVERBUNDSYSTEM FASSATHERM\u00ae","permalink":"https:\/\/www.fassabortolo.it\/de\/produkte\/sistema-isolamento-termico-fassatherm\/","slug":"sistema-isolamento-termico-fassatherm","ekr_pallet_code":"FASSA_SISTEMA_ISOLAMENTO_TERMICO_FASSATHERM"}],"product_pallet_code":"PROD_FASSA_TRA_WIK_ALU_RL","lines":[{"id":3233296,"name":"KOMPLEMENT\u00c4RE PRODUKTE","permalink":"https:\/\/www.fassabortolo.it\/de\/produkte\/\/komplementare-produkte\/","slug":"komplementare-produkte","system_codes":["FASSA_SISTEMA_ISOLAMENTO_TERMICO_FASSATHERM"],"ekr_pallet_code":"FASSA_LINEA_PRODOTTI_COMPLEMENTARI_SISTEMA_ISOLAMENTO"}],"use":null,"supply":null,"attributes":null,"___attributes":null,"elastic_market_index":"it","structured_data":{"@context":"https:\/\/schema.org","@type":"Product","name":"FASSA TRA-WIK-ALU-RL","description":["Polyurethan-Tr\u00e4gerwinkel komplett mit 3 D\u00fcbeln, zur mechanischen Befestigung f\u00fcr die Montage von Gel\u00e4nderzargen, von Fenstergittern (franz\u00f6sicher Balkon) usw.. &nbsp; Erh\u00e4ltlich bis zu 300 mm Dicke"],"url":"https:\/\/www.fassabortolo.it\/de\/produkte\/sistema-isolamento-termico-fassatherm\/komplementare-produkte\/fassa-tra-wik-alu-rl","identifier":"PROD_FASSA_TRA_WIK_ALU_RL","sku":"PROD_FASSA_TRA_WIK_ALU_RL","image":"https:\/\/www.fassabortolo.it\/wp-content\/uploads\/media\/assets\/FASSA_TRA_WIK_ALU_RL.jpg","brand":{"@type":"Brand","name":"Fassa Bortolo"},"manufacturer":{"@type":"Organization","name":"Fassa Bortolo","url":"https:\/\/www.fassabortolo.it"},"category":[{"@type":"ProductCollection","name":"KOMPLEMENT\u00c4RE PRODUKTE","identifier":"FASSA_LINEA_PRODOTTI_COMPLEMENTARI_SISTEMA_ISOLAMENTO"},{"@type":"Collection","name":"W\u00c4RMED\u00c4MMVERBUNDSYSTEM FASSATHERM\u00ae","identifier":"FASSA_SISTEMA_ISOLAMENTO_TERMICO_FASSATHERM"}],"inLanguage":"de"},"_links":{"self":[{"href":"https:\/\/www.fassabortolo.it\/de\/wp-json\/wp\/v2\/product\/3233684","targetHints":{"allow":["GET"]}}],"collection":[{"href":"https:\/\/www.fassabortolo.it\/de\/wp-json\/wp\/v2\/product"}],"about":[{"href":"https:\/\/www.fassabortolo.it\/de\/wp-json\/wp\/v2\/types\/product"}],"wp:attachment":[{"href":"https:\/\/www.fassabortolo.it\/de\/wp-json\/wp\/v2\/media?parent=3233684"}],"curies":[{"name":"wp","href":"https:\/\/api.w.org\/{rel}","templated":true}]}}