{"id":3234307,"date":"2026-01-23T12:21:40","date_gmt":"2026-01-23T11:21:40","guid":{"rendered":"http:\/\/10.6.201.155\/?post_type=product&#038;p=53857"},"modified":"2026-04-02T19:05:48","modified_gmt":"2026-04-02T17:05:48","slug":"gypsopaint","status":"publish","type":"product","link":"https:\/\/www.fassabortolo.it\/de\/produkte\/sistema-fassacolour\/farbanstriche\/gypsopaint","title":{"rendered":"GYPSOPAINT"},"content":{"rendered":"","protected":false},"featured_media":0,"template":"","class_list":["post-3234307","product","type-product","status-publish","hentry"],"acf":[],"fimg":{"url":"https:\/\/www.fassabortolo.it\/wp-content\/uploads\/media\/assets\/GYPSOPAINT.jpg","alt":"GYPSOPAINT"},"product_description":["Wasserbasierter \u00fcberdeckender Farbanstrich f\u00fcr Gipskarton"],"ekr_hierarchy_settings":{"it":{"FASSA_LINEA_PITTURE_SISTEMA_COLORE":{"ekr_position":9}},"es":{"FASSAES_LINEA_PITTURE_SISTEMA_COLORE":{"ekr_position":11}},"lu":{"FASSA_LINEA_PITTURE_SISTEMA_COLORE":{"ekr_position":12}}},"lang":{"language_code":"de","locale":"de_DE","text_direction":false,"display_name":"Deutsch","native_name":"Tedesco","different_language":false},"systems":[{"id":3233333,"name":"FASSACOLOUR\u00ae-System","permalink":"https:\/\/www.fassabortolo.it\/de\/produkte\/sistema-fassacolour\/","slug":"sistema-fassacolour","ekr_pallet_code":"FASSA_SISTEMA_COLORE_FASSACOLOUR"}],"product_pallet_code":"PROD_GYPSOPAINT","lines":[{"id":3233303,"name":"FARBANSTRICHE","permalink":"https:\/\/www.fassabortolo.it\/de\/produkte\/\/farbanstriche\/","slug":"farbanstriche","system_codes":["FASSA_SISTEMA_COLORE_FASSACOLOUR"],"ekr_pallet_code":"FASSA_LINEA_PITTURE_SISTEMA_COLORE"}],"use":["GYPSOPAINT wird als matter Innenanstrich auf Putzen und Beschichtungen auf Kalk-, auf Kalk\/Zement-, auf Gipsbasis und auf Gipskarton verwendet, sowie auf Oberfl\u00e4chen, wo ausgezeichnete Deckung und Deckkraft erforderlich sind."],"supply":["Abpackungen zu 14 l, zu 5 l sowie Kartonschachteln mit jeweils 6 St\u00fcck zu 1 l. &nbsp; Je nach Bestimmungsland k\u00f6nnten einige Verkaufsformate nicht erh\u00e4ltlich sein","Mit dem Farbmischsystem ColorLife realisierbare Farbt\u00f6ne"],"attributes":{"Attributes_1":{"WASSERBASIERTE HOCHDECKENDE ANSTRICHE":"Wasserbasierte hochdeckende Anstriche"},"Attributes_2":{"INNENBEREICH":"Innenbereich"}},"___attributes":{"FASSAES":{"FASSA_SISTEMA_COLORE_FASSACOLOUR":{"Attributes_1":["Wasserbasierte hochdeckende Anstriche"],"Attributes_2":["Innenbereich"]}},"FASSA":{"FASSA_SISTEMA_COLORE_FASSACOLOUR":{"Attributes_1":["Wasserbasierte hochdeckende Anstriche"],"Attributes_2":["Innenbereich"]}}},"elastic_market_index":"it","structured_data":{"@context":"https:\/\/schema.org","@type":"Product","name":"GYPSOPAINT","description":["Wasserbasierter \u00fcberdeckender Farbanstrich f\u00fcr Gipskarton"],"url":"https:\/\/www.fassabortolo.it\/de\/produkte\/sistema-fassacolour\/farbanstriche\/gypsopaint","identifier":"PROD_GYPSOPAINT","sku":"PROD_GYPSOPAINT","image":"https:\/\/www.fassabortolo.it\/wp-content\/uploads\/media\/assets\/GYPSOPAINT.jpg","brand":{"@type":"Brand","name":"Fassa Bortolo"},"manufacturer":{"@type":"Organization","name":"Fassa Bortolo","url":"https:\/\/www.fassabortolo.it"},"additionalProperty":[{"@type":"PropertyValue","name":"Use Case 1","value":"GYPSOPAINT wird als matter Innenanstrich auf Putzen und Beschichtungen auf Kalk-, auf Kalk\/Zement-, auf Gipsbasis und auf Gipskarton verwendet, sowie auf Oberfl\u00e4chen, wo ausgezeichnete Deckung und Deckkraft erforderlich sind."},{"@type":"PropertyValue","name":"Supply Information","value":"Abpackungen zu 14 l, zu 5 l sowie Kartonschachteln mit jeweils 6 St\u00fcck zu 1 l. &nbsp; Je nach Bestimmungsland k\u00f6nnten einige Verkaufsformate nicht erh\u00e4ltlich sein"},{"@type":"PropertyValue","name":"Supply Information","value":"Mit dem Farbmischsystem ColorLife realisierbare Farbt\u00f6ne"},{"@type":"PropertyValue","name":"Attributes_1","value":"Wasserbasierte hochdeckende Anstriche"},{"@type":"PropertyValue","name":"Attributes_2","value":"Innenbereich"}],"category":[{"@type":"ProductCollection","name":"FARBANSTRICHE","identifier":"FASSA_LINEA_PITTURE_SISTEMA_COLORE"},{"@type":"Collection","name":"FASSACOLOUR\u00ae-System","identifier":"FASSA_SISTEMA_COLORE_FASSACOLOUR"}],"inLanguage":"de"},"_links":{"self":[{"href":"https:\/\/www.fassabortolo.it\/de\/wp-json\/wp\/v2\/product\/3234307","targetHints":{"allow":["GET"]}}],"collection":[{"href":"https:\/\/www.fassabortolo.it\/de\/wp-json\/wp\/v2\/product"}],"about":[{"href":"https:\/\/www.fassabortolo.it\/de\/wp-json\/wp\/v2\/types\/product"}],"wp:attachment":[{"href":"https:\/\/www.fassabortolo.it\/de\/wp-json\/wp\/v2\/media?parent=3234307"}],"curies":[{"name":"wp","href":"https:\/\/api.w.org\/{rel}","templated":true}]}}