{"id":3322887,"date":"2026-01-20T15:00:58","date_gmt":"2026-01-20T14:00:58","guid":{"rendered":"http:\/\/10.6.201.155\/?post_type=product&#038;p=50321"},"modified":"2026-04-17T11:33:16","modified_gmt":"2026-04-17T09:33:16","slug":"bio-iniezione-m10","status":"publish","type":"product","link":"https:\/\/www.fassabortolo.it\/de\/produkte\/konsolidierungs-und-strukturverstarkungssystem\/injektionsmortel\/bio-iniezione-m10","title":{"rendered":"BIO-INIEZIONE M10"},"content":{"rendered":"","protected":false},"featured_media":0,"template":"","class_list":["post-3322887","product","type-product","status-publish","hentry"],"acf":[],"fimg":{"url":"https:\/\/www.fassabortolo.it\/wp-content\/uploads\/media\/assets\/BIO_INIEZIONE_M10.jpg","alt":"BIO-INIEZIONE M10"},"product_description":["Zementfreier M10 Bio-Strukturm\u00f6rtel f\u00fcr Injektionen, auf der Basis von Luftkalk und \u00d6ko-Puzzolan"],"ekr_hierarchy_settings":{"it":{"FASSA_LINEA_BOIACCHE_PER_INIEZIONI_SISTEMA_CONSOLIDAMENTO":{"ekr_position":1}},"ch":{"FASSA_LINEA_BOIACCHE_PER_INIEZIONI_SISTEMA_CONSOLIDAMENTO":{"ekr_position":0}},"es":{"FASSAES_LINEA_BOIACCHE_PER_INIEZIONI_SISTEMA_CONSOLIDAMENTO":{"ekr_position":0}},"lu":{"FASSA_LINEA_BOIACCHE_PER_INIEZIONI_SISTEMA_CONSOLIDAMENTO":{"ekr_position":0}}},"lang":{"language_code":"de","locale":"de_DE","text_direction":false,"display_name":"Deutsch","native_name":"Tedesco","different_language":false},"systems":[{"id":3322797,"name":"KONSOLIDIERUNGS- UND STRUKTURVERST\u00c4RKUNGSSYSTEM","permalink":"https:\/\/www.fassabortolo.it\/de\/produkte\/konsolidierungs-und-strukturverstarkungssystem\/","slug":"konsolidierungs-und-strukturverstarkungssystem","ekr_pallet_code":"FASSA_SISTEMA_CONSOLIDAMENTO_E_RINFORZO_STRUTTURALE"}],"product_pallet_code":"PROD_BIO_INIEZIONE_M10","lines":[{"id":3322736,"name":"INJEKTIONSM\u00d6RTEL","permalink":"https:\/\/www.fassabortolo.it\/de\/produkte\/\/injektionsmortel\/","slug":"injektionsmortel","system_codes":["FASSA_SISTEMA_CONSOLIDAMENTO_E_RINFORZO_STRUTTURALE"],"ekr_pallet_code":"FASSA_LINEA_BOIACCHE_PER_INIEZIONI_SISTEMA_CONSOLIDAMENTO"}],"use":["BIO-INIEZIONE M10 wird als Injektionsm\u00f6rtel zur Konsolidierung von Fundamenten und Mauerwerken von historischen Geb\u00e4uden verwendet, einschlie\u00dflich Teilbereiche mit Flickwerk."],"supply":["In feuchtigkeitsgesch\u00fctzten Spezials\u00e4cken zu ca. 25 kg"],"attributes":{"Attributes_1":{"KONSOLIDIERENDE INJEKTIONEN":"Konsolidierende Injektionen"},"Attributes_2":{"AUSSENBEREICH":"Au\u00dfenbereich","INNENBEREICH":"Innenbereich"}},"___attributes":{"FASSAES":{"FASSA_SISTEMA_CONSOLIDAMENTO_E_RINFORZO_STRUTTURALE":{"Attributes_1":["Konsolidierende Injektionen"],"Attributes_2":["Au\u00dfenbereich","Innenbereich"]}},"FASSA":{"FASSA_SISTEMA_CONSOLIDAMENTO_E_RINFORZO_STRUTTURALE":{"Attributes_1":["Konsolidierende Injektionen"],"Attributes_2":["Au\u00dfenbereich","Innenbereich"]}}},"elastic_market_index":"it","structured_data":{"@context":"https:\/\/schema.org","@type":"Product","name":"BIO-INIEZIONE M10","description":["Zementfreier M10 Bio-Strukturm\u00f6rtel f\u00fcr Injektionen, auf der Basis von Luftkalk und \u00d6ko-Puzzolan"],"url":"https:\/\/www.fassabortolo.it\/de\/produkte\/konsolidierungs-und-strukturverstarkungssystem\/injektionsmortel\/bio-iniezione-m10","identifier":"PROD_BIO_INIEZIONE_M10","sku":"PROD_BIO_INIEZIONE_M10","image":"https:\/\/www.fassabortolo.it\/wp-content\/uploads\/media\/assets\/BIO_INIEZIONE_M10.jpg","brand":{"@type":"Brand","name":"Fassa Bortolo"},"manufacturer":{"@type":"Organization","name":"Fassa Bortolo","url":"https:\/\/www.fassabortolo.it"},"additionalProperty":[{"@type":"PropertyValue","name":"Use Case 1","value":"BIO-INIEZIONE M10 wird als Injektionsm\u00f6rtel zur Konsolidierung von Fundamenten und Mauerwerken von historischen Geb\u00e4uden verwendet, einschlie\u00dflich Teilbereiche mit Flickwerk."},{"@type":"PropertyValue","name":"Supply Information","value":"In feuchtigkeitsgesch\u00fctzten Spezials\u00e4cken zu ca. 25 kg"},{"@type":"PropertyValue","name":"Attributes_1","value":"Konsolidierende Injektionen"},{"@type":"PropertyValue","name":"Attributes_2","value":"Au\u00dfenbereich"},{"@type":"PropertyValue","name":"Attributes_2","value":"Innenbereich"}],"category":[{"@type":"ProductCollection","name":"INJEKTIONSM\u00d6RTEL","identifier":"FASSA_LINEA_BOIACCHE_PER_INIEZIONI_SISTEMA_CONSOLIDAMENTO"},{"@type":"Collection","name":"KONSOLIDIERUNGS- UND STRUKTURVERST\u00c4RKUNGSSYSTEM","identifier":"FASSA_SISTEMA_CONSOLIDAMENTO_E_RINFORZO_STRUTTURALE"}],"inLanguage":"de"},"_links":{"self":[{"href":"https:\/\/www.fassabortolo.it\/de\/wp-json\/wp\/v2\/product\/3322887","targetHints":{"allow":["GET"]}}],"collection":[{"href":"https:\/\/www.fassabortolo.it\/de\/wp-json\/wp\/v2\/product"}],"about":[{"href":"https:\/\/www.fassabortolo.it\/de\/wp-json\/wp\/v2\/types\/product"}],"wp:attachment":[{"href":"https:\/\/www.fassabortolo.it\/de\/wp-json\/wp\/v2\/media?parent=3322887"}],"curies":[{"name":"wp","href":"https:\/\/api.w.org\/{rel}","templated":true}]}}