{"id":3323369,"date":"2026-01-20T15:10:36","date_gmt":"2026-01-20T14:10:36","guid":{"rendered":"http:\/\/10.6.201.155\/?post_type=product&#038;p=52243"},"modified":"2026-04-17T12:02:18","modified_gmt":"2026-04-17T10:02:18","slug":"legante-per-iniezioni-790","status":"publish","type":"product","link":"https:\/\/www.fassabortolo.it\/de\/produkte\/konsolidierungs-und-strukturverstarkungssystem\/injektionsmortel\/legante-per-iniezioni-790","title":{"rendered":"LEGANTE PER INIEZIONI 790"},"content":{"rendered":"","protected":false},"featured_media":0,"template":"","class_list":["post-3323369","product","type-product","status-publish","hentry"],"acf":[],"fimg":{"url":"https:\/\/www.fassabortolo.it\/wp-content\/uploads\/media\/assets\/LEGANTE_PER_INIEZIONI_790.jpg","alt":"LEGANTE PER INIEZIONI 790"},"product_description":["Sulfatbest\u00e4ndiges Bio-Injektionsbindemittel auf der Basis von hydraulischem Naturkalk NHL 3,5, f\u00fcr historisches Mauerwerk"],"ekr_hierarchy_settings":{"it":{"FASSA_LINEA_BOIACCHE_PER_INIEZIONI_SISTEMA_CONSOLIDAMENTO":{"ekr_position":0}},"ch":{"FASSA_LINEA_BOIACCHE_PER_INIEZIONI_SISTEMA_CONSOLIDAMENTO":{"ekr_position":1}},"es":{"FASSAES_LINEA_BOIACCHE_PER_INIEZIONI_SISTEMA_CONSOLIDAMENTO":{"ekr_position":1}},"lu":{"FASSA_LINEA_BOIACCHE_PER_INIEZIONI_SISTEMA_CONSOLIDAMENTO":{"ekr_position":1}}},"lang":{"language_code":"de","locale":"de_DE","text_direction":false,"display_name":"Deutsch","native_name":"Tedesco","different_language":false},"systems":[{"id":3322797,"name":"KONSOLIDIERUNGS- UND STRUKTURVERST\u00c4RKUNGSSYSTEM","permalink":"https:\/\/www.fassabortolo.it\/de\/produkte\/konsolidierungs-und-strukturverstarkungssystem\/","slug":"konsolidierungs-und-strukturverstarkungssystem","ekr_pallet_code":"FASSA_SISTEMA_CONSOLIDAMENTO_E_RINFORZO_STRUTTURALE"}],"product_pallet_code":"PROD_LEGANTE_PER_INIEZIONI_790","lines":[{"id":3322736,"name":"INJEKTIONSM\u00d6RTEL","permalink":"https:\/\/www.fassabortolo.it\/de\/produkte\/\/injektionsmortel\/","slug":"injektionsmortel","system_codes":["FASSA_SISTEMA_CONSOLIDAMENTO_E_RINFORZO_STRUTTURALE"],"ekr_pallet_code":"FASSA_LINEA_BOIACCHE_PER_INIEZIONI_SISTEMA_CONSOLIDAMENTO"}],"use":["LEGANTE PER INIEZIONI 790 wird als Injektionsm\u00f6rtel zur Konsolidierung von Fundamenten und Mauerwerken von historischen Geb\u00e4uden verwendet, einschlie\u00dflich Teilbereiche mit Flickwerk."],"supply":["In feuchtigkeitsgesch\u00fctzten Spezials\u00e4cken zu ca. 25 kg"],"attributes":{"Attributes_1":{"KONSOLIDIERENDE INJEKTIONEN":"Konsolidierende Injektionen"},"Attributes_2":{"AUSSENBEREICH":"Au\u00dfenbereich","INNENBEREICH":"Innenbereich"}},"___attributes":{"FASSAES":{"FASSA_SISTEMA_CONSOLIDAMENTO_E_RINFORZO_STRUTTURALE":{"Attributes_1":["Konsolidierende Injektionen"],"Attributes_2":["Au\u00dfenbereich","Innenbereich"]}},"FASSA":{"FASSA_SISTEMA_CONSOLIDAMENTO_E_RINFORZO_STRUTTURALE":{"Attributes_1":["Konsolidierende Injektionen"],"Attributes_2":["Au\u00dfenbereich","Innenbereich"]}}},"elastic_market_index":"it","structured_data":{"@context":"https:\/\/schema.org","@type":"Product","name":"LEGANTE PER INIEZIONI 790","description":["Sulfatbest\u00e4ndiges Bio-Injektionsbindemittel auf der Basis von hydraulischem Naturkalk NHL 3,5, f\u00fcr historisches Mauerwerk"],"url":"https:\/\/www.fassabortolo.it\/de\/produkte\/konsolidierungs-und-strukturverstarkungssystem\/injektionsmortel\/legante-per-iniezioni-790","identifier":"PROD_LEGANTE_PER_INIEZIONI_790","sku":"PROD_LEGANTE_PER_INIEZIONI_790","image":"https:\/\/www.fassabortolo.it\/wp-content\/uploads\/media\/assets\/LEGANTE_PER_INIEZIONI_790.jpg","brand":{"@type":"Brand","name":"Fassa Bortolo"},"manufacturer":{"@type":"Organization","name":"Fassa Bortolo","url":"https:\/\/www.fassabortolo.it"},"additionalProperty":[{"@type":"PropertyValue","name":"Use Case 1","value":"LEGANTE PER INIEZIONI 790 wird als Injektionsm\u00f6rtel zur Konsolidierung von Fundamenten und Mauerwerken von historischen Geb\u00e4uden verwendet, einschlie\u00dflich Teilbereiche mit Flickwerk."},{"@type":"PropertyValue","name":"Supply Information","value":"In feuchtigkeitsgesch\u00fctzten Spezials\u00e4cken zu ca. 25 kg"},{"@type":"PropertyValue","name":"Attributes_1","value":"Konsolidierende Injektionen"},{"@type":"PropertyValue","name":"Attributes_2","value":"Au\u00dfenbereich"},{"@type":"PropertyValue","name":"Attributes_2","value":"Innenbereich"}],"category":[{"@type":"ProductCollection","name":"INJEKTIONSM\u00d6RTEL","identifier":"FASSA_LINEA_BOIACCHE_PER_INIEZIONI_SISTEMA_CONSOLIDAMENTO"},{"@type":"Collection","name":"KONSOLIDIERUNGS- UND STRUKTURVERST\u00c4RKUNGSSYSTEM","identifier":"FASSA_SISTEMA_CONSOLIDAMENTO_E_RINFORZO_STRUTTURALE"}],"inLanguage":"de"},"_links":{"self":[{"href":"https:\/\/www.fassabortolo.it\/de\/wp-json\/wp\/v2\/product\/3323369","targetHints":{"allow":["GET"]}}],"collection":[{"href":"https:\/\/www.fassabortolo.it\/de\/wp-json\/wp\/v2\/product"}],"about":[{"href":"https:\/\/www.fassabortolo.it\/de\/wp-json\/wp\/v2\/types\/product"}],"wp:attachment":[{"href":"https:\/\/www.fassabortolo.it\/de\/wp-json\/wp\/v2\/media?parent=3323369"}],"curies":[{"name":"wp","href":"https:\/\/api.w.org\/{rel}","templated":true}]}}