{"id":3349531,"date":"2026-01-20T15:00:35","date_gmt":"2026-01-20T14:00:35","guid":{"rendered":"http:\/\/10.6.201.155\/?post_type=product&#038;p=50266"},"modified":"2026-04-22T13:25:49","modified_gmt":"2026-04-22T11:25:49","slug":"a-96-design","status":"publish","type":"product","link":"https:\/\/www.fassabortolo.it\/de\/produkte\/sistema-isolamento-termico-fassatherm\/kleber-und-spachtelmassen\/a-96-design","title":{"rendered":"A 96 DESIGN"},"content":{"rendered":"","protected":false},"featured_media":0,"template":"","class_list":["post-3349531","product","type-product","status-publish","hentry"],"acf":[],"fimg":{"url":"https:\/\/www.fassabortolo.it\/wp-content\/uploads\/media\/assets\/A_96_DESIGN.jpg","alt":"A 96 DESIGN"},"product_description":["Wei\u00dfer, faserverst\u00e4rkter Spachtel mit hoher Verreibbarkeit, f\u00fcr die Systeme Fassatherm<sup>\u00ae<\/sup>"],"ekr_hierarchy_settings":{"it":{"FASSA_LINEA_COLLANTI_E_RASANTI_SISTEMA_ISOLAMENTO":{"ekr_position":1}},"ch":{"FASSA_LINEA_COLLANTI_E_RASANTI_SISTEMA_ISOLAMENTO":{"ekr_position":5}},"lu":{"FASSA_LINEA_COLLANTI_E_RASANTI_SISTEMA_ISOLAMENTO":{"ekr_position":5}}},"lang":{"language_code":"de","locale":"de_DE","text_direction":false,"display_name":"Deutsch","native_name":"Tedesco","different_language":false},"systems":[{"id":3349465,"name":"W\u00c4RMED\u00c4MMVERBUNDSYSTEM FASSATHERM\u00ae","permalink":"https:\/\/www.fassabortolo.it\/de\/produkte\/sistema-isolamento-termico-fassatherm\/","slug":"sistema-isolamento-termico-fassatherm","ekr_pallet_code":"FASSA_SISTEMA_ISOLAMENTO_TERMICO_FASSATHERM"}],"product_pallet_code":"PROD_A_96_DESIGN","lines":[{"id":3349402,"name":"KLEBER UND SPACHTELMASSEN","permalink":"https:\/\/www.fassabortolo.it\/de\/produkte\/\/kleber-und-spachtelmassen\/","slug":"kleber-und-spachtelmassen","system_codes":["FASSA_SISTEMA_ISOLAMENTO_TERMICO_FASSATHERM"],"ekr_pallet_code":"FASSA_LINEA_COLLANTI_E_RASANTI_SISTEMA_ISOLAMENTO"}],"use":["A 96 DESIGN wird bei W\u00e4rmed\u00e4mmverbundsystemen zum Verkleben und Spachteln von aus Bl\u00f6cken zugeschnittenen oder formgepressten EPS-Platten verwendet sowie von D\u00e4mmplatten aus mineralischer Steinwolle. &nbsp; Es wird verwendet zum Armierspachteln von konsistenten saugenden und nicht saugenden Oberfl\u00e4chen (wie Beton, resistente und gut haftende Putze). &nbsp; Dar\u00fcber hinaus kann A 96 DESIGN zum Armierspachteln von konsistenten Farbanstrichen und plastischen Verkleidungen verwendet werden, welche gut am Untergrund anhaften und von passender Rauheit aufweisen."],"supply":["In feuchtigkeitsgesch\u00fctzten Spezials\u00e4cken zu ca. 25 kg"],"attributes":{"Attributes_1":[],"Attributes_2":{"AUSSENBEREICH":"Au\u00dfenbereich"}},"___attributes":{"FASSA":{"FASSA_SISTEMA_ISOLAMENTO_TERMICO_FASSATHERM":{"Attributes_2":["Au\u00dfenbereich"]}}},"elastic_market_index":"it","structured_data":{"@context":"https:\/\/schema.org","@type":"Product","name":"A 96 DESIGN","description":["Wei\u00dfer, faserverst\u00e4rkter Spachtel mit hoher Verreibbarkeit, f\u00fcr die Systeme Fassatherm<sup>\u00ae<\/sup>"],"url":"https:\/\/www.fassabortolo.it\/de\/produkte\/sistema-isolamento-termico-fassatherm\/kleber-und-spachtelmassen\/a-96-design","identifier":"PROD_A_96_DESIGN","sku":"PROD_A_96_DESIGN","image":"https:\/\/www.fassabortolo.it\/wp-content\/uploads\/media\/assets\/A_96_DESIGN.jpg","brand":{"@type":"Brand","name":"Fassa Bortolo"},"manufacturer":{"@type":"Organization","name":"Fassa Bortolo","url":"https:\/\/www.fassabortolo.it"},"additionalProperty":[{"@type":"PropertyValue","name":"Use Case 1","value":"A 96 DESIGN wird bei W\u00e4rmed\u00e4mmverbundsystemen zum Verkleben und Spachteln von aus Bl\u00f6cken zugeschnittenen oder formgepressten EPS-Platten verwendet sowie von D\u00e4mmplatten aus mineralischer Steinwolle. &nbsp; Es wird verwendet zum Armierspachteln von konsistenten saugenden und nicht saugenden Oberfl\u00e4chen (wie Beton, resistente und gut haftende Putze). &nbsp; Dar\u00fcber hinaus kann A 96 DESIGN zum Armierspachteln von konsistenten Farbanstrichen und plastischen Verkleidungen verwendet werden, welche gut am Untergrund anhaften und von passender Rauheit aufweisen."},{"@type":"PropertyValue","name":"Supply Information","value":"In feuchtigkeitsgesch\u00fctzten Spezials\u00e4cken zu ca. 25 kg"},{"@type":"PropertyValue","name":"Attributes_2","value":"Au\u00dfenbereich"}],"category":[{"@type":"ProductCollection","name":"KLEBER UND SPACHTELMASSEN","identifier":"FASSA_LINEA_COLLANTI_E_RASANTI_SISTEMA_ISOLAMENTO"},{"@type":"Collection","name":"W\u00c4RMED\u00c4MMVERBUNDSYSTEM FASSATHERM\u00ae","identifier":"FASSA_SISTEMA_ISOLAMENTO_TERMICO_FASSATHERM"}],"inLanguage":"de"},"_links":{"self":[{"href":"https:\/\/www.fassabortolo.it\/de\/wp-json\/wp\/v2\/product\/3349531","targetHints":{"allow":["GET"]}}],"collection":[{"href":"https:\/\/www.fassabortolo.it\/de\/wp-json\/wp\/v2\/product"}],"about":[{"href":"https:\/\/www.fassabortolo.it\/de\/wp-json\/wp\/v2\/types\/product"}],"wp:attachment":[{"href":"https:\/\/www.fassabortolo.it\/de\/wp-json\/wp\/v2\/media?parent=3349531"}],"curies":[{"name":"wp","href":"https:\/\/api.w.org\/{rel}","templated":true}]}}