{"id":3350493,"date":"2026-02-23T10:57:44","date_gmt":"2026-02-23T09:57:44","guid":{"rendered":"http:\/\/10.6.201.155\/?post_type=product&#038;p=54123"},"modified":"2026-04-22T13:26:09","modified_gmt":"2026-04-22T11:26:09","slug":"basecoll-mono","status":"publish","type":"product","link":"https:\/\/www.fassabortolo.it\/de\/produkte\/sistema-isolamento-termico-fassatherm\/kleber-und-spachtelmassen\/basecoll-mono","title":{"rendered":"BASECOLL MONO"},"content":{"rendered":"","protected":false},"featured_media":0,"template":"","class_list":["post-3350493","product","type-product","status-publish","hentry"],"acf":[],"fimg":{"url":"https:\/\/www.fassabortolo.it\/wp-content\/uploads\/media\/assets\/BASECOLL_MONO.jpg","alt":"BASECOLL MONO"},"product_description":["Dichtspachtel und Kleber f\u00fcr EPS-Sockeld\u00e4mmplatten"],"ekr_hierarchy_settings":{"it":{"FASSA_LINEA_COLLANTI_E_RASANTI_SISTEMA_ISOLAMENTO":{"ekr_position":7}},"ch":{"FASSA_LINEA_COLLANTI_E_RASANTI_SISTEMA_ISOLAMENTO":{"ekr_position":3}},"lu":{"FASSA_LINEA_COLLANTI_E_RASANTI_SISTEMA_ISOLAMENTO":{"ekr_position":3}}},"lang":{"language_code":"de","locale":"de_DE","text_direction":false,"display_name":"Deutsch","native_name":"Tedesco","different_language":false},"systems":[{"id":3349465,"name":"W\u00c4RMED\u00c4MMVERBUNDSYSTEM FASSATHERM\u00ae","permalink":"https:\/\/www.fassabortolo.it\/de\/produkte\/sistema-isolamento-termico-fassatherm\/","slug":"sistema-isolamento-termico-fassatherm","ekr_pallet_code":"FASSA_SISTEMA_ISOLAMENTO_TERMICO_FASSATHERM"}],"product_pallet_code":"PROD_BASECOLL_MONO","lines":[{"id":3349402,"name":"KLEBER UND SPACHTELMASSEN","permalink":"https:\/\/www.fassabortolo.it\/de\/produkte\/\/kleber-und-spachtelmassen\/","slug":"kleber-und-spachtelmassen","system_codes":["FASSA_SISTEMA_ISOLAMENTO_TERMICO_FASSATHERM"],"ekr_pallet_code":"FASSA_LINEA_COLLANTI_E_RASANTI_SISTEMA_ISOLAMENTO"}],"use":["BASECOLL MONO wird verwendet zum Kleben und Spachteln von Sockeld\u00e4mmplatten bei einem WDVS."],"supply":["In feuchtigkeitsgesch\u00fctzten Spezials\u00e4cken zu ca. 25 kg"],"attributes":{"Attributes_1":[],"Attributes_2":{"AUSSENBEREICH":"Au\u00dfenbereich"}},"___attributes":{"FASSA":{"FASSA_SISTEMA_ISOLAMENTO_TERMICO_FASSATHERM":{"Attributes_2":["Au\u00dfenbereich"]}}},"elastic_market_index":"it","structured_data":{"@context":"https:\/\/schema.org","@type":"Product","name":"BASECOLL MONO","description":["Dichtspachtel und Kleber f\u00fcr EPS-Sockeld\u00e4mmplatten"],"url":"https:\/\/www.fassabortolo.it\/de\/produkte\/sistema-isolamento-termico-fassatherm\/kleber-und-spachtelmassen\/basecoll-mono","identifier":"PROD_BASECOLL_MONO","sku":"PROD_BASECOLL_MONO","image":"https:\/\/www.fassabortolo.it\/wp-content\/uploads\/media\/assets\/BASECOLL_MONO.jpg","brand":{"@type":"Brand","name":"Fassa Bortolo"},"manufacturer":{"@type":"Organization","name":"Fassa Bortolo","url":"https:\/\/www.fassabortolo.it"},"additionalProperty":[{"@type":"PropertyValue","name":"Use Case 1","value":"BASECOLL MONO wird verwendet zum Kleben und Spachteln von Sockeld\u00e4mmplatten bei einem WDVS."},{"@type":"PropertyValue","name":"Supply Information","value":"In feuchtigkeitsgesch\u00fctzten Spezials\u00e4cken zu ca. 25 kg"},{"@type":"PropertyValue","name":"Attributes_2","value":"Au\u00dfenbereich"}],"category":[{"@type":"ProductCollection","name":"KLEBER UND SPACHTELMASSEN","identifier":"FASSA_LINEA_COLLANTI_E_RASANTI_SISTEMA_ISOLAMENTO"},{"@type":"Collection","name":"W\u00c4RMED\u00c4MMVERBUNDSYSTEM FASSATHERM\u00ae","identifier":"FASSA_SISTEMA_ISOLAMENTO_TERMICO_FASSATHERM"}],"inLanguage":"de"},"_links":{"self":[{"href":"https:\/\/www.fassabortolo.it\/de\/wp-json\/wp\/v2\/product\/3350493","targetHints":{"allow":["GET"]}}],"collection":[{"href":"https:\/\/www.fassabortolo.it\/de\/wp-json\/wp\/v2\/product"}],"about":[{"href":"https:\/\/www.fassabortolo.it\/de\/wp-json\/wp\/v2\/types\/product"}],"wp:attachment":[{"href":"https:\/\/www.fassabortolo.it\/de\/wp-json\/wp\/v2\/media?parent=3350493"}],"curies":[{"name":"wp","href":"https:\/\/api.w.org\/{rel}","templated":true}]}}