{"id":3397757,"date":"2026-01-23T11:53:06","date_gmt":"2026-01-23T10:53:06","guid":{"rendered":"http:\/\/10.6.201.155\/?post_type=product&#038;p=53611"},"modified":"2026-04-28T10:59:41","modified_gmt":"2026-04-28T08:59:41","slug":"ad-8","status":"publish","type":"product","link":"https:\/\/www.fassabortolo.it\/de\/produkte\/verlegesystem-fur-boden-und-wandbelage\/fassacol-klebstoffe\/ad-8","title":{"rendered":"AD 8"},"content":{"rendered":"","protected":false},"featured_media":0,"template":"","class_list":["post-3397757","product","type-product","status-publish","hentry"],"acf":[],"fimg":{"url":"https:\/\/www.fassabortolo.it\/wp-content\/uploads\/media\/assets\/AD_8.jpg","alt":"AD 8"},"product_description":["Wei\u00dfer und grauer Einkomponenten-Kleber f\u00fcr Boden- und Wandbel\u00e4ge im Innen- wie im Au\u00dfenbereich"],"ekr_hierarchy_settings":{"it":{"FASSA_LINEA_FASSACOL_ADESIVI_SISTEMA_POSA":{"ekr_position":8}},"lu":{"FASSA_LINEA_FASSACOL_ADESIVI_SISTEMA_POSA":{"ekr_position":13}}},"lang":{"language_code":"de","locale":"de_DE","text_direction":false,"display_name":"Deutsch","native_name":"Tedesco","different_language":false},"systems":[{"id":3396851,"name":"VERLEGESYSTEM F\u00dcR BODEN- UND WANDBEL\u00c4GE","permalink":"https:\/\/www.fassabortolo.it\/de\/produkte\/verlegesystem-fur-boden-und-wandbelage\/","slug":"verlegesystem-fur-boden-und-wandbelage","ekr_pallet_code":"FASSA_SISTEMA_POSA_PAVIMENTI_E_RIVESTIMENTI"}],"product_pallet_code":"PROD_AD_8","lines":[{"id":3396786,"name":"FASSACOL &#8211; KLEBSTOFFE","permalink":"https:\/\/www.fassabortolo.it\/de\/produkte\/\/fassacol-klebstoffe\/","slug":"fassacol-klebstoffe","system_codes":["FASSA_SISTEMA_POSA_PAVIMENTI_E_RIVESTIMENTI"],"ekr_pallet_code":"FASSA_LINEA_FASSACOL_ADESIVI_SISTEMA_POSA"}],"use":["AD 8 wird im Innenbereich an Boden und W\u00e4nden zum Verkleben von Keramikfliesen, kleinformatigem Keramikmosaik, Steinzeug, Cotto usw. auf Grundputzen auf Kalk-, Zement- oder Gipsbasis, auf Putzm\u00f6rteln, auf gut ausgeh\u00e4rteten und trockenen Estrichen auf Zement- oder Anhydritbasis sowie auf gut ausgeh\u00e4rteten und durchbiegefreien Betonsohlen verwendet.","<\/br> In \u00dcbereinstimmung mit der Verlegenorm UNI 11493-1 ist f\u00fcr jeglichen Einsatz eines Klebers mit der Einstufung C2 laut EN 12004 der elastifiziertende FASSACOL LATEX S2 (Einstufung C2E S 2 laut EN 12004) zu verwenden."],"supply":["AD 8 Wei\u00df: &nbsp; in feuchtigkeitsgesch\u00fctzten Spezials\u00e4cken zu ca. 25 kg und S\u00e4ckchen zu ca. 5 kg in Kartonschachteln zu jeweils 5 St\u00fcck","AD 8 Grau: &nbsp; in feuchtigkeitsgesch\u00fctzten Spezials\u00e4cken zu ca. 25 kg"],"attributes":{"Attributes_1":{"ZEMENTGEBUNDENE KLEBSTOFFE MIT NORMALEM ABBINDEN":"Zementgebundene Klebstoffe mit normalem Abbinden"},"Attributes_2":{"AUSSENBEREICH":"Au\u00dfenbereich","INNENBEREICH":"Innenbereich"}},"___attributes":{"FASSA":{"FASSA_SISTEMA_POSA_PAVIMENTI_E_RIVESTIMENTI":{"Attributes_1":["Zementgebundene Klebstoffe mit normalem Abbinden"],"Attributes_2":["Au\u00dfenbereich","Innenbereich"]}}},"elastic_market_index":"it","structured_data":{"@context":"https:\/\/schema.org","@type":"Product","name":"AD 8","description":["Wei\u00dfer und grauer Einkomponenten-Kleber f\u00fcr Boden- und Wandbel\u00e4ge im Innen- wie im Au\u00dfenbereich"],"url":"https:\/\/www.fassabortolo.it\/de\/produkte\/verlegesystem-fur-boden-und-wandbelage\/fassacol-klebstoffe\/ad-8","identifier":"PROD_AD_8","sku":"PROD_AD_8","image":"https:\/\/www.fassabortolo.it\/wp-content\/uploads\/media\/assets\/AD_8.jpg","brand":{"@type":"Brand","name":"Fassa Bortolo"},"manufacturer":{"@type":"Organization","name":"Fassa Bortolo","url":"https:\/\/www.fassabortolo.it"},"additionalProperty":[{"@type":"PropertyValue","name":"Use Case 1","value":"AD 8 wird im Innenbereich an Boden und W\u00e4nden zum Verkleben von Keramikfliesen, kleinformatigem Keramikmosaik, Steinzeug, Cotto usw. auf Grundputzen auf Kalk-, Zement- oder Gipsbasis, auf Putzm\u00f6rteln, auf gut ausgeh\u00e4rteten und trockenen Estrichen auf Zement- oder Anhydritbasis sowie auf gut ausgeh\u00e4rteten und durchbiegefreien Betonsohlen verwendet."},{"@type":"PropertyValue","name":"Use Case 2","value":"<\/br> In \u00dcbereinstimmung mit der Verlegenorm UNI 11493-1 ist f\u00fcr jeglichen Einsatz eines Klebers mit der Einstufung C2 laut EN 12004 der elastifiziertende FASSACOL LATEX S2 (Einstufung C2E S 2 laut EN 12004) zu verwenden."},{"@type":"PropertyValue","name":"Supply Information","value":"AD 8 Wei\u00df: &nbsp; in feuchtigkeitsgesch\u00fctzten Spezials\u00e4cken zu ca. 25 kg und S\u00e4ckchen zu ca. 5 kg in Kartonschachteln zu jeweils 5 St\u00fcck"},{"@type":"PropertyValue","name":"Supply Information","value":"AD 8 Grau: &nbsp; in feuchtigkeitsgesch\u00fctzten Spezials\u00e4cken zu ca. 25 kg"},{"@type":"PropertyValue","name":"Attributes_1","value":"Zementgebundene Klebstoffe mit normalem Abbinden"},{"@type":"PropertyValue","name":"Attributes_2","value":"Au\u00dfenbereich"},{"@type":"PropertyValue","name":"Attributes_2","value":"Innenbereich"}],"category":[{"@type":"ProductCollection","name":"FASSACOL &#8211; KLEBSTOFFE","identifier":"FASSA_LINEA_FASSACOL_ADESIVI_SISTEMA_POSA"},{"@type":"Collection","name":"VERLEGESYSTEM F\u00dcR BODEN- UND WANDBEL\u00c4GE","identifier":"FASSA_SISTEMA_POSA_PAVIMENTI_E_RIVESTIMENTI"}],"inLanguage":"de"},"_links":{"self":[{"href":"https:\/\/www.fassabortolo.it\/de\/wp-json\/wp\/v2\/product\/3397757","targetHints":{"allow":["GET"]}}],"collection":[{"href":"https:\/\/www.fassabortolo.it\/de\/wp-json\/wp\/v2\/product"}],"about":[{"href":"https:\/\/www.fassabortolo.it\/de\/wp-json\/wp\/v2\/types\/product"}],"wp:attachment":[{"href":"https:\/\/www.fassabortolo.it\/de\/wp-json\/wp\/v2\/media?parent=3397757"}],"curies":[{"name":"wp","href":"https:\/\/api.w.org\/{rel}","templated":true}]}}