{"id":3412956,"date":"2026-01-20T15:02:38","date_gmt":"2026-01-20T14:02:38","guid":{"rendered":"http:\/\/10.6.201.155\/?post_type=product&#038;p=50614"},"modified":"2026-04-30T12:58:15","modified_gmt":"2026-04-30T10:58:15","slug":"fassacouche","status":"publish","type":"product","link":"https:\/\/www.fassabortolo.it\/de\/produkte\/verputz-und-bausystem\/produkte-auf-basis-von-luftkalk\/fassacouche","title":{"rendered":"FASSACOUCHE"},"content":{"rendered":"","protected":false},"featured_media":0,"template":"","class_list":["post-3412956","product","type-product","status-publish","hentry"],"acf":[],"fimg":{"url":"https:\/\/www.fassabortolo.it\/wp-content\/uploads\/media\/assets\/FASSACOUCHE.jpg","alt":"FASSACOUCHE"},"product_description":["Farbiger halbleichter Einschichtputz f\u00fcr den Fassadenschutz und die Fassadendekorierung"],"ekr_hierarchy_settings":{"it":{"FASSA_LINEA_PRODOTTI_A_BASE_CALCE_AEREA_SISTEMA_INTONACATURA":{"ekr_position":5}},"ch":{"FASSA_LINEA_PRODOTTI_A_BASE_CALCE_AEREA_SISTEMA_INTONACATURA":{"ekr_position":0}},"lu":{"FASSA_LINEA_PRODOTTI_A_BASE_CALCE_AEREA_SISTEMA_INTONACATURA":{"ekr_position":0}}},"lang":{"language_code":"de","locale":"de_DE","text_direction":false,"display_name":"Deutsch","native_name":"Tedesco","different_language":false},"systems":[{"id":3412803,"name":"VERPUTZ- UND BAUSYSTEM","permalink":"https:\/\/www.fassabortolo.it\/de\/produkte\/verputz-und-bausystem\/","slug":"verputz-und-bausystem","ekr_pallet_code":"FASSA_SISTEMA_INTONACATURA_E_COSTRUZIONE"}],"product_pallet_code":"PROD_FASSACOUCHE","lines":[{"id":3412758,"name":"PRODUKTE AUF BASIS VON LUFTKALK","permalink":"https:\/\/www.fassabortolo.it\/de\/produkte\/\/produkte-auf-basis-von-luftkalk\/","slug":"produkte-auf-basis-von-luftkalk","system_codes":["FASSA_SISTEMA_INTONACATURA_E_COSTRUZIONE"],"ekr_pallet_code":"FASSA_LINEA_PRODOTTI_A_BASE_CALCE_AEREA_SISTEMA_INTONACATURA"}],"use":["FASSACOUCHE wird als in Masse eingef\u00e4rbter Einschicht-Maschinenputz f\u00fcr den Innen- und Au\u00dfenbereich verwendet, auf Ziegelstein-, Stein- oder Mischmauerwerken, auf Betonbl\u00f6cken und Rohbeton.","FASSACOUCHE ist das ideales Produkt f\u00fcr all jene Arbeiten, die einen unkonventionellen \u00c4sthetikeffekt verlangen. &nbsp; Durch eine fachgerecht ausgef\u00fchrte Anwendung und die f\u00fcr ein derart besonderes Produkt wie FASSACOUCHE unverzichtbare Umsicht, erh\u00e4lt man ein in verschiedenen Situationen ver\u00e4nderliches Endergebnis, das sich durch Raffinesse und Einzigartigkeit auszeichnet."],"supply":["In feuchtigkeitsgesch\u00fctzten Spezials\u00e4cken zu 25 kg","In 19 Farbt\u00f6nen erh\u00e4ltliches Produkt (siehe Tabelle \"Farbtonauswahl\")"],"attributes":{"Attributes_1":{"MEHRZWECKPRODUKTE":"Mehrzweckprodukte"},"Attributes_2":{"AUSSENBEREICH":"Au\u00dfenbereich","INNENBEREICH":"Innenbereich"}},"___attributes":{"FASSAES":{"FASSA_SISTEMA_INTONACATURA_E_COSTRUZIONE":{"Attributes_1":["Mehrzweckprodukte"],"Attributes_2":["Au\u00dfenbereich","Innenbereich"]}},"FASSA":{"FASSA_SISTEMA_INTONACATURA_E_COSTRUZIONE":{"Attributes_1":["Mehrzweckprodukte"],"Attributes_2":["Au\u00dfenbereich","Innenbereich"]}}},"elastic_market_index":"it","structured_data":{"@context":"https:\/\/schema.org","@type":"Product","name":"FASSACOUCHE","description":["Farbiger halbleichter Einschichtputz f\u00fcr den Fassadenschutz und die Fassadendekorierung"],"url":"https:\/\/www.fassabortolo.it\/de\/produkte\/verputz-und-bausystem\/produkte-auf-basis-von-luftkalk\/fassacouche","identifier":"PROD_FASSACOUCHE","sku":"PROD_FASSACOUCHE","image":"https:\/\/www.fassabortolo.it\/wp-content\/uploads\/media\/assets\/FASSACOUCHE.jpg","brand":{"@type":"Brand","name":"Fassa Bortolo"},"manufacturer":{"@type":"Organization","name":"Fassa Bortolo","url":"https:\/\/www.fassabortolo.it"},"additionalProperty":[{"@type":"PropertyValue","name":"Use Case 1","value":"FASSACOUCHE wird als in Masse eingef\u00e4rbter Einschicht-Maschinenputz f\u00fcr den Innen- und Au\u00dfenbereich verwendet, auf Ziegelstein-, Stein- oder Mischmauerwerken, auf Betonbl\u00f6cken und Rohbeton."},{"@type":"PropertyValue","name":"Use Case 2","value":"FASSACOUCHE ist das ideales Produkt f\u00fcr all jene Arbeiten, die einen unkonventionellen \u00c4sthetikeffekt verlangen. &nbsp; Durch eine fachgerecht ausgef\u00fchrte Anwendung und die f\u00fcr ein derart besonderes Produkt wie FASSACOUCHE unverzichtbare Umsicht, erh\u00e4lt man ein in verschiedenen Situationen ver\u00e4nderliches Endergebnis, das sich durch Raffinesse und Einzigartigkeit auszeichnet."},{"@type":"PropertyValue","name":"Supply Information","value":"In feuchtigkeitsgesch\u00fctzten Spezials\u00e4cken zu 25 kg"},{"@type":"PropertyValue","name":"Supply Information","value":"In 19 Farbt\u00f6nen erh\u00e4ltliches Produkt (siehe Tabelle \"Farbtonauswahl\")"},{"@type":"PropertyValue","name":"Attributes_1","value":"Mehrzweckprodukte"},{"@type":"PropertyValue","name":"Attributes_2","value":"Au\u00dfenbereich"},{"@type":"PropertyValue","name":"Attributes_2","value":"Innenbereich"}],"category":[{"@type":"ProductCollection","name":"PRODUKTE AUF BASIS VON LUFTKALK","identifier":"FASSA_LINEA_PRODOTTI_A_BASE_CALCE_AEREA_SISTEMA_INTONACATURA"},{"@type":"Collection","name":"VERPUTZ- UND BAUSYSTEM","identifier":"FASSA_SISTEMA_INTONACATURA_E_COSTRUZIONE"}],"inLanguage":"de"},"_links":{"self":[{"href":"https:\/\/www.fassabortolo.it\/de\/wp-json\/wp\/v2\/product\/3412956","targetHints":{"allow":["GET"]}}],"collection":[{"href":"https:\/\/www.fassabortolo.it\/de\/wp-json\/wp\/v2\/product"}],"about":[{"href":"https:\/\/www.fassabortolo.it\/de\/wp-json\/wp\/v2\/types\/product"}],"wp:attachment":[{"href":"https:\/\/www.fassabortolo.it\/de\/wp-json\/wp\/v2\/media?parent=3412956"}],"curies":[{"name":"wp","href":"https:\/\/api.w.org\/{rel}","templated":true}]}}