{"id":3413001,"date":"2026-01-20T15:03:54","date_gmt":"2026-01-20T14:03:54","guid":{"rendered":"http:\/\/10.6.201.155\/?post_type=product&#038;p=50794"},"modified":"2026-04-30T12:58:53","modified_gmt":"2026-04-30T10:58:53","slug":"fassanet-160","status":"publish","type":"product","link":"https:\/\/www.fassabortolo.it\/de\/produkte\/verputz-und-bausystem\/gewebe-und-zubehor\/fassanet-160","title":{"rendered":"FASSANET 160"},"content":{"rendered":"","protected":false},"featured_media":0,"template":"","class_list":["post-3413001","product","type-product","status-publish","hentry"],"acf":[],"fimg":{"url":"https:\/\/www.fassabortolo.it\/wp-content\/uploads\/media\/assets\/FASSANET_160.jpg","alt":"FASSANET 160"},"product_description":["Armierungsgewebe zu 160 g\/m\u00b2 aus alkalibest\u00e4ndiger Glasfaser"],"ekr_hierarchy_settings":{"it":{"FASSA_LINEA_RETI_E_ACCESSORI_SISTEMA_INTONACATURA":{"ekr_position":5},"FASSA_LINEA_AQUAZIP_IMPERMEABILIZZANTI_SISTEMA_POSA":{"ekr_position":15},"FASSA_LINEA_RETI_SISTEMA_ISOLAMENTO":{"ekr_position":1}},"ch":{"FASSA_LINEA_RETI_E_ACCESSORI_SISTEMA_INTONACATURA":{"ekr_position":0},"FASSA_LINEA_AQUAZIP_IMPERMEABILIZZANTI_SISTEMA_POSA":{"ekr_position":5},"FASSA_LINEA_RETI_SISTEMA_ISOLAMENTO":{"ekr_position":0}},"es":{"FASSAES_LINEA_RETI_SISTEMA_ISOLAMENTO":{"ekr_position":0},"FASSAES_LINEA_AQUAZIP_IMPERMEABILIZZANTI_SISTEMA_POSA":{"ekr_position":4}},"lu":{"FASSA_LINEA_RETI_E_ACCESSORI_SISTEMA_INTONACATURA":{"ekr_position":0},"FASSA_LINEA_AQUAZIP_IMPERMEABILIZZANTI_SISTEMA_POSA":{"ekr_position":5},"FASSA_LINEA_RETI_SISTEMA_ISOLAMENTO":{"ekr_position":0}}},"lang":{"language_code":"de","locale":"de_DE","text_direction":false,"display_name":"Deutsch","native_name":"Tedesco","different_language":false},"systems":[{"id":3412802,"name":"W\u00c4RMED\u00c4MMVERBUNDSYSTEM FASSATHERM\u00ae","permalink":"https:\/\/www.fassabortolo.it\/de\/produkte\/sistema-isolamento-termico-fassatherm\/","slug":"sistema-isolamento-termico-fassatherm","ekr_pallet_code":"FASSA_SISTEMA_ISOLAMENTO_TERMICO_FASSATHERM"},{"id":3412803,"name":"VERPUTZ- UND BAUSYSTEM","permalink":"https:\/\/www.fassabortolo.it\/de\/produkte\/verputz-und-bausystem\/","slug":"verputz-und-bausystem","ekr_pallet_code":"FASSA_SISTEMA_INTONACATURA_E_COSTRUZIONE"},{"id":3412800,"name":"VERLEGESYSTEM F\u00dcR BODEN- UND WANDBEL\u00c4GE","permalink":"https:\/\/www.fassabortolo.it\/de\/produkte\/verlegesystem-fur-boden-und-wandbelage\/","slug":"verlegesystem-fur-boden-und-wandbelage","ekr_pallet_code":"FASSA_SISTEMA_POSA_PAVIMENTI_E_RIVESTIMENTI"}],"product_pallet_code":"PROD_FASSANET_160","lines":[{"id":3413836,"name":"GEWEBE UND ZUBEH\u00d6R","permalink":"https:\/\/www.fassabortolo.it\/de\/produkte\/\/gewebe-und-zubehor\/","slug":"gewebe-und-zubehor","system_codes":["FASSA_SISTEMA_INTONACATURA_E_COSTRUZIONE"],"ekr_pallet_code":"FASSA_LINEA_RETI_E_ACCESSORI_SISTEMA_INTONACATURA"},{"id":3412778,"name":"BEWEHRUNGSMATTEN","permalink":"https:\/\/www.fassabortolo.it\/de\/produkte\/\/bewehrungsmatten\/","slug":"bewehrungsmatten","system_codes":["FASSA_SISTEMA_ISOLAMENTO_TERMICO_FASSATHERM"],"ekr_pallet_code":"FASSA_LINEA_RETI_SISTEMA_ISOLAMENTO"},{"id":3412733,"name":"AQUAZIP\u00ae &#8211; WASSERUNDURCHL\u00c4SSIGE DICHTSTOFFE","permalink":"https:\/\/www.fassabortolo.it\/de\/produkte\/\/aquazip-wasserundurchlassige-dichtstoffe\/","slug":"aquazip-wasserundurchlassige-dichtstoffe","system_codes":["FASSA_SISTEMA_POSA_PAVIMENTI_E_RIVESTIMENTI"],"ekr_pallet_code":"FASSA_LINEA_AQUAZIP_IMPERMEABILIZZANTI_SISTEMA_POSA"}],"use":["FASSANET 160 &nbsp; muss zur Bewehrung von Spachtelschichten auf Putzen oder W\u00e4rmed\u00e4mmplatten verwendet werden, und zwar vor dem Aufbringen der Endbeschichtung.","Ferner wird es zum Auftragen von Dichtmassen des Typs AQUAZIP verwendet. &nbsp; Diese Ma\u00dfnahme minimiert, sofern das Produkt auf stark beanspruchten Bereichen oder jedenfalls beim Auftreten gr\u00f6\u00dferer Rissbildungen verarbeitet wird, das Auftreten von Mirkorissen, welche die Dichtheit der Dichtmasse beeintr\u00e4chtigen k\u00f6nnen.","Das Gewebe FASSANET 160 verleiht dem System ad\u00e4quate Sto\u00dffestigkeit und tritt zudem den von Temperaturschwankungen und Materialschwund verursachten Spannungen entgegen, um der Bildung von Rissen und Haarrissen vorzubeugen."],"supply":["Rollen zu 50 m L\u00e4nge und 1 m Breite."],"attributes":{"Attributes_1":{"ZUBEH\u00d6RTEILE":"Zubeh\u00f6rteile"},"Attributes_2":{"AUSSENBEREICH":"Au\u00dfenbereich","INNENBEREICH":"Innenbereich"}},"___attributes":{"FASSAES":{"FASSA_SISTEMA_POSA_PAVIMENTI_E_RIVESTIMENTI":{"Attributes_1":["Zubeh\u00f6rteile"],"Attributes_2":["Au\u00dfenbereich","Innenbereich"]},"FASSA_SISTEMA_ISOLAMENTO_TERMICO_FASSATHERM":{"Attributes_2":["Au\u00dfenbereich","Innenbereich"]}},"FASSA":{"FASSA_SISTEMA_POSA_PAVIMENTI_E_RIVESTIMENTI":{"Attributes_1":["Zubeh\u00f6rteile"],"Attributes_2":["Au\u00dfenbereich","Innenbereich"]},"FASSA_SISTEMA_ISOLAMENTO_TERMICO_FASSATHERM":{"Attributes_2":["Au\u00dfenbereich","Innenbereich"]},"FASSA_SISTEMA_INTONACATURA_E_COSTRUZIONE":{"Attributes_2":["Au\u00dfenbereich","Innenbereich"]}}},"elastic_market_index":"it","structured_data":{"@context":"https:\/\/schema.org","@type":"Product","name":"FASSANET 160","description":["Armierungsgewebe zu 160 g\/m\u00b2 aus alkalibest\u00e4ndiger Glasfaser"],"url":"https:\/\/www.fassabortolo.it\/de\/produkte\/verputz-und-bausystem\/gewebe-und-zubehor\/fassanet-160","identifier":"PROD_FASSANET_160","sku":"PROD_FASSANET_160","image":"https:\/\/www.fassabortolo.it\/wp-content\/uploads\/media\/assets\/FASSANET_160.jpg","brand":{"@type":"Brand","name":"Fassa Bortolo"},"manufacturer":{"@type":"Organization","name":"Fassa Bortolo","url":"https:\/\/www.fassabortolo.it"},"additionalProperty":[{"@type":"PropertyValue","name":"Use Case 1","value":"FASSANET 160 &nbsp; muss zur Bewehrung von Spachtelschichten auf Putzen oder W\u00e4rmed\u00e4mmplatten verwendet werden, und zwar vor dem Aufbringen der Endbeschichtung."},{"@type":"PropertyValue","name":"Use Case 2","value":"Ferner wird es zum Auftragen von Dichtmassen des Typs AQUAZIP verwendet. &nbsp; Diese Ma\u00dfnahme minimiert, sofern das Produkt auf stark beanspruchten Bereichen oder jedenfalls beim Auftreten gr\u00f6\u00dferer Rissbildungen verarbeitet wird, das Auftreten von Mirkorissen, welche die Dichtheit der Dichtmasse beeintr\u00e4chtigen k\u00f6nnen."},{"@type":"PropertyValue","name":"Use Case 3","value":"Das Gewebe FASSANET 160 verleiht dem System ad\u00e4quate Sto\u00dffestigkeit und tritt zudem den von Temperaturschwankungen und Materialschwund verursachten Spannungen entgegen, um der Bildung von Rissen und Haarrissen vorzubeugen."},{"@type":"PropertyValue","name":"Supply Information","value":"Rollen zu 50 m L\u00e4nge und 1 m Breite."},{"@type":"PropertyValue","name":"Attributes_1","value":"Zubeh\u00f6rteile"},{"@type":"PropertyValue","name":"Attributes_2","value":"Au\u00dfenbereich"},{"@type":"PropertyValue","name":"Attributes_2","value":"Innenbereich"},{"@type":"PropertyValue","name":"Attributes_2","value":"Au\u00dfenbereich"},{"@type":"PropertyValue","name":"Attributes_2","value":"Innenbereich"},{"@type":"PropertyValue","name":"Attributes_2","value":"Au\u00dfenbereich"},{"@type":"PropertyValue","name":"Attributes_2","value":"Innenbereich"}],"category":[{"@type":"ProductCollection","name":"GEWEBE UND ZUBEH\u00d6R","identifier":"FASSA_LINEA_RETI_E_ACCESSORI_SISTEMA_INTONACATURA"},{"@type":"ProductCollection","name":"AQUAZIP\u00ae &#8211; WASSERUNDURCHL\u00c4SSIGE DICHTSTOFFE","identifier":"FASSA_LINEA_AQUAZIP_IMPERMEABILIZZANTI_SISTEMA_POSA"},{"@type":"ProductCollection","name":"BEWEHRUNGSMATTEN","identifier":"FASSA_LINEA_RETI_SISTEMA_ISOLAMENTO"},{"@type":"Collection","name":"VERPUTZ- UND BAUSYSTEM","identifier":"FASSA_SISTEMA_INTONACATURA_E_COSTRUZIONE"},{"@type":"Collection","name":"VERLEGESYSTEM F\u00dcR BODEN- UND WANDBEL\u00c4GE","identifier":"FASSA_SISTEMA_POSA_PAVIMENTI_E_RIVESTIMENTI"},{"@type":"Collection","name":"W\u00c4RMED\u00c4MMVERBUNDSYSTEM FASSATHERM\u00ae","identifier":"FASSA_SISTEMA_ISOLAMENTO_TERMICO_FASSATHERM"}],"inLanguage":"de"},"_links":{"self":[{"href":"https:\/\/www.fassabortolo.it\/de\/wp-json\/wp\/v2\/product\/3413001","targetHints":{"allow":["GET"]}}],"collection":[{"href":"https:\/\/www.fassabortolo.it\/de\/wp-json\/wp\/v2\/product"}],"about":[{"href":"https:\/\/www.fassabortolo.it\/de\/wp-json\/wp\/v2\/types\/product"}],"wp:attachment":[{"href":"https:\/\/www.fassabortolo.it\/de\/wp-json\/wp\/v2\/media?parent=3413001"}],"curies":[{"name":"wp","href":"https:\/\/api.w.org\/{rel}","templated":true}]}}