{"id":3413014,"date":"2026-01-20T15:04:17","date_gmt":"2026-01-20T14:04:17","guid":{"rendered":"http:\/\/10.6.201.155\/?post_type=product&#038;p=50849"},"modified":"2026-04-30T12:59:34","modified_gmt":"2026-04-30T10:59:34","slug":"fassanet-maxi","status":"publish","type":"product","link":"https:\/\/www.fassabortolo.it\/de\/produkte\/verputz-und-bausystem\/gewebe-und-zubehor\/fassanet-maxi","title":{"rendered":"FASSANET MAXI"},"content":{"rendered":"","protected":false},"featured_media":0,"template":"","class_list":["post-3413014","product","type-product","status-publish","hentry"],"acf":[],"fimg":{"url":"https:\/\/www.fassabortolo.it\/wp-content\/uploads\/media\/assets\/FASSANET_MAXI.jpg","alt":"FASSANET MAXI"},"product_description":["Alkalibest\u00e4ndiges Glasfaser-Armierungsgewebe"],"ekr_hierarchy_settings":{"it":{"FASSA_LINEA_RETI_E_ACCESSORI_SISTEMA_INTONACATURA":{"ekr_position":6},"FASSA_LINEA_RETI_SISTEMA_ISOLAMENTO":{"ekr_position":3}},"ch":{"FASSA_LINEA_RETI_SISTEMA_ISOLAMENTO":{"ekr_position":1}},"es":{"FASSAES_LINEA_RETI_SISTEMA_ISOLAMENTO":{"ekr_position":2}},"lu":{"FASSA_LINEA_RETI_E_ACCESSORI_SISTEMA_INTONACATURA":{"ekr_position":6},"FASSA_LINEA_RETI_SISTEMA_ISOLAMENTO":{"ekr_position":1}}},"lang":{"language_code":"de","locale":"de_DE","text_direction":false,"display_name":"Deutsch","native_name":"Tedesco","different_language":false},"systems":[{"id":3412802,"name":"W\u00c4RMED\u00c4MMVERBUNDSYSTEM FASSATHERM\u00ae","permalink":"https:\/\/www.fassabortolo.it\/de\/produkte\/sistema-isolamento-termico-fassatherm\/","slug":"sistema-isolamento-termico-fassatherm","ekr_pallet_code":"FASSA_SISTEMA_ISOLAMENTO_TERMICO_FASSATHERM"},{"id":3412803,"name":"VERPUTZ- UND BAUSYSTEM","permalink":"https:\/\/www.fassabortolo.it\/de\/produkte\/verputz-und-bausystem\/","slug":"verputz-und-bausystem","ekr_pallet_code":"FASSA_SISTEMA_INTONACATURA_E_COSTRUZIONE"}],"product_pallet_code":"PROD_FASSANET_MAXI","lines":[{"id":3413836,"name":"GEWEBE UND ZUBEH\u00d6R","permalink":"https:\/\/www.fassabortolo.it\/de\/produkte\/\/gewebe-und-zubehor\/","slug":"gewebe-und-zubehor","system_codes":["FASSA_SISTEMA_INTONACATURA_E_COSTRUZIONE"],"ekr_pallet_code":"FASSA_LINEA_RETI_E_ACCESSORI_SISTEMA_INTONACATURA"},{"id":3412778,"name":"BEWEHRUNGSMATTEN","permalink":"https:\/\/www.fassabortolo.it\/de\/produkte\/\/bewehrungsmatten\/","slug":"bewehrungsmatten","system_codes":["FASSA_SISTEMA_ISOLAMENTO_TERMICO_FASSATHERM"],"ekr_pallet_code":"FASSA_LINEA_RETI_SISTEMA_ISOLAMENTO"}],"use":["FASSANET MAXI wird sowohl zur Verst\u00e4rkung direkt auf den Putzgrund (neu oder bestehend) aufgebrachter Spachtelschichten verwendet, als auch auf W\u00e4rmed\u00e4mmplatten. &nbsp; Aufgrund der Maschenweite insbesondere geeignet, um auch auf mittel-\/grobk\u00f6rnigen Spachtelungen verwendet zu werden. &nbsp; Dand seiner Produkteigenschaften ideal geeignet, um auf Leichtspachtelungen mit gro\u00dfer Auftragsst\u00e4rke (z.B. AL 88 oder ECO-LIGHT 950) verwendet zu werden.","Das Gewebe FASSANET MAXI verleiht dem System entsprechende Sto\u00dffestigkeit, es wirkt Spannungen aufgrund von thermischen Schwankungen und von Schwindungsph\u00e4nomenen entgegen und minimiert die Entstehung von Rissen oder Spalten."],"supply":["Rollen zu 50 m L\u00e4nge und 1 m Breite."],"attributes":{"Attributes_1":[],"Attributes_2":{"AUSSENBEREICH":"Au\u00dfenbereich","INNENBEREICH":"Innenbereich"}},"___attributes":{"FASSAES":{"FASSA_SISTEMA_ISOLAMENTO_TERMICO_FASSATHERM":{"Attributes_2":["Au\u00dfenbereich","Innenbereich"]}},"FASSA":{"FASSA_SISTEMA_ISOLAMENTO_TERMICO_FASSATHERM":{"Attributes_2":["Au\u00dfenbereich","Innenbereich"]},"FASSA_SISTEMA_INTONACATURA_E_COSTRUZIONE":{"Attributes_2":["Au\u00dfenbereich","Innenbereich"]}}},"elastic_market_index":"it","structured_data":{"@context":"https:\/\/schema.org","@type":"Product","name":"FASSANET MAXI","description":["Alkalibest\u00e4ndiges Glasfaser-Armierungsgewebe"],"url":"https:\/\/www.fassabortolo.it\/de\/produkte\/verputz-und-bausystem\/gewebe-und-zubehor\/fassanet-maxi","identifier":"PROD_FASSANET_MAXI","sku":"PROD_FASSANET_MAXI","image":"https:\/\/www.fassabortolo.it\/wp-content\/uploads\/media\/assets\/FASSANET_MAXI.jpg","brand":{"@type":"Brand","name":"Fassa Bortolo"},"manufacturer":{"@type":"Organization","name":"Fassa Bortolo","url":"https:\/\/www.fassabortolo.it"},"additionalProperty":[{"@type":"PropertyValue","name":"Use Case 1","value":"FASSANET MAXI wird sowohl zur Verst\u00e4rkung direkt auf den Putzgrund (neu oder bestehend) aufgebrachter Spachtelschichten verwendet, als auch auf W\u00e4rmed\u00e4mmplatten. &nbsp; Aufgrund der Maschenweite insbesondere geeignet, um auch auf mittel-\/grobk\u00f6rnigen Spachtelungen verwendet zu werden. &nbsp; Dand seiner Produkteigenschaften ideal geeignet, um auf Leichtspachtelungen mit gro\u00dfer Auftragsst\u00e4rke (z.B. AL 88 oder ECO-LIGHT 950) verwendet zu werden."},{"@type":"PropertyValue","name":"Use Case 2","value":"Das Gewebe FASSANET MAXI verleiht dem System entsprechende Sto\u00dffestigkeit, es wirkt Spannungen aufgrund von thermischen Schwankungen und von Schwindungsph\u00e4nomenen entgegen und minimiert die Entstehung von Rissen oder Spalten."},{"@type":"PropertyValue","name":"Supply Information","value":"Rollen zu 50 m L\u00e4nge und 1 m Breite."},{"@type":"PropertyValue","name":"Attributes_2","value":"Au\u00dfenbereich"},{"@type":"PropertyValue","name":"Attributes_2","value":"Innenbereich"},{"@type":"PropertyValue","name":"Attributes_2","value":"Au\u00dfenbereich"},{"@type":"PropertyValue","name":"Attributes_2","value":"Innenbereich"}],"category":[{"@type":"ProductCollection","name":"GEWEBE UND ZUBEH\u00d6R","identifier":"FASSA_LINEA_RETI_E_ACCESSORI_SISTEMA_INTONACATURA"},{"@type":"ProductCollection","name":"BEWEHRUNGSMATTEN","identifier":"FASSA_LINEA_RETI_SISTEMA_ISOLAMENTO"},{"@type":"Collection","name":"VERPUTZ- UND BAUSYSTEM","identifier":"FASSA_SISTEMA_INTONACATURA_E_COSTRUZIONE"},{"@type":"Collection","name":"W\u00c4RMED\u00c4MMVERBUNDSYSTEM FASSATHERM\u00ae","identifier":"FASSA_SISTEMA_ISOLAMENTO_TERMICO_FASSATHERM"}],"inLanguage":"de"},"_links":{"self":[{"href":"https:\/\/www.fassabortolo.it\/de\/wp-json\/wp\/v2\/product\/3413014","targetHints":{"allow":["GET"]}}],"collection":[{"href":"https:\/\/www.fassabortolo.it\/de\/wp-json\/wp\/v2\/product"}],"about":[{"href":"https:\/\/www.fassabortolo.it\/de\/wp-json\/wp\/v2\/types\/product"}],"wp:attachment":[{"href":"https:\/\/www.fassabortolo.it\/de\/wp-json\/wp\/v2\/media?parent=3413014"}],"curies":[{"name":"wp","href":"https:\/\/api.w.org\/{rel}","templated":true}]}}