{"id":3413065,"date":"2026-01-20T15:05:27","date_gmt":"2026-01-20T14:05:27","guid":{"rendered":"http:\/\/10.6.201.155\/?post_type=product&#038;p=51054"},"modified":"2026-04-30T12:59:33","modified_gmt":"2026-04-30T10:59:33","slug":"fassa-dna-hp","status":"publish","type":"product","link":"https:\/\/www.fassabortolo.it\/de\/produkte\/sistema-isolamento-termico-fassatherm\/putze\/fassa-dna-hp","title":{"rendered":"FASSA DNA HP"},"content":{"rendered":"","protected":false},"featured_media":0,"template":"","class_list":["post-3413065","product","type-product","status-publish","hentry"],"acf":[],"fimg":{"url":"https:\/\/www.fassabortolo.it\/wp-content\/uploads\/media\/assets\/FASSA_DNA_HP.jpg","alt":"FASSA DNA HP"},"product_description":["Hydraulischer mineralischer Putz mit hohen mechenischen Leistungseigenschaften f\u00fcr das weiterentwickelte W\u00e4rmed\u00e4mmsystem, f\u00fcr die Anbringung von starren modularen Fassadenverkleidungen. &nbsp; Farbe: grau"],"ekr_hierarchy_settings":{"it":{"FASSA_LINEA_INTONACI_SISTEMA_ISOLAMENTO":{"ekr_position":1}},"ch":{"FASSA_LINEA_INTONACI_SISTEMA_ISOLAMENTO":{"ekr_position":0}},"es":{"FASSAES_LINEA_COLLANTI_E_RASANTI_SISTEMA_ISOLAMENTO":{"ekr_position":3}},"lu":{"FASSA_LINEA_INTONACI_SISTEMA_ISOLAMENTO":{"ekr_position":0}}},"lang":{"language_code":"de","locale":"de_DE","text_direction":false,"display_name":"Deutsch","native_name":"Tedesco","different_language":false},"systems":[{"id":3412802,"name":"W\u00c4RMED\u00c4MMVERBUNDSYSTEM FASSATHERM\u00ae","permalink":"https:\/\/www.fassabortolo.it\/de\/produkte\/sistema-isolamento-termico-fassatherm\/","slug":"sistema-isolamento-termico-fassatherm","ekr_pallet_code":"FASSA_SISTEMA_ISOLAMENTO_TERMICO_FASSATHERM"}],"product_pallet_code":"PROD_FASSA_DNA_HP","lines":[{"id":3413837,"name":"PUTZE","permalink":"https:\/\/www.fassabortolo.it\/de\/produkte\/\/putze\/","slug":"putze","system_codes":["FASSA_SISTEMA_ISOLAMENTO_TERMICO_FASSATHERM"],"ekr_pallet_code":"FASSA_LINEA_INTONACI_SISTEMA_ISOLAMENTO"}],"use":["FASSA DNA HP wird im weiterentwickelten W\u00e4rmed\u00e4mmsystem FASSATHERM DNA f\u00fcr die Anfertigung der Putzschicht f\u00fcr die nachfolgende Anbringung starrer Fassadenverkleidungen verwendet. In Kombination mit FASSA ROND 170, FASSANET DNA 450 und FASSA TOP FIX 2G wird das Produkt f\u00fcr die Realisierung des Systems FASSATHERM DNA auf aus Bl\u00f6cken zugeschnittenen EPS-D\u00e4mmplatten in Wei\u00df oder mit Graphitzusatz des Systems Fassatherm\u00ae verwendet."],"supply":["Spezials\u00e4cke mit Feuchtigkeitsschutz zu ca. 25 kg","Lose im Silo","Je nach Bestimmungsland k\u00f6nnten einige Verkaufsformate nicht erh\u00e4ltlich sein"],"attributes":{"Attributes_1":[],"Attributes_2":{"AUSSENBEREICH":"Au\u00dfenbereich"}},"___attributes":{"FASSAES":{"FASSA_SISTEMA_ISOLAMENTO_TERMICO_FASSATHERM":{"Attributes_2":["Au\u00dfenbereich"]}},"FASSA":{"FASSA_SISTEMA_ISOLAMENTO_TERMICO_FASSATHERM":{"Attributes_2":["Au\u00dfenbereich"]}}},"elastic_market_index":"it","structured_data":{"@context":"https:\/\/schema.org","@type":"Product","name":"FASSA DNA HP","description":["Hydraulischer mineralischer Putz mit hohen mechenischen Leistungseigenschaften f\u00fcr das weiterentwickelte W\u00e4rmed\u00e4mmsystem, f\u00fcr die Anbringung von starren modularen Fassadenverkleidungen. &nbsp; Farbe: grau"],"url":"https:\/\/www.fassabortolo.it\/de\/produkte\/sistema-isolamento-termico-fassatherm\/putze\/fassa-dna-hp","identifier":"PROD_FASSA_DNA_HP","sku":"PROD_FASSA_DNA_HP","image":"https:\/\/www.fassabortolo.it\/wp-content\/uploads\/media\/assets\/FASSA_DNA_HP.jpg","brand":{"@type":"Brand","name":"Fassa Bortolo"},"manufacturer":{"@type":"Organization","name":"Fassa Bortolo","url":"https:\/\/www.fassabortolo.it"},"additionalProperty":[{"@type":"PropertyValue","name":"Use Case 1","value":"FASSA DNA HP wird im weiterentwickelten W\u00e4rmed\u00e4mmsystem FASSATHERM DNA f\u00fcr die Anfertigung der Putzschicht f\u00fcr die nachfolgende Anbringung starrer Fassadenverkleidungen verwendet. In Kombination mit FASSA ROND 170, FASSANET DNA 450 und FASSA TOP FIX 2G wird das Produkt f\u00fcr die Realisierung des Systems FASSATHERM DNA auf aus Bl\u00f6cken zugeschnittenen EPS-D\u00e4mmplatten in Wei\u00df oder mit Graphitzusatz des Systems Fassatherm\u00ae verwendet."},{"@type":"PropertyValue","name":"Supply Information","value":"Spezials\u00e4cke mit Feuchtigkeitsschutz zu ca. 25 kg"},{"@type":"PropertyValue","name":"Supply Information","value":"Lose im Silo"},{"@type":"PropertyValue","name":"Supply Information","value":"Je nach Bestimmungsland k\u00f6nnten einige Verkaufsformate nicht erh\u00e4ltlich sein"},{"@type":"PropertyValue","name":"Attributes_2","value":"Au\u00dfenbereich"}],"category":[{"@type":"ProductCollection","name":"PUTZE","identifier":"FASSA_LINEA_INTONACI_SISTEMA_ISOLAMENTO"},{"@type":"Collection","name":"W\u00c4RMED\u00c4MMVERBUNDSYSTEM FASSATHERM\u00ae","identifier":"FASSA_SISTEMA_ISOLAMENTO_TERMICO_FASSATHERM"}],"inLanguage":"de"},"_links":{"self":[{"href":"https:\/\/www.fassabortolo.it\/de\/wp-json\/wp\/v2\/product\/3413065","targetHints":{"allow":["GET"]}}],"collection":[{"href":"https:\/\/www.fassabortolo.it\/de\/wp-json\/wp\/v2\/product"}],"about":[{"href":"https:\/\/www.fassabortolo.it\/de\/wp-json\/wp\/v2\/types\/product"}],"wp:attachment":[{"href":"https:\/\/www.fassabortolo.it\/de\/wp-json\/wp\/v2\/media?parent=3413065"}],"curies":[{"name":"wp","href":"https:\/\/api.w.org\/{rel}","templated":true}]}}