{"id":3413333,"date":"2026-01-20T15:09:45","date_gmt":"2026-01-20T14:09:45","guid":{"rendered":"http:\/\/10.6.201.155\/?post_type=product&#038;p=52125"},"modified":"2026-04-30T13:01:50","modified_gmt":"2026-04-30T11:01:50","slug":"kz-35-zoccolatura-solfatoresistente","status":"publish","type":"product","link":"https:\/\/www.fassabortolo.it\/de\/produkte\/verputz-und-bausystem\/traditionelle-produkte\/kz-35-zoccolatura-solfatoresistente","title":{"rendered":"KZ 35 ZOCCOLATURA SOLFATORESISTENTE"},"content":{"rendered":"","protected":false},"featured_media":0,"template":"","class_list":["post-3413333","product","type-product","status-publish","hentry"],"acf":[],"fimg":{"url":"https:\/\/www.fassabortolo.it\/wp-content\/uploads\/media\/assets\/KZ_35_ZOCCOLATURA_SOLFATORESISTENTE.jpg","alt":"KZ 35 ZOCCOLATURA SOLFATORESISTENTE"},"product_description":["Grundputz mit wasserabweisendem Zusatz auf Basis spezieller sulfatbest\u00e4ndiger Bindemittel und Luftkalk, f\u00fcr den Sockelbereich im Au\u00dfen- und Innenbereich."],"ekr_hierarchy_settings":{"it":{"FASSA_LINEA_PRODOTTI_TRADIZIONALI_SISTEMA_INTONACATURA":{"ekr_position":0},"FASSA_LINEA_PRODOTTI_TRADIZIONALI_SISTEMA_RISANAMENTO":{"ekr_position":2}},"ch":{"FASSA_LINEA_PRODOTTI_TRADIZIONALI_SISTEMA_RISANAMENTO":{"ekr_position":3}},"es":{"FASSAES_LINEA_PRODOTTI_TRADIZIONALI_SISTEMA_INTONACATURA":{"ekr_position":8},"FASSAES_LINEA_PRODOTTI_TRADIZIONALI_SISTEMA_RISANAMENTO":{"ekr_position":1}},"lu":{"FASSA_LINEA_PRODOTTI_TRADIZIONALI_SISTEMA_INTONACATURA":{"ekr_position":10},"FASSA_LINEA_PRODOTTI_TRADIZIONALI_SISTEMA_RISANAMENTO":{"ekr_position":3}}},"lang":{"language_code":"de","locale":"de_DE","text_direction":false,"display_name":"Deutsch","native_name":"Tedesco","different_language":false},"systems":[{"id":3412798,"name":"SANIERSYSTEM F\u00dcR FEUCHTE MAUERWERKE","permalink":"https:\/\/www.fassabortolo.it\/de\/produkte\/saniersystem-fur-feuchte-mauerwerke\/","slug":"saniersystem-fur-feuchte-mauerwerke","ekr_pallet_code":"FASSA_SISTEMA_RISANAMENTO_MURATURE_UMIDE"},{"id":3412803,"name":"VERPUTZ- UND BAUSYSTEM","permalink":"https:\/\/www.fassabortolo.it\/de\/produkte\/verputz-und-bausystem\/","slug":"verputz-und-bausystem","ekr_pallet_code":"FASSA_SISTEMA_INTONACATURA_E_COSTRUZIONE"}],"product_pallet_code":"PROD_KZ_35_ZOCCOLATURA_SOLFATORESISTENTE","lines":[{"id":3412766,"name":"TRADITIONELLE PRODUKTE","permalink":"https:\/\/www.fassabortolo.it\/de\/produkte\/\/traditionelle-produkte\/","slug":"traditionelle-produkte","system_codes":["FASSA_SISTEMA_INTONACATURA_E_COSTRUZIONE"],"ekr_pallet_code":"FASSA_LINEA_PRODOTTI_TRADIZIONALI_SISTEMA_INTONACATURA"},{"id":3412771,"name":"TRADITIONELLE PRODUKTE","permalink":"https:\/\/www.fassabortolo.it\/de\/produkte\/\/traditionelle-produkte\/","slug":"traditionelle-produkte","system_codes":["FASSA_SISTEMA_RISANAMENTO_MURATURE_UMIDE"],"ekr_pallet_code":"FASSA_LINEA_PRODOTTI_TRADIZIONALI_SISTEMA_RISANAMENTO"}],"use":["KZ 35 ZOCCOLATURA SOLFATORESISTENTE wird verwendet als Grundputz im Sockelbereich auf Ziegelmauerwerken, Fertigbetonbl\u00f6cken, Rohbeton usw., und zwar auch bei Spuren von Sulfatvorkommen im Mauerwerk. &nbsp; Bei besonderen Untergr\u00fcnden sind die jeweiligen Herstelleranleitungen zu beachten.","Das Produkt wird zudem als M\u00f6rtel zur Neuverfugung verwendet."],"supply":["In feuchtigkeitsgesch\u00fctzten Spezials\u00e4cken zu ca. 25 kg"],"attributes":{"Attributes_1":{"GRUNDPUTZE":"Grundputze","MEHRZWECKPRODUKTE":"Mehrzweckprodukte"},"Attributes_2":{"AUSSENBEREICH":"Au\u00dfenbereich","INNENBEREICH":"Innenbereich"}},"___attributes":{"FASSAES":{"FASSA_SISTEMA_RISANAMENTO_MURATURE_UMIDE":{"Attributes_1":["Grundputze"],"Attributes_2":["Au\u00dfenbereich","Innenbereich"]},"FASSA_SISTEMA_INTONACATURA_E_COSTRUZIONE":{"Attributes_1":["Grundputze","Mehrzweckprodukte"],"Attributes_2":["Au\u00dfenbereich","Innenbereich"]}},"FASSA":{"FASSA_SISTEMA_RISANAMENTO_MURATURE_UMIDE":{"Attributes_1":["Grundputze"],"Attributes_2":["Au\u00dfenbereich","Innenbereich"]},"FASSA_SISTEMA_INTONACATURA_E_COSTRUZIONE":{"Attributes_1":["Grundputze","Mehrzweckprodukte"],"Attributes_2":["Au\u00dfenbereich","Innenbereich"]}}},"elastic_market_index":"it","structured_data":{"@context":"https:\/\/schema.org","@type":"Product","name":"KZ 35 ZOCCOLATURA SOLFATORESISTENTE","description":["Grundputz mit wasserabweisendem Zusatz auf Basis spezieller sulfatbest\u00e4ndiger Bindemittel und Luftkalk, f\u00fcr den Sockelbereich im Au\u00dfen- und Innenbereich."],"url":"https:\/\/www.fassabortolo.it\/de\/produkte\/verputz-und-bausystem\/traditionelle-produkte\/kz-35-zoccolatura-solfatoresistente","identifier":"PROD_KZ_35_ZOCCOLATURA_SOLFATORESISTENTE","sku":"PROD_KZ_35_ZOCCOLATURA_SOLFATORESISTENTE","image":"https:\/\/www.fassabortolo.it\/wp-content\/uploads\/media\/assets\/KZ_35_ZOCCOLATURA_SOLFATORESISTENTE.jpg","brand":{"@type":"Brand","name":"Fassa Bortolo"},"manufacturer":{"@type":"Organization","name":"Fassa Bortolo","url":"https:\/\/www.fassabortolo.it"},"additionalProperty":[{"@type":"PropertyValue","name":"Use Case 1","value":"KZ 35 ZOCCOLATURA SOLFATORESISTENTE wird verwendet als Grundputz im Sockelbereich auf Ziegelmauerwerken, Fertigbetonbl\u00f6cken, Rohbeton usw., und zwar auch bei Spuren von Sulfatvorkommen im Mauerwerk. &nbsp; Bei besonderen Untergr\u00fcnden sind die jeweiligen Herstelleranleitungen zu beachten."},{"@type":"PropertyValue","name":"Use Case 2","value":"Das Produkt wird zudem als M\u00f6rtel zur Neuverfugung verwendet."},{"@type":"PropertyValue","name":"Supply Information","value":"In feuchtigkeitsgesch\u00fctzten Spezials\u00e4cken zu ca. 25 kg"},{"@type":"PropertyValue","name":"Attributes_1","value":"Grundputze"},{"@type":"PropertyValue","name":"Attributes_2","value":"Au\u00dfenbereich"},{"@type":"PropertyValue","name":"Attributes_2","value":"Innenbereich"},{"@type":"PropertyValue","name":"Attributes_1","value":"Grundputze"},{"@type":"PropertyValue","name":"Attributes_1","value":"Mehrzweckprodukte"},{"@type":"PropertyValue","name":"Attributes_2","value":"Au\u00dfenbereich"},{"@type":"PropertyValue","name":"Attributes_2","value":"Innenbereich"}],"category":[{"@type":"ProductCollection","name":"TRADITIONELLE PRODUKTE","identifier":"FASSA_LINEA_PRODOTTI_TRADIZIONALI_SISTEMA_INTONACATURA"},{"@type":"ProductCollection","name":"TRADITIONELLE PRODUKTE","identifier":"FASSA_LINEA_PRODOTTI_TRADIZIONALI_SISTEMA_RISANAMENTO"},{"@type":"Collection","name":"VERPUTZ- UND BAUSYSTEM","identifier":"FASSA_SISTEMA_INTONACATURA_E_COSTRUZIONE"},{"@type":"Collection","name":"SANIERSYSTEM F\u00dcR FEUCHTE MAUERWERKE","identifier":"FASSA_SISTEMA_RISANAMENTO_MURATURE_UMIDE"}],"inLanguage":"de"},"_links":{"self":[{"href":"https:\/\/www.fassabortolo.it\/de\/wp-json\/wp\/v2\/product\/3413333","targetHints":{"allow":["GET"]}}],"collection":[{"href":"https:\/\/www.fassabortolo.it\/de\/wp-json\/wp\/v2\/product"}],"about":[{"href":"https:\/\/www.fassabortolo.it\/de\/wp-json\/wp\/v2\/types\/product"}],"wp:attachment":[{"href":"https:\/\/www.fassabortolo.it\/de\/wp-json\/wp\/v2\/media?parent=3413333"}],"curies":[{"name":"wp","href":"https:\/\/api.w.org\/{rel}","templated":true}]}}