{"id":3413408,"date":"2026-01-20T15:11:47","date_gmt":"2026-01-20T14:11:47","guid":{"rendered":"http:\/\/10.6.201.155\/?post_type=product&#038;p=52421"},"modified":"2026-04-30T13:02:29","modified_gmt":"2026-04-30T11:02:29","slug":"putzkantenprofile-aus-aluminium","status":"publish","type":"product","link":"https:\/\/www.fassabortolo.it\/de\/produkte\/verputz-und-bausystem\/gewebe-und-zubehor\/putzkantenprofile-aus-aluminium","title":{"rendered":"PUTZKANTENPROFILE AUS ALUMINIUM"},"content":{"rendered":"","protected":false},"featured_media":0,"template":"","class_list":["post-3413408","product","type-product","status-publish","hentry"],"acf":[],"fimg":{"url":"https:\/\/www.fassabortolo.it\/wp-content\/uploads\/media\/assets\/paraspigoli_in_alluminio_per_intonaci.jpg","alt":"PUTZKANTENPROFILE AUS ALUMINIUM"},"product_description":["Kantenprofile mit Drahteinlage aus Aluminium f\u00fcr Innenputze"],"ekr_hierarchy_settings":{"it":{"FASSA_LINEA_RETI_E_ACCESSORI_SISTEMA_INTONACATURA":{"ekr_position":0}},"ch":{"FASSA_LINEA_RETI_E_ACCESSORI_SISTEMA_INTONACATURA":{"ekr_position":4}},"lu":{"FASSA_LINEA_RETI_E_ACCESSORI_SISTEMA_INTONACATURA":{"ekr_position":4}}},"lang":{"language_code":"de","locale":"de_DE","text_direction":false,"display_name":"Deutsch","native_name":"Tedesco","different_language":false},"systems":[{"id":3412803,"name":"VERPUTZ- UND BAUSYSTEM","permalink":"https:\/\/www.fassabortolo.it\/de\/produkte\/verputz-und-bausystem\/","slug":"verputz-und-bausystem","ekr_pallet_code":"FASSA_SISTEMA_INTONACATURA_E_COSTRUZIONE"}],"product_pallet_code":"PROD_PARASPIGOLI_IN_ALLUMINIO_PER_INTONACI","lines":[{"id":3413836,"name":"GEWEBE UND ZUBEH\u00d6R","permalink":"https:\/\/www.fassabortolo.it\/de\/produkte\/\/gewebe-und-zubehor\/","slug":"gewebe-und-zubehor","system_codes":["FASSA_SISTEMA_INTONACATURA_E_COSTRUZIONE"],"ekr_pallet_code":"FASSA_LINEA_RETI_E_ACCESSORI_SISTEMA_INTONACATURA"}],"use":["Die Kantenprofile aus Aluminium werden zur Kantenausbildung von verputzten Oberfl\u00e4chen im Innenbereich verwendet. &nbsp; Man verwendet sie in Verbindung mit Putzm\u00f6rteln von Fassa Bortolo auf Gipsbasis."],"supply":["B\u00fcnde zu jeweils 30 St\u00fcck","Betreffend die jeweiligen L\u00e4ngenma\u00dfe und erh\u00e4ltliche Typologien ist die Tabelle \"Technische Eigenschaften\" einzusehen."],"attributes":{"Attributes_1":[],"Attributes_2":{"INNENBEREICH":"Innenbereich"}},"___attributes":{"FASSA":{"FASSA_SISTEMA_INTONACATURA_E_COSTRUZIONE":{"Attributes_2":["Innenbereich"]}}},"elastic_market_index":"it","structured_data":{"@context":"https:\/\/schema.org","@type":"Product","name":"PUTZKANTENPROFILE AUS ALUMINIUM","description":["Kantenprofile mit Drahteinlage aus Aluminium f\u00fcr Innenputze"],"url":"https:\/\/www.fassabortolo.it\/de\/produkte\/verputz-und-bausystem\/gewebe-und-zubehor\/putzkantenprofile-aus-aluminium","identifier":"PROD_PARASPIGOLI_IN_ALLUMINIO_PER_INTONACI","sku":"PROD_PARASPIGOLI_IN_ALLUMINIO_PER_INTONACI","image":"https:\/\/www.fassabortolo.it\/wp-content\/uploads\/media\/assets\/paraspigoli_in_alluminio_per_intonaci.jpg","brand":{"@type":"Brand","name":"Fassa Bortolo"},"manufacturer":{"@type":"Organization","name":"Fassa Bortolo","url":"https:\/\/www.fassabortolo.it"},"additionalProperty":[{"@type":"PropertyValue","name":"Use Case 1","value":"Die Kantenprofile aus Aluminium werden zur Kantenausbildung von verputzten Oberfl\u00e4chen im Innenbereich verwendet. &nbsp; Man verwendet sie in Verbindung mit Putzm\u00f6rteln von Fassa Bortolo auf Gipsbasis."},{"@type":"PropertyValue","name":"Supply Information","value":"B\u00fcnde zu jeweils 30 St\u00fcck"},{"@type":"PropertyValue","name":"Supply Information","value":"Betreffend die jeweiligen L\u00e4ngenma\u00dfe und erh\u00e4ltliche Typologien ist die Tabelle \"Technische Eigenschaften\" einzusehen."},{"@type":"PropertyValue","name":"Attributes_2","value":"Innenbereich"}],"category":[{"@type":"ProductCollection","name":"GEWEBE UND ZUBEH\u00d6R","identifier":"FASSA_LINEA_RETI_E_ACCESSORI_SISTEMA_INTONACATURA"},{"@type":"Collection","name":"VERPUTZ- UND BAUSYSTEM","identifier":"FASSA_SISTEMA_INTONACATURA_E_COSTRUZIONE"}],"inLanguage":"de"},"_links":{"self":[{"href":"https:\/\/www.fassabortolo.it\/de\/wp-json\/wp\/v2\/product\/3413408","targetHints":{"allow":["GET"]}}],"collection":[{"href":"https:\/\/www.fassabortolo.it\/de\/wp-json\/wp\/v2\/product"}],"about":[{"href":"https:\/\/www.fassabortolo.it\/de\/wp-json\/wp\/v2\/types\/product"}],"wp:attachment":[{"href":"https:\/\/www.fassabortolo.it\/de\/wp-json\/wp\/v2\/media?parent=3413408"}],"curies":[{"name":"wp","href":"https:\/\/api.w.org\/{rel}","templated":true}]}}