{"id":3413474,"date":"2026-01-20T15:12:23","date_gmt":"2026-01-20T14:12:23","guid":{"rendered":"http:\/\/10.6.201.155\/?post_type=product&#038;p=52693"},"modified":"2026-04-30T13:02:47","modified_gmt":"2026-04-30T11:02:47","slug":"rete-per-intonaci-140","status":"publish","type":"product","link":"https:\/\/www.fassabortolo.it\/de\/produkte\/verputz-und-bausystem\/gewebe-und-zubehor\/rete-per-intonaci-140","title":{"rendered":"RETE PER INTONACI 140"},"content":{"rendered":"","protected":false},"featured_media":0,"template":"","class_list":["post-3413474","product","type-product","status-publish","hentry"],"acf":[],"fimg":{"url":"https:\/\/www.fassabortolo.it\/wp-content\/uploads\/media\/assets\/RETE_PER_INTONAC0_140.jpg","alt":"RETE PER INTONACI 140"},"product_description":["Putzarmierungsgewebe aus alkalibest\u00e4ndiger Glasfaser in blauer Farbe mit einer Grammatur von 140 g\/m\u00b2"],"ekr_hierarchy_settings":{"it":{"FASSA_LINEA_RETI_E_ACCESSORI_SISTEMA_INTONACATURA":{"ekr_position":4}},"ch":{"FASSA_LINEA_RETI_E_ACCESSORI_SISTEMA_INTONACATURA":{"ekr_position":1}},"lu":{"FASSA_LINEA_RETI_E_ACCESSORI_SISTEMA_INTONACATURA":{"ekr_position":1}}},"lang":{"language_code":"de","locale":"de_DE","text_direction":false,"display_name":"Deutsch","native_name":"Tedesco","different_language":false},"systems":[{"id":3412803,"name":"VERPUTZ- UND BAUSYSTEM","permalink":"https:\/\/www.fassabortolo.it\/de\/produkte\/verputz-und-bausystem\/","slug":"verputz-und-bausystem","ekr_pallet_code":"FASSA_SISTEMA_INTONACATURA_E_COSTRUZIONE"}],"product_pallet_code":"PROD_RETE_PER_INTONACI_140","lines":[{"id":3413836,"name":"GEWEBE UND ZUBEH\u00d6R","permalink":"https:\/\/www.fassabortolo.it\/de\/produkte\/\/gewebe-und-zubehor\/","slug":"gewebe-und-zubehor","system_codes":["FASSA_SISTEMA_INTONACATURA_E_COSTRUZIONE"],"ekr_pallet_code":"FASSA_LINEA_RETI_E_ACCESSORI_SISTEMA_INTONACATURA"}],"use":["Das Armierungsgewebe RETE PER INTONACI 140 wird zur Verst\u00e4rkung von Putzm\u00f6rteln verwendet, um den aufgrund von starken Temperaturunterschieden und Schwindph\u00e4nomenen hervorgerufenen Spannungen entgegenzuwirken, und um die Gefahr von Riss- oder Spaltenbildungen zu mindern. &nbsp; Je nachdem kann das Gewebe auf der gesamten zu verputzenden Oberfl\u00e4che verwendet werden (wie beispielsweise bei heterogenen Unterlagen und unregelm\u00e4\u00dfigen Oberfl\u00e4chen), oder aber lokal auf all jenen Teilbereichen, wo sich ein Spannungsaufbau m\u00f6glicherweise konzentriert (unterschiedliche Materialien, an den Ecken und Kanten von \u00d6ffnungen usw.)."],"supply":["Rollen mit 50 m L\u00e4nge und 20 cm Breite (Art.-Code 700820)","Rollen mit 50 m L\u00e4nge und 25 cm Breite (Art.-Code 700825)","Rollen mit 50 m L\u00e4nge und 50 cm Breite (Art.-Code 700810)","Rollen mit 50 m L\u00e4nge und 100 cm Breite (Art.-Code 700850)"],"attributes":{"Attributes_1":[],"Attributes_2":{"AUSSENBEREICH":"Au\u00dfenbereich","INNENBEREICH":"Innenbereich"}},"___attributes":{"FASSA":{"FASSA_SISTEMA_INTONACATURA_E_COSTRUZIONE":{"Attributes_2":["Au\u00dfenbereich","Innenbereich"]}}},"elastic_market_index":"it","structured_data":{"@context":"https:\/\/schema.org","@type":"Product","name":"RETE PER INTONACI 140","description":["Putzarmierungsgewebe aus alkalibest\u00e4ndiger Glasfaser in blauer Farbe mit einer Grammatur von 140 g\/m\u00b2"],"url":"https:\/\/www.fassabortolo.it\/de\/produkte\/verputz-und-bausystem\/gewebe-und-zubehor\/rete-per-intonaci-140","identifier":"PROD_RETE_PER_INTONACI_140","sku":"PROD_RETE_PER_INTONACI_140","image":"https:\/\/www.fassabortolo.it\/wp-content\/uploads\/media\/assets\/RETE_PER_INTONAC0_140.jpg","brand":{"@type":"Brand","name":"Fassa Bortolo"},"manufacturer":{"@type":"Organization","name":"Fassa Bortolo","url":"https:\/\/www.fassabortolo.it"},"additionalProperty":[{"@type":"PropertyValue","name":"Use Case 1","value":"Das Armierungsgewebe RETE PER INTONACI 140 wird zur Verst\u00e4rkung von Putzm\u00f6rteln verwendet, um den aufgrund von starken Temperaturunterschieden und Schwindph\u00e4nomenen hervorgerufenen Spannungen entgegenzuwirken, und um die Gefahr von Riss- oder Spaltenbildungen zu mindern. &nbsp; Je nachdem kann das Gewebe auf der gesamten zu verputzenden Oberfl\u00e4che verwendet werden (wie beispielsweise bei heterogenen Unterlagen und unregelm\u00e4\u00dfigen Oberfl\u00e4chen), oder aber lokal auf all jenen Teilbereichen, wo sich ein Spannungsaufbau m\u00f6glicherweise konzentriert (unterschiedliche Materialien, an den Ecken und Kanten von \u00d6ffnungen usw.)."},{"@type":"PropertyValue","name":"Supply Information","value":"Rollen mit 50 m L\u00e4nge und 20 cm Breite (Art.-Code 700820)"},{"@type":"PropertyValue","name":"Supply Information","value":"Rollen mit 50 m L\u00e4nge und 25 cm Breite (Art.-Code 700825)"},{"@type":"PropertyValue","name":"Supply Information","value":"Rollen mit 50 m L\u00e4nge und 50 cm Breite (Art.-Code 700810)"},{"@type":"PropertyValue","name":"Supply Information","value":"Rollen mit 50 m L\u00e4nge und 100 cm Breite (Art.-Code 700850)"},{"@type":"PropertyValue","name":"Attributes_2","value":"Au\u00dfenbereich"},{"@type":"PropertyValue","name":"Attributes_2","value":"Innenbereich"}],"category":[{"@type":"ProductCollection","name":"GEWEBE UND ZUBEH\u00d6R","identifier":"FASSA_LINEA_RETI_E_ACCESSORI_SISTEMA_INTONACATURA"},{"@type":"Collection","name":"VERPUTZ- UND BAUSYSTEM","identifier":"FASSA_SISTEMA_INTONACATURA_E_COSTRUZIONE"}],"inLanguage":"de"},"_links":{"self":[{"href":"https:\/\/www.fassabortolo.it\/de\/wp-json\/wp\/v2\/product\/3413474","targetHints":{"allow":["GET"]}}],"collection":[{"href":"https:\/\/www.fassabortolo.it\/de\/wp-json\/wp\/v2\/product"}],"about":[{"href":"https:\/\/www.fassabortolo.it\/de\/wp-json\/wp\/v2\/types\/product"}],"wp:attachment":[{"href":"https:\/\/www.fassabortolo.it\/de\/wp-json\/wp\/v2\/media?parent=3413474"}],"curies":[{"name":"wp","href":"https:\/\/api.w.org\/{rel}","templated":true}]}}