{"id":3413738,"date":"2026-01-23T12:17:27","date_gmt":"2026-01-23T11:17:27","guid":{"rendered":"http:\/\/10.6.201.155\/?post_type=product&#038;p=53750"},"modified":"2026-04-30T13:00:03","modified_gmt":"2026-04-30T11:00:03","slug":"fassa-thermobenessere","status":"publish","type":"product","link":"https:\/\/www.fassabortolo.it\/de\/produkte\/sistema-isolamento-termico-fassatherm\/putze\/fassa-thermobenessere","title":{"rendered":"FASSA THERMOBENESSERE"},"content":{"rendered":"","protected":false},"featured_media":0,"template":"","class_list":["post-3413738","product","type-product","status-publish","hentry"],"acf":[],"fimg":{"url":"https:\/\/www.fassabortolo.it\/wp-content\/uploads\/media\/assets\/THERMOBENESSERE.jpg","alt":"FASSA THERMOBENESSERE"},"product_description":["W\u00e4rmed\u00e4mmputz auf Basis von hydraulischem Leichtbinder mit Polystyrolkugeln."],"ekr_hierarchy_settings":{"it":{"FASSA_LINEA_PRODOTTI_TERMOISOLANTI_SISTEMA_INTONACATURA":{"ekr_position":2},"FASSA_LINEA_INTONACI_SISTEMA_ISOLAMENTO":{"ekr_position":3}},"ch":{"FASSA_LINEA_PRODOTTI_TERMOISOLANTI_SISTEMA_INTONACATURA":{"ekr_position":0},"FASSA_LINEA_INTONACI_SISTEMA_ISOLAMENTO":{"ekr_position":1}},"es":{"FASSAES_LINEA_PRODOTTI_TERMOISOLANTI_SISTEMA_INTONACATURA":{"ekr_position":0},"FASSAES_LINEA_INTONACI_TERMOISOLANTI_SISTEMA_ISOLAMENTO":{"ekr_position":0}},"lu":{"FASSA_LINEA_PRODOTTI_TERMOISOLANTI_SISTEMA_INTONACATURA":{"ekr_position":0},"FASSA_LINEA_INTONACI_SISTEMA_ISOLAMENTO":{"ekr_position":1}}},"lang":{"language_code":"de","locale":"de_DE","text_direction":false,"display_name":"Deutsch","native_name":"Tedesco","different_language":false},"systems":[{"id":3412802,"name":"W\u00c4RMED\u00c4MMVERBUNDSYSTEM FASSATHERM\u00ae","permalink":"https:\/\/www.fassabortolo.it\/de\/produkte\/sistema-isolamento-termico-fassatherm\/","slug":"sistema-isolamento-termico-fassatherm","ekr_pallet_code":"FASSA_SISTEMA_ISOLAMENTO_TERMICO_FASSATHERM"},{"id":3412803,"name":"VERPUTZ- UND BAUSYSTEM","permalink":"https:\/\/www.fassabortolo.it\/de\/produkte\/verputz-und-bausystem\/","slug":"verputz-und-bausystem","ekr_pallet_code":"FASSA_SISTEMA_INTONACATURA_E_COSTRUZIONE"}],"product_pallet_code":"PROD_FASSA_THERMOBENESSERE","lines":[{"id":3413837,"name":"PUTZE","permalink":"https:\/\/www.fassabortolo.it\/de\/produkte\/\/putze\/","slug":"putze","system_codes":["FASSA_SISTEMA_ISOLAMENTO_TERMICO_FASSATHERM"],"ekr_pallet_code":"FASSA_LINEA_INTONACI_SISTEMA_ISOLAMENTO"},{"id":3412777,"name":"PRODUKTE F\u00dcR DIE W\u00c4RMED\u00c4MMUNG","permalink":"https:\/\/www.fassabortolo.it\/de\/produkte\/\/produkte-fur-die-warmedammung\/","slug":"produkte-fur-die-warmedammung","system_codes":["FASSA_SISTEMA_INTONACATURA_E_COSTRUZIONE"],"ekr_pallet_code":"FASSA_LINEA_PRODOTTI_TERMOISOLANTI_SISTEMA_INTONACATURA"}],"use":["FASSA THERMOBENESSERE wird als w\u00e4rmed\u00e4mmender Grundputz auf Mauerwerken aus Ziegelstein, aus Betonblockstein, aus Rohbeton, aus Mischmauerwerk usw. verwendet."],"supply":["In feuchtigkeitsgesch\u00fctzten Spezials\u00e4cken mit einem Volumen von ca. 6 kg"],"attributes":{"Attributes_1":{"GRUNDPUTZE":"Grundputze"},"Attributes_2":{"AUSSENBEREICH":"Au\u00dfenbereich","INNENBEREICH":"Innenbereich"}},"___attributes":{"FASSAES":{"FASSA_SISTEMA_ISOLAMENTO_TERMICO_FASSATHERM":{"Attributes_2":["Au\u00dfenbereich","Innenbereich"]},"FASSA_SISTEMA_INTONACATURA_E_COSTRUZIONE":{"Attributes_1":["Grundputze"],"Attributes_2":["Au\u00dfenbereich","Innenbereich"]}},"FASSA":{"FASSA_SISTEMA_ISOLAMENTO_TERMICO_FASSATHERM":{"Attributes_1":["Grundputze"],"Attributes_2":["Au\u00dfenbereich","Innenbereich"]},"FASSA_SISTEMA_INTONACATURA_E_COSTRUZIONE":{"Attributes_1":["Grundputze"],"Attributes_2":["Au\u00dfenbereich","Innenbereich"]}}},"elastic_market_index":"it","structured_data":{"@context":"https:\/\/schema.org","@type":"Product","name":"FASSA THERMOBENESSERE","description":["W\u00e4rmed\u00e4mmputz auf Basis von hydraulischem Leichtbinder mit Polystyrolkugeln."],"url":"https:\/\/www.fassabortolo.it\/de\/produkte\/sistema-isolamento-termico-fassatherm\/putze\/fassa-thermobenessere","identifier":"PROD_FASSA_THERMOBENESSERE","sku":"PROD_FASSA_THERMOBENESSERE","image":"https:\/\/www.fassabortolo.it\/wp-content\/uploads\/media\/assets\/THERMOBENESSERE.jpg","brand":{"@type":"Brand","name":"Fassa Bortolo"},"manufacturer":{"@type":"Organization","name":"Fassa Bortolo","url":"https:\/\/www.fassabortolo.it"},"additionalProperty":[{"@type":"PropertyValue","name":"Use Case 1","value":"FASSA THERMOBENESSERE wird als w\u00e4rmed\u00e4mmender Grundputz auf Mauerwerken aus Ziegelstein, aus Betonblockstein, aus Rohbeton, aus Mischmauerwerk usw. verwendet."},{"@type":"PropertyValue","name":"Supply Information","value":"In feuchtigkeitsgesch\u00fctzten Spezials\u00e4cken mit einem Volumen von ca. 6 kg"},{"@type":"PropertyValue","name":"Attributes_1","value":"Grundputze"},{"@type":"PropertyValue","name":"Attributes_2","value":"Au\u00dfenbereich"},{"@type":"PropertyValue","name":"Attributes_2","value":"Innenbereich"},{"@type":"PropertyValue","name":"Attributes_1","value":"Grundputze"},{"@type":"PropertyValue","name":"Attributes_2","value":"Au\u00dfenbereich"},{"@type":"PropertyValue","name":"Attributes_2","value":"Innenbereich"}],"category":[{"@type":"ProductCollection","name":"PRODUKTE F\u00dcR DIE W\u00c4RMED\u00c4MMUNG","identifier":"FASSA_LINEA_PRODOTTI_TERMOISOLANTI_SISTEMA_INTONACATURA"},{"@type":"ProductCollection","name":"PUTZE","identifier":"FASSA_LINEA_INTONACI_SISTEMA_ISOLAMENTO"},{"@type":"Collection","name":"VERPUTZ- UND BAUSYSTEM","identifier":"FASSA_SISTEMA_INTONACATURA_E_COSTRUZIONE"},{"@type":"Collection","name":"W\u00c4RMED\u00c4MMVERBUNDSYSTEM FASSATHERM\u00ae","identifier":"FASSA_SISTEMA_ISOLAMENTO_TERMICO_FASSATHERM"}],"inLanguage":"de"},"_links":{"self":[{"href":"https:\/\/www.fassabortolo.it\/de\/wp-json\/wp\/v2\/product\/3413738","targetHints":{"allow":["GET"]}}],"collection":[{"href":"https:\/\/www.fassabortolo.it\/de\/wp-json\/wp\/v2\/product"}],"about":[{"href":"https:\/\/www.fassabortolo.it\/de\/wp-json\/wp\/v2\/types\/product"}],"wp:attachment":[{"href":"https:\/\/www.fassabortolo.it\/de\/wp-json\/wp\/v2\/media?parent=3413738"}],"curies":[{"name":"wp","href":"https:\/\/api.w.org\/{rel}","templated":true}]}}