{"id":3413755,"date":"2026-01-23T12:14:43","date_gmt":"2026-01-23T11:14:43","guid":{"rendered":"http:\/\/10.6.201.155\/?post_type=product&#038;p=53810"},"modified":"2026-04-30T12:59:40","modified_gmt":"2026-04-30T10:59:40","slug":"fassa-k-over-plus-3-30","status":"publish","type":"product","link":"https:\/\/www.fassabortolo.it\/de\/produkte\/verputz-und-bausystem\/traditionelle-produkte\/fassa-k-over-plus-3-30","title":{"rendered":"FASSA K-OVER PLUS 3.30"},"content":{"rendered":"","protected":false},"featured_media":0,"template":"","class_list":["post-3413755","product","type-product","status-publish","hentry"],"acf":[],"fimg":{"url":"https:\/\/www.fassabortolo.it\/wp-content\/uploads\/media\/assets\/Fassa_K-Over_Plus_3.30.jpg","alt":"FASSA K-OVER PLUS 3.30"},"product_description":["Faserverst\u00e4rkter Ausgleichsspachtel und -putz f\u00fcr Ausgleichs- und Renovierungsarbeiten an Innen- und Au\u00dfenfl\u00e4chen. <\/br> Farben: &nbsp; Weiss\/beige und grau"],"ekr_hierarchy_settings":{"it":{"FASSA_LINEA_PRODOTTI_TRADIZIONALI_SISTEMA_INTONACATURA":{"ekr_position":20},"FASSA_LINEA_MALTE_SISTEMA_CONSOLIDAMENTO":{"ekr_position":7}},"lu":{"FASSA_LINEA_PRODOTTI_TRADIZIONALI_SISTEMA_INTONACATURA":{"ekr_position":19},"FASSA_LINEA_MALTE_SISTEMA_CONSOLIDAMENTO":{"ekr_position":8}}},"lang":{"language_code":"de","locale":"de_DE","text_direction":false,"display_name":"Deutsch","native_name":"Tedesco","different_language":false},"systems":[{"id":3412803,"name":"VERPUTZ- UND BAUSYSTEM","permalink":"https:\/\/www.fassabortolo.it\/de\/produkte\/verputz-und-bausystem\/","slug":"verputz-und-bausystem","ekr_pallet_code":"FASSA_SISTEMA_INTONACATURA_E_COSTRUZIONE"},{"id":3412791,"name":"KONSOLIDIERUNGS- UND STRUKTURVERST\u00c4RKUNGSSYSTEM","permalink":"https:\/\/www.fassabortolo.it\/de\/produkte\/konsolidierungs-und-strukturverstarkungssystem\/","slug":"konsolidierungs-und-strukturverstarkungssystem","ekr_pallet_code":"FASSA_SISTEMA_CONSOLIDAMENTO_E_RINFORZO_STRUTTURALE"}],"product_pallet_code":"PROD_FASSA_K_OVER_PLUS_330","lines":[{"id":3412766,"name":"TRADITIONELLE PRODUKTE","permalink":"https:\/\/www.fassabortolo.it\/de\/produkte\/\/traditionelle-produkte\/","slug":"traditionelle-produkte","system_codes":["FASSA_SISTEMA_INTONACATURA_E_COSTRUZIONE"],"ekr_pallet_code":"FASSA_LINEA_PRODOTTI_TRADIZIONALI_SISTEMA_INTONACATURA"},{"id":3412751,"name":"M\u00d6RTEL","permalink":"https:\/\/www.fassabortolo.it\/de\/produkte\/\/mortel\/","slug":"mortel","system_codes":["FASSA_SISTEMA_CONSOLIDAMENTO_E_RINFORZO_STRUTTURALE"],"ekr_pallet_code":"FASSA_LINEA_MALTE_SISTEMA_CONSOLIDAMENTO"}],"use":["FASSA K-OVER PLUS 3.30 wird verwendet als Spachtel und Ausgleichsputz f\u00fcr Ausbesserungs- und Restaurierungsarbeiten an Ziegelmauerwerken, Mischmauerwerken und Betonteilst\u00fccken, von verputzten Oberfl\u00e4chen neuer und alter Geb\u00e4ude.","FASSA K-OVER PLUS 3.30 kann f\u00fcr die Armierspachtelung von bestehenden Farbanstrichen und Beschichtungen verwendet werden, sofern selbige fest am Untergrund anhaften und ausreichend saugf\u00e4hig sind.","Il prodotto viene inoltre utilizzato per realizzare presidi antisfondellamento e antiribaltamento di solai e pareti intonacate in abbinamento alla rete in fibra di vetro alcali-resistenti FASSANET ZR 185 e agli elementi di connessione realizzati con le viti in acciaio RA-P e i piattelli IT 60\/5 H."],"supply":["Weiss\/beige: &nbsp; In feuchtigkeitsgesch\u00fctzten Spezials\u00e4cken zu ca. 25 kg","grau: &nbsp; Lose im Silo &nbsp; *","Je nach Bestimmungsland k\u00f6nnten einige Verkaufsformate nicht erh\u00e4ltlich sein"],"attributes":{"Attributes_1":{"KIPPSCHUTZ":"Kippschutz","DECKABL\u00d6SUNGSSCHUTZ":"Deckabl\u00f6sungsschutz","MEHRZWECKPRODUKTE":"Mehrzweckprodukte"},"Attributes_2":{"AUSSENBEREICH":"Au\u00dfenbereich","INNENBEREICH":"Innenbereich"}},"___attributes":{"FASSA":{"FASSA_SISTEMA_CONSOLIDAMENTO_E_RINFORZO_STRUTTURALE":{"Attributes_1":["Kippschutz","Deckabl\u00f6sungsschutz"],"Attributes_2":["Au\u00dfenbereich","Innenbereich"]},"FASSA_SISTEMA_INTONACATURA_E_COSTRUZIONE":{"Attributes_1":["Mehrzweckprodukte"],"Attributes_2":["Au\u00dfenbereich","Innenbereich"]}}},"elastic_market_index":"it","structured_data":{"@context":"https:\/\/schema.org","@type":"Product","name":"FASSA K-OVER PLUS 3.30","description":["Faserverst\u00e4rkter Ausgleichsspachtel und -putz f\u00fcr Ausgleichs- und Renovierungsarbeiten an Innen- und Au\u00dfenfl\u00e4chen. <\/br> Farben: &nbsp; Weiss\/beige und grau"],"url":"https:\/\/www.fassabortolo.it\/de\/produkte\/verputz-und-bausystem\/traditionelle-produkte\/fassa-k-over-plus-3-30","identifier":"PROD_FASSA_K_OVER_PLUS_330","sku":"PROD_FASSA_K_OVER_PLUS_330","image":"https:\/\/www.fassabortolo.it\/wp-content\/uploads\/media\/assets\/Fassa_K-Over_Plus_3.30.jpg","brand":{"@type":"Brand","name":"Fassa Bortolo"},"manufacturer":{"@type":"Organization","name":"Fassa Bortolo","url":"https:\/\/www.fassabortolo.it"},"additionalProperty":[{"@type":"PropertyValue","name":"Use Case 1","value":"FASSA K-OVER PLUS 3.30 wird verwendet als Spachtel und Ausgleichsputz f\u00fcr Ausbesserungs- und Restaurierungsarbeiten an Ziegelmauerwerken, Mischmauerwerken und Betonteilst\u00fccken, von verputzten Oberfl\u00e4chen neuer und alter Geb\u00e4ude."},{"@type":"PropertyValue","name":"Use Case 2","value":"FASSA K-OVER PLUS 3.30 kann f\u00fcr die Armierspachtelung von bestehenden Farbanstrichen und Beschichtungen verwendet werden, sofern selbige fest am Untergrund anhaften und ausreichend saugf\u00e4hig sind."},{"@type":"PropertyValue","name":"Use Case 3","value":"Il prodotto viene inoltre utilizzato per realizzare presidi antisfondellamento e antiribaltamento di solai e pareti intonacate in abbinamento alla rete in fibra di vetro alcali-resistenti FASSANET ZR 185 e agli elementi di connessione realizzati con le viti in acciaio RA-P e i piattelli IT 60\/5 H."},{"@type":"PropertyValue","name":"Supply Information","value":"Weiss\/beige: &nbsp; In feuchtigkeitsgesch\u00fctzten Spezials\u00e4cken zu ca. 25 kg"},{"@type":"PropertyValue","name":"Supply Information","value":"grau: &nbsp; Lose im Silo &nbsp; *"},{"@type":"PropertyValue","name":"Supply Information","value":"Je nach Bestimmungsland k\u00f6nnten einige Verkaufsformate nicht erh\u00e4ltlich sein"},{"@type":"PropertyValue","name":"Attributes_1","value":"Kippschutz"},{"@type":"PropertyValue","name":"Attributes_1","value":"Deckabl\u00f6sungsschutz"},{"@type":"PropertyValue","name":"Attributes_2","value":"Au\u00dfenbereich"},{"@type":"PropertyValue","name":"Attributes_2","value":"Innenbereich"},{"@type":"PropertyValue","name":"Attributes_1","value":"Mehrzweckprodukte"},{"@type":"PropertyValue","name":"Attributes_2","value":"Au\u00dfenbereich"},{"@type":"PropertyValue","name":"Attributes_2","value":"Innenbereich"}],"category":[{"@type":"ProductCollection","name":"TRADITIONELLE PRODUKTE","identifier":"FASSA_LINEA_PRODOTTI_TRADIZIONALI_SISTEMA_INTONACATURA"},{"@type":"ProductCollection","name":"M\u00d6RTEL","identifier":"FASSA_LINEA_MALTE_SISTEMA_CONSOLIDAMENTO"},{"@type":"Collection","name":"VERPUTZ- UND BAUSYSTEM","identifier":"FASSA_SISTEMA_INTONACATURA_E_COSTRUZIONE"},{"@type":"Collection","name":"KONSOLIDIERUNGS- UND STRUKTURVERST\u00c4RKUNGSSYSTEM","identifier":"FASSA_SISTEMA_CONSOLIDAMENTO_E_RINFORZO_STRUTTURALE"}],"inLanguage":"de"},"_links":{"self":[{"href":"https:\/\/www.fassabortolo.it\/de\/wp-json\/wp\/v2\/product\/3413755","targetHints":{"allow":["GET"]}}],"collection":[{"href":"https:\/\/www.fassabortolo.it\/de\/wp-json\/wp\/v2\/product"}],"about":[{"href":"https:\/\/www.fassabortolo.it\/de\/wp-json\/wp\/v2\/types\/product"}],"wp:attachment":[{"href":"https:\/\/www.fassabortolo.it\/de\/wp-json\/wp\/v2\/media?parent=3413755"}],"curies":[{"name":"wp","href":"https:\/\/api.w.org\/{rel}","templated":true}]}}