{"id":3413839,"date":"2026-03-03T10:15:36","date_gmt":"2026-03-03T09:15:36","guid":{"rendered":"http:\/\/10.6.201.155\/?post_type=product&#038;p=54167"},"modified":"2026-04-30T12:59:44","modified_gmt":"2026-04-30T10:59:44","slug":"fassa-mineral-coat-r15","status":"publish","type":"product","link":"https:\/\/www.fassabortolo.it\/de\/produkte\/sistema-isolamento-termico-fassatherm\/putze\/fassa-mineral-coat-r15","title":{"rendered":"FASSA MINERAL COAT R15"},"content":{"rendered":"","protected":false},"featured_media":0,"template":"","class_list":["post-3413839","product","type-product","status-publish","hentry"],"acf":[],"fimg":{"url":"https:\/\/www.fassabortolo.it\/wp-content\/uploads\/media\/assets\/FASSA_MINERAL_COAT_R15.jpg","alt":"FASSA MINERAL COAT R15"},"product_description":["Extrawei\u00dfer mineralischer Oberputz f\u00fcr den Au\u00dfenbereich."],"ekr_hierarchy_settings":{"it":{"FASSA_LINEA_INTONACI_SISTEMA_ISOLAMENTO":{"ekr_position":2}},"ch":{"FASSA_LINEA_INTONACI_SISTEMA_ISOLAMENTO":{"ekr_position":2}},"lu":{"FASSA_LINEA_INTONACI_SISTEMA_ISOLAMENTO":{"ekr_position":2}}},"lang":{"language_code":"de","locale":"de_DE","text_direction":false,"display_name":"Deutsch","native_name":"Tedesco","different_language":false},"systems":[{"id":3412802,"name":"W\u00c4RMED\u00c4MMVERBUNDSYSTEM FASSATHERM\u00ae","permalink":"https:\/\/www.fassabortolo.it\/de\/produkte\/sistema-isolamento-termico-fassatherm\/","slug":"sistema-isolamento-termico-fassatherm","ekr_pallet_code":"FASSA_SISTEMA_ISOLAMENTO_TERMICO_FASSATHERM"}],"product_pallet_code":"PROD_FASSA_MINERAL_COAT_R15","lines":[{"id":3413837,"name":"PUTZE","permalink":"https:\/\/www.fassabortolo.it\/de\/produkte\/\/putze\/","slug":"putze","system_codes":["FASSA_SISTEMA_ISOLAMENTO_TERMICO_FASSATHERM"],"ekr_pallet_code":"FASSA_LINEA_INTONACI_SISTEMA_ISOLAMENTO"}],"use":["FASSA MINERAL COAT R15 &nbsp; wird vor Aufbringung des Dekor- und Schutzbeschichtungszyklus als Oberputz im Au\u00dfenbereich verwendet, auf Grundputzen auf Kalk-Zementbasis, auf mit alkalibest\u00e4ndigem Glasfaser-Armierungsgewebe bewehrten Spachtelungen und auf W\u00e4rmed\u00e4mmverbundsystemen FASSATHERM. &nbsp; Es werden Grundputze auf Kalk- und Zementbasis empfohlen, welche wie KI 7 hydrophobes Material enthalten."],"supply":["In feuchtigkeitsgesch\u00fctzten Spezials\u00e4cken zu ca. 25 kg"],"attributes":{"Attributes_1":[],"Attributes_2":{"AUSSENBEREICH":"Au\u00dfenbereich"}},"___attributes":{"FASSA":{"FASSA_SISTEMA_ISOLAMENTO_TERMICO_FASSATHERM":{"Attributes_2":["Au\u00dfenbereich"]}}},"elastic_market_index":"it","structured_data":{"@context":"https:\/\/schema.org","@type":"Product","name":"FASSA MINERAL COAT R15","description":["Extrawei\u00dfer mineralischer Oberputz f\u00fcr den Au\u00dfenbereich."],"url":"https:\/\/www.fassabortolo.it\/de\/produkte\/sistema-isolamento-termico-fassatherm\/putze\/fassa-mineral-coat-r15","identifier":"PROD_FASSA_MINERAL_COAT_R15","sku":"PROD_FASSA_MINERAL_COAT_R15","image":"https:\/\/www.fassabortolo.it\/wp-content\/uploads\/media\/assets\/FASSA_MINERAL_COAT_R15.jpg","brand":{"@type":"Brand","name":"Fassa Bortolo"},"manufacturer":{"@type":"Organization","name":"Fassa Bortolo","url":"https:\/\/www.fassabortolo.it"},"additionalProperty":[{"@type":"PropertyValue","name":"Use Case 1","value":"FASSA MINERAL COAT R15 &nbsp; wird vor Aufbringung des Dekor- und Schutzbeschichtungszyklus als Oberputz im Au\u00dfenbereich verwendet, auf Grundputzen auf Kalk-Zementbasis, auf mit alkalibest\u00e4ndigem Glasfaser-Armierungsgewebe bewehrten Spachtelungen und auf W\u00e4rmed\u00e4mmverbundsystemen FASSATHERM. &nbsp; Es werden Grundputze auf Kalk- und Zementbasis empfohlen, welche wie KI 7 hydrophobes Material enthalten."},{"@type":"PropertyValue","name":"Supply Information","value":"In feuchtigkeitsgesch\u00fctzten Spezials\u00e4cken zu ca. 25 kg"},{"@type":"PropertyValue","name":"Attributes_2","value":"Au\u00dfenbereich"}],"category":[{"@type":"ProductCollection","name":"PUTZE","identifier":"FASSA_LINEA_INTONACI_SISTEMA_ISOLAMENTO"},{"@type":"Collection","name":"W\u00c4RMED\u00c4MMVERBUNDSYSTEM FASSATHERM\u00ae","identifier":"FASSA_SISTEMA_ISOLAMENTO_TERMICO_FASSATHERM"}],"inLanguage":"de"},"_links":{"self":[{"href":"https:\/\/www.fassabortolo.it\/de\/wp-json\/wp\/v2\/product\/3413839","targetHints":{"allow":["GET"]}}],"collection":[{"href":"https:\/\/www.fassabortolo.it\/de\/wp-json\/wp\/v2\/product"}],"about":[{"href":"https:\/\/www.fassabortolo.it\/de\/wp-json\/wp\/v2\/types\/product"}],"wp:attachment":[{"href":"https:\/\/www.fassabortolo.it\/de\/wp-json\/wp\/v2\/media?parent=3413839"}],"curies":[{"name":"wp","href":"https:\/\/api.w.org\/{rel}","templated":true}]}}