{"id":3497521,"date":"2026-01-20T14:59:19","date_gmt":"2026-01-20T13:59:19","guid":{"rendered":"http:\/\/10.6.201.155\/?post_type=product&#038;p=50007"},"modified":"2026-04-23T15:59:35","modified_gmt":"2026-04-23T13:59:35","slug":"active-one","status":"publish","type":"product","link":"https:\/\/www.fassabortolo.it\/de\/produkte\/sistema-fassacolour\/komplementare-produkte\/active-one","title":{"rendered":"ACTIVE ONE"},"content":{"rendered":"","protected":false},"featured_media":0,"template":"","class_list":["post-3497521","product","type-product","status-publish","hentry"],"acf":[],"fimg":{"url":"https:\/\/www.fassabortolo.it\/wp-content\/uploads\/media\/assets\/ACTIVE_ONE.jpg","alt":"ACTIVE ONE"},"product_description":["Reinigungsl\u00f6sung f\u00fcr die Reinigung von Mauerwerksfl\u00e4chen"],"ekr_hierarchy_settings":{"it":{"FASSA_LINEA_PRODOTTI_COMPLEMENTARI_SISTEMA_COLORE":{"ekr_position":1}},"ch":{"FASSA_LINEA_PRODOTTI_COMPLEMENTARI_SISTEMA_COLORE":{"ekr_position":0}},"es":{"FASSAES_LINEA_PITTURE_SISTEMA_COLORE":{"ekr_position":0}},"lu":{"FASSA_LINEA_PRODOTTI_COMPLEMENTARI_SISTEMA_COLORE":{"ekr_position":0}}},"lang":{"language_code":"de","locale":"de_DE","text_direction":false,"display_name":"Deutsch","native_name":"Tedesco","different_language":false},"systems":[{"id":3497509,"name":"FASSACOLOUR\u00ae-System","permalink":"https:\/\/www.fassabortolo.it\/de\/produkte\/sistema-fassacolour\/","slug":"sistema-fassacolour","ekr_pallet_code":"FASSA_SISTEMA_COLORE_FASSACOLOUR"}],"product_pallet_code":"PROD_ACTIVE_ONE","lines":[{"id":3497474,"name":"KOMPLEMENT\u00c4RE PRODUKTE","permalink":"https:\/\/www.fassabortolo.it\/de\/produkte\/\/komplementare-produkte\/","slug":"komplementare-produkte","system_codes":["FASSA_SISTEMA_COLORE_FASSACOLOUR"],"ekr_pallet_code":"FASSA_LINEA_PRODOTTI_COMPLEMENTARI_SISTEMA_COLORE"}],"use":["ACTIVE ONE wird als Reinigungsl\u00f6sung f\u00fcr die Reinigung von horizontalen oder vertikalen Wandfl\u00e4chen verwendet, welche aufgrund der st\u00e4dtischen und\/oder atmosph\u00e4rischen Verschmutzung schmutzig sind und einen Verfallszustand aufweisen infolge des Vorhandenseins hartn\u00e4ckiger Flecken und Schmutzpartikel verschiedener Art; ferner dient das Produkt als Hilfsmittel f\u00fcr die mechanische Entfernung von Schimmelpilzen an den W\u00e4nden. &nbsp; Vor der Anwendung sind die Hinweise zu beachten."],"supply":["Karton mit 12 Flakonen zu jeweils 0,5 l. &nbsp; Je nach Bestimmungsland k\u00f6nnten einige Verkaufsformate nicht erh\u00e4ltlich sein."],"attributes":{"Attributes_1":{"TRANSPARENTE GRUNDIERUNGEN":"Transparente Grundierungen","WASSERBASIERTE ANSTRICHE MIT SCHUTZFILM":"Wasserbasierte Anstriche mit Schutzfilm"},"Attributes_2":{"AUSSENBEREICH":"Au\u00dfenbereich","INNENBEREICH":"Innenbereich"}},"___attributes":{"FASSAES":{"FASSA_SISTEMA_COLORE_FASSACOLOUR":{"Attributes_1":["Transparente Grundierungen","Wasserbasierte Anstriche mit Schutzfilm"],"Attributes_2":["Au\u00dfenbereich","Innenbereich"]}},"FASSA":{"FASSA_SISTEMA_COLORE_FASSACOLOUR":{"Attributes_1":["Transparente Grundierungen","Wasserbasierte Anstriche mit Schutzfilm"],"Attributes_2":["Au\u00dfenbereich","Innenbereich"]}}},"elastic_market_index":"it","structured_data":{"@context":"https:\/\/schema.org","@type":"Product","name":"ACTIVE ONE","description":["Reinigungsl\u00f6sung f\u00fcr die Reinigung von Mauerwerksfl\u00e4chen"],"url":"https:\/\/www.fassabortolo.it\/de\/produkte\/sistema-fassacolour\/komplementare-produkte\/active-one","identifier":"PROD_ACTIVE_ONE","sku":"PROD_ACTIVE_ONE","image":"https:\/\/www.fassabortolo.it\/wp-content\/uploads\/media\/assets\/ACTIVE_ONE.jpg","brand":{"@type":"Brand","name":"Fassa Bortolo"},"manufacturer":{"@type":"Organization","name":"Fassa Bortolo","url":"https:\/\/www.fassabortolo.it"},"additionalProperty":[{"@type":"PropertyValue","name":"Use Case 1","value":"ACTIVE ONE wird als Reinigungsl\u00f6sung f\u00fcr die Reinigung von horizontalen oder vertikalen Wandfl\u00e4chen verwendet, welche aufgrund der st\u00e4dtischen und\/oder atmosph\u00e4rischen Verschmutzung schmutzig sind und einen Verfallszustand aufweisen infolge des Vorhandenseins hartn\u00e4ckiger Flecken und Schmutzpartikel verschiedener Art; ferner dient das Produkt als Hilfsmittel f\u00fcr die mechanische Entfernung von Schimmelpilzen an den W\u00e4nden. &nbsp; Vor der Anwendung sind die Hinweise zu beachten."},{"@type":"PropertyValue","name":"Supply Information","value":"Karton mit 12 Flakonen zu jeweils 0,5 l. &nbsp; Je nach Bestimmungsland k\u00f6nnten einige Verkaufsformate nicht erh\u00e4ltlich sein."},{"@type":"PropertyValue","name":"Attributes_1","value":"Transparente Grundierungen"},{"@type":"PropertyValue","name":"Attributes_1","value":"Wasserbasierte Anstriche mit Schutzfilm"},{"@type":"PropertyValue","name":"Attributes_2","value":"Au\u00dfenbereich"},{"@type":"PropertyValue","name":"Attributes_2","value":"Innenbereich"}],"category":[{"@type":"ProductCollection","name":"KOMPLEMENT\u00c4RE PRODUKTE","identifier":"FASSA_LINEA_PRODOTTI_COMPLEMENTARI_SISTEMA_COLORE"},{"@type":"Collection","name":"FASSACOLOUR\u00ae-System","identifier":"FASSA_SISTEMA_COLORE_FASSACOLOUR"}],"inLanguage":"de"},"_links":{"self":[{"href":"https:\/\/www.fassabortolo.it\/de\/wp-json\/wp\/v2\/product\/3497521","targetHints":{"allow":["GET"]}}],"collection":[{"href":"https:\/\/www.fassabortolo.it\/de\/wp-json\/wp\/v2\/product"}],"about":[{"href":"https:\/\/www.fassabortolo.it\/de\/wp-json\/wp\/v2\/types\/product"}],"wp:attachment":[{"href":"https:\/\/www.fassabortolo.it\/de\/wp-json\/wp\/v2\/media?parent=3497521"}],"curies":[{"name":"wp","href":"https:\/\/api.w.org\/{rel}","templated":true}]}}