{"id":3497524,"date":"2026-01-20T14:58:54","date_gmt":"2026-01-20T13:58:54","guid":{"rendered":"http:\/\/10.6.201.155\/?post_type=product&#038;p=50019"},"modified":"2026-02-04T16:49:51","modified_gmt":"2026-02-04T15:49:51","slug":"zubehor-fur-fassa-eliwall","status":"publish","type":"product","link":"https:\/\/www.fassabortolo.it\/de\/produkte\/konsolidierungs-und-strukturverstarkungssystem\/spiralstabe\/zubehor-fur-fassa-eliwall","title":{"rendered":"ZUBEH\u00d6R F\u00dcR FASSA ELIWALL"},"content":{"rendered":"","protected":false},"featured_media":0,"template":"","class_list":["post-3497524","product","type-product","status-publish","hentry"],"acf":[],"fimg":{"url":"https:\/\/www.fassabortolo.it\/wp-content\/uploads\/media\/assets\/Eliwall_Accessori.jpg","alt":"ZUBEH\u00d6R F\u00dcR FASSA ELIWALL"},"product_description":["STABSCHIEBER-ADAPTERAUFSATZ F\u00dcR FASSA ELIWALL;","EXTRUSIONS-KIT;","FUGENKELLE;","NETZGEWEBE AUS ROSTFREIEM STAHL;","KLAMMERN F\u00dcR FASSA ELIWALL"],"ekr_hierarchy_settings":{"it":{"FASSA_LINEA_BARRE_ELICOIDALI_SISTEMA_CONSOLIDAMENTO":{"ekr_position":2}},"ch":{"FASSA_LINEA_BARRE_ELICOIDALI_SISTEMA_CONSOLIDAMENTO":{"ekr_position":0}},"lu":{"FASSA_LINEA_BARRE_ELICOIDALI_SISTEMA_CONSOLIDAMENTO":{"ekr_position":0}}},"lang":{"language_code":"de","locale":"de_DE","text_direction":false,"display_name":"Deutsch","native_name":"Tedesco","different_language":false},"systems":[{"id":3497508,"name":"KONSOLIDIERUNGS- UND STRUKTURVERST\u00c4RKUNGSSYSTEM","permalink":"https:\/\/www.fassabortolo.it\/de\/produkte\/konsolidierungs-und-strukturverstarkungssystem\/","slug":"konsolidierungs-und-strukturverstarkungssystem","ekr_pallet_code":"FASSA_SISTEMA_CONSOLIDAMENTO_E_RINFORZO_STRUTTURALE"}],"product_pallet_code":"PROD_ACCESSORI_PER_FASSA_ELIWALL","lines":[{"id":3497448,"name":"SPIRALST\u00c4BE","permalink":"https:\/\/www.fassabortolo.it\/de\/produkte\/\/spiralstabe\/","slug":"spiralstabe","system_codes":["FASSA_SISTEMA_CONSOLIDAMENTO_E_RINFORZO_STRUTTURALE"],"ekr_pallet_code":"FASSA_LINEA_BARRE_ELICOIDALI_SISTEMA_CONSOLIDAMENTO"}],"use":null,"supply":null,"attributes":{"Attributes_1":{"KIPPSCHUTZ":"Kippschutz","BAUEINGRIFFE MIT SPIRALST\u00c4BEN":"Baueingriffe mit Spiralst\u00e4ben"},"Attributes_2":{"AUSSENBEREICH":"Au\u00dfenbereich","INNENBEREICH":"Innenbereich"}},"___attributes":{"FASSA":{"FASSA_SISTEMA_CONSOLIDAMENTO_E_RINFORZO_STRUTTURALE":{"Attributes_1":["Kippschutz","Baueingriffe mit Spiralst\u00e4ben"],"Attributes_2":["Au\u00dfenbereich","Innenbereich"]}}},"elastic_market_index":"it","structured_data":{"@context":"https:\/\/schema.org","@type":"Product","name":"ZUBEH\u00d6R F\u00dcR FASSA ELIWALL","description":["STABSCHIEBER-ADAPTERAUFSATZ F\u00dcR FASSA ELIWALL;","EXTRUSIONS-KIT;","FUGENKELLE;","NETZGEWEBE AUS ROSTFREIEM STAHL;","KLAMMERN F\u00dcR FASSA ELIWALL"],"url":"https:\/\/www.fassabortolo.it\/de\/produkte\/konsolidierungs-und-strukturverstarkungssystem\/spiralstabe\/zubehor-fur-fassa-eliwall","identifier":"PROD_ACCESSORI_PER_FASSA_ELIWALL","sku":"PROD_ACCESSORI_PER_FASSA_ELIWALL","image":"https:\/\/www.fassabortolo.it\/wp-content\/uploads\/media\/assets\/Eliwall_Accessori.jpg","brand":{"@type":"Brand","name":"Fassa Bortolo"},"manufacturer":{"@type":"Organization","name":"Fassa Bortolo","url":"https:\/\/www.fassabortolo.it"},"additionalProperty":[{"@type":"PropertyValue","name":"Attributes_1","value":"Kippschutz"},{"@type":"PropertyValue","name":"Attributes_1","value":"Baueingriffe mit Spiralst\u00e4ben"},{"@type":"PropertyValue","name":"Attributes_2","value":"Au\u00dfenbereich"},{"@type":"PropertyValue","name":"Attributes_2","value":"Innenbereich"}],"category":[{"@type":"ProductCollection","name":"SPIRALST\u00c4BE","identifier":"FASSA_LINEA_BARRE_ELICOIDALI_SISTEMA_CONSOLIDAMENTO"},{"@type":"Collection","name":"KONSOLIDIERUNGS- UND STRUKTURVERST\u00c4RKUNGSSYSTEM","identifier":"FASSA_SISTEMA_CONSOLIDAMENTO_E_RINFORZO_STRUTTURALE"}],"inLanguage":"de"},"_links":{"self":[{"href":"https:\/\/www.fassabortolo.it\/de\/wp-json\/wp\/v2\/product\/3497524","targetHints":{"allow":["GET"]}}],"collection":[{"href":"https:\/\/www.fassabortolo.it\/de\/wp-json\/wp\/v2\/product"}],"about":[{"href":"https:\/\/www.fassabortolo.it\/de\/wp-json\/wp\/v2\/types\/product"}],"wp:attachment":[{"href":"https:\/\/www.fassabortolo.it\/de\/wp-json\/wp\/v2\/media?parent=3497524"}],"curies":[{"name":"wp","href":"https:\/\/api.w.org\/{rel}","templated":true}]}}