{"id":3497525,"date":"2026-01-20T14:58:55","date_gmt":"2026-01-20T13:58:55","guid":{"rendered":"http:\/\/10.6.201.155\/?post_type=product&#038;p=50023"},"modified":"2026-05-15T01:06:39","modified_gmt":"2026-05-14T23:06:39","slug":"ab-57","status":"publish","type":"product","link":"https:\/\/www.fassabortolo.it\/de\/produkte\/sistema-isolamento-termico-fassatherm\/kleber-und-spachtelmassen\/ab-57","title":{"rendered":"AB 57"},"content":{"rendered":"","protected":false},"featured_media":0,"template":"","class_list":["post-3497525","product","type-product","status-publish","hentry"],"acf":[],"fimg":{"url":"https:\/\/www.fassabortolo.it\/wp-content\/uploads\/media\/assets\/AB_57.jpg","alt":"AB 57"},"product_description":["Wei\u00dfer Spachtelkleber auf Zementbasis"],"ekr_hierarchy_settings":{"it":{"FASSA_LINEA_COLLANTI_E_RASANTI_SISTEMA_ISOLAMENTO":{"ekr_position":9}},"ch":{"FASSA_LINEA_COLLANTI_E_RASANTI_SISTEMA_ISOLAMENTO":{"ekr_position":0}},"lu":{"FASSA_LINEA_COLLANTI_E_RASANTI_SISTEMA_ISOLAMENTO":{"ekr_position":0}}},"lang":{"language_code":"de","locale":"de_DE","text_direction":false,"display_name":"Deutsch","native_name":"Tedesco","different_language":false},"systems":[{"id":3497519,"name":"W\u00c4RMED\u00c4MMVERBUNDSYSTEM FASSATHERM\u00ae","permalink":"https:\/\/www.fassabortolo.it\/de\/produkte\/sistema-isolamento-termico-fassatherm\/","slug":"sistema-isolamento-termico-fassatherm","ekr_pallet_code":"FASSA_SISTEMA_ISOLAMENTO_TERMICO_FASSATHERM"}],"product_pallet_code":"PROD_AB_57","lines":[{"id":3497456,"name":"KLEBER UND SPACHTELMASSEN","permalink":"https:\/\/www.fassabortolo.it\/de\/produkte\/\/kleber-und-spachtelmassen\/","slug":"kleber-und-spachtelmassen","system_codes":["FASSA_SISTEMA_ISOLAMENTO_TERMICO_FASSATHERM"],"ekr_pallet_code":"FASSA_LINEA_COLLANTI_E_RASANTI_SISTEMA_ISOLAMENTO"}],"use":["AB 57 wird verwendet zum Kleben und Spachteln von Polystyrolplatten, zum Einbetten von Armierungsgeweben und zum Spachteln von Betonoberfl\u00e4chen."],"supply":["In feuchtigkeitsgesch\u00fctzten Spezials\u00e4cken zu ca. 25 kg"],"attributes":{"Attributes_1":[],"Attributes_2":{"AUSSENBEREICH":"Au\u00dfenbereich"}},"___attributes":{"FASSA":{"FASSA_SISTEMA_ISOLAMENTO_TERMICO_FASSATHERM":{"Attributes_2":["Au\u00dfenbereich"]}}},"elastic_market_index":"it","structured_data":{"@context":"https:\/\/schema.org","@type":"Product","name":"AB 57","description":["Wei\u00dfer Spachtelkleber auf Zementbasis"],"url":"https:\/\/www.fassabortolo.it\/de\/produkte\/sistema-isolamento-termico-fassatherm\/kleber-und-spachtelmassen\/ab-57","identifier":"PROD_AB_57","sku":"PROD_AB_57","image":"https:\/\/www.fassabortolo.it\/wp-content\/uploads\/media\/assets\/AB_57.jpg","brand":{"@type":"Brand","name":"Fassa Bortolo"},"manufacturer":{"@type":"Organization","name":"Fassa Bortolo","url":"https:\/\/www.fassabortolo.it"},"additionalProperty":[{"@type":"PropertyValue","name":"Use Case 1","value":"AB 57 wird verwendet zum Kleben und Spachteln von Polystyrolplatten, zum Einbetten von Armierungsgeweben und zum Spachteln von Betonoberfl\u00e4chen."},{"@type":"PropertyValue","name":"Supply Information","value":"In feuchtigkeitsgesch\u00fctzten Spezials\u00e4cken zu ca. 25 kg"},{"@type":"PropertyValue","name":"Attributes_2","value":"Au\u00dfenbereich"}],"category":[{"@type":"ProductCollection","name":"KLEBER UND SPACHTELMASSEN","identifier":"FASSA_LINEA_COLLANTI_E_RASANTI_SISTEMA_ISOLAMENTO"},{"@type":"Collection","name":"W\u00c4RMED\u00c4MMVERBUNDSYSTEM FASSATHERM\u00ae","identifier":"FASSA_SISTEMA_ISOLAMENTO_TERMICO_FASSATHERM"}],"inLanguage":"de"},"_links":{"self":[{"href":"https:\/\/www.fassabortolo.it\/de\/wp-json\/wp\/v2\/product\/3497525","targetHints":{"allow":["GET"]}}],"collection":[{"href":"https:\/\/www.fassabortolo.it\/de\/wp-json\/wp\/v2\/product"}],"about":[{"href":"https:\/\/www.fassabortolo.it\/de\/wp-json\/wp\/v2\/types\/product"}],"wp:attachment":[{"href":"https:\/\/www.fassabortolo.it\/de\/wp-json\/wp\/v2\/media?parent=3497525"}],"curies":[{"name":"wp","href":"https:\/\/api.w.org\/{rel}","templated":true}]}}