{"id":3497528,"date":"2026-01-20T14:59:00","date_gmt":"2026-01-20T13:59:00","guid":{"rendered":"http:\/\/10.6.201.155\/?post_type=product&#038;p=50037"},"modified":"2026-05-15T01:07:14","modified_gmt":"2026-05-14T23:07:14","slug":"adywood-ms","status":"publish","type":"product","link":"https:\/\/www.fassabortolo.it\/de\/produkte\/verlegesystem-fur-boden-und-wandbelage\/fassacol-klebstoffe\/adywood-ms","title":{"rendered":"ADYWOOD MS"},"content":{"rendered":"","protected":false},"featured_media":0,"template":"","class_list":["post-3497528","product","type-product","status-publish","hentry"],"acf":[],"fimg":{"url":"https:\/\/www.fassabortolo.it\/wp-content\/uploads\/media\/assets\/ADYWOOD_MS.jpg","alt":"ADYWOOD MS"},"product_description":["Einkomponentiger Silanklebstoff f\u00fcr Holz"],"ekr_hierarchy_settings":{"it":{"FASSA_LINEA_FASSACOL_ADESIVI_SISTEMA_POSA":{"ekr_position":11}},"es":{"FASSAES_LINEA_FASSACOL_ADESIVI_SISTEMA_POSA":{"ekr_position":12}},"lu":{"FASSA_LINEA_FASSACOL_ADESIVI_SISTEMA_POSA":{"ekr_position":14}}},"lang":{"language_code":"de","locale":"de_DE","text_direction":false,"display_name":"Deutsch","native_name":"Tedesco","different_language":false},"systems":[{"id":3497517,"name":"VERLEGESYSTEM F\u00dcR BODEN- UND WANDBEL\u00c4GE","permalink":"https:\/\/www.fassabortolo.it\/de\/produkte\/verlegesystem-fur-boden-und-wandbelage\/","slug":"verlegesystem-fur-boden-und-wandbelage","ekr_pallet_code":"FASSA_SISTEMA_POSA_PAVIMENTI_E_RIVESTIMENTI"}],"product_pallet_code":"PROD_ADYWOOD_MS","lines":[{"id":3497452,"name":"FASSACOL &#8211; KLEBSTOFFE","permalink":"https:\/\/www.fassabortolo.it\/de\/produkte\/\/fassacol-klebstoffe\/","slug":"fassacol-klebstoffe","system_codes":["FASSA_SISTEMA_POSA_PAVIMENTI_E_RIVESTIMENTI"],"ekr_pallet_code":"FASSA_LINEA_FASSACOL_ADESIVI_SISTEMA_POSA"}],"use":["ADYWOOD MS ist ein Klebstoff zum Verkleben von vorgefertigten Mehrschichtb\u00f6den.","Untergr\u00fcnde k\u00f6nnen sein: ordentlich ausgeh\u00e4rtete und trockene Estriche auf Zement- oder Anhydritbasis, ordentlich ausgeh\u00e4rtete Betonplatten, bestehende Keramikb\u00f6den, Marmor.","Eignet sich zur Verlegung auf Estrichen mit Heiz-\/K\u00fchlanlage.","Dank perfekter Materialkompatibilit\u00e4t h\u00f6chst geeignet auf Estrichen wie SA 500, E 439, SM 485, SL 416, FASSAFLOOR THERM, SV 472 P, SR 450 oder LEGEO MIX, sowie auf mit dem Binder FASSACEM realisierten Estrichen."],"supply":["Eimer zu ca. 15 kg"],"attributes":{"Attributes_1":{"KLEBSTOFFE F\u00dcR BODENBEL\u00c4GE AUS HOLZ":"Klebstoffe f\u00fcr Bodenbel\u00e4ge aus Holz"},"Attributes_2":{"INNENBEREICH":"Innenbereich"}},"___attributes":{"FASSAES":{"FASSA_SISTEMA_POSA_PAVIMENTI_E_RIVESTIMENTI":{"Attributes_1":["Klebstoffe f\u00fcr Bodenbel\u00e4ge aus Holz"],"Attributes_2":["Innenbereich"]}},"FASSA":{"FASSA_SISTEMA_POSA_PAVIMENTI_E_RIVESTIMENTI":{"Attributes_1":["Klebstoffe f\u00fcr Bodenbel\u00e4ge aus Holz"],"Attributes_2":["Innenbereich"]}}},"elastic_market_index":"it","structured_data":{"@context":"https:\/\/schema.org","@type":"Product","name":"ADYWOOD MS","description":["Einkomponentiger Silanklebstoff f\u00fcr Holz"],"url":"https:\/\/www.fassabortolo.it\/de\/produkte\/verlegesystem-fur-boden-und-wandbelage\/fassacol-klebstoffe\/adywood-ms","identifier":"PROD_ADYWOOD_MS","sku":"PROD_ADYWOOD_MS","image":"https:\/\/www.fassabortolo.it\/wp-content\/uploads\/media\/assets\/ADYWOOD_MS.jpg","brand":{"@type":"Brand","name":"Fassa Bortolo"},"manufacturer":{"@type":"Organization","name":"Fassa Bortolo","url":"https:\/\/www.fassabortolo.it"},"additionalProperty":[{"@type":"PropertyValue","name":"Use Case 1","value":"ADYWOOD MS ist ein Klebstoff zum Verkleben von vorgefertigten Mehrschichtb\u00f6den."},{"@type":"PropertyValue","name":"Use Case 2","value":"Untergr\u00fcnde k\u00f6nnen sein: ordentlich ausgeh\u00e4rtete und trockene Estriche auf Zement- oder Anhydritbasis, ordentlich ausgeh\u00e4rtete Betonplatten, bestehende Keramikb\u00f6den, Marmor."},{"@type":"PropertyValue","name":"Use Case 3","value":"Eignet sich zur Verlegung auf Estrichen mit Heiz-\/K\u00fchlanlage."},{"@type":"PropertyValue","name":"Use Case 4","value":"Dank perfekter Materialkompatibilit\u00e4t h\u00f6chst geeignet auf Estrichen wie SA 500, E 439, SM 485, SL 416, FASSAFLOOR THERM, SV 472 P, SR 450 oder LEGEO MIX, sowie auf mit dem Binder FASSACEM realisierten Estrichen."},{"@type":"PropertyValue","name":"Supply Information","value":"Eimer zu ca. 15 kg"},{"@type":"PropertyValue","name":"Attributes_1","value":"Klebstoffe f\u00fcr Bodenbel\u00e4ge aus Holz"},{"@type":"PropertyValue","name":"Attributes_2","value":"Innenbereich"}],"category":[{"@type":"ProductCollection","name":"FASSACOL &#8211; KLEBSTOFFE","identifier":"FASSA_LINEA_FASSACOL_ADESIVI_SISTEMA_POSA"},{"@type":"Collection","name":"VERLEGESYSTEM F\u00dcR BODEN- UND WANDBEL\u00c4GE","identifier":"FASSA_SISTEMA_POSA_PAVIMENTI_E_RIVESTIMENTI"}],"inLanguage":"de"},"_links":{"self":[{"href":"https:\/\/www.fassabortolo.it\/de\/wp-json\/wp\/v2\/product\/3497528","targetHints":{"allow":["GET"]}}],"collection":[{"href":"https:\/\/www.fassabortolo.it\/de\/wp-json\/wp\/v2\/product"}],"about":[{"href":"https:\/\/www.fassabortolo.it\/de\/wp-json\/wp\/v2\/types\/product"}],"wp:attachment":[{"href":"https:\/\/www.fassabortolo.it\/de\/wp-json\/wp\/v2\/media?parent=3497528"}],"curies":[{"name":"wp","href":"https:\/\/api.w.org\/{rel}","templated":true}]}}