{"id":3497535,"date":"2026-01-20T14:59:11","date_gmt":"2026-01-20T13:59:11","guid":{"rendered":"http:\/\/10.6.201.155\/?post_type=product&#038;p=50066"},"modified":"2026-02-04T16:50:02","modified_gmt":"2026-02-04T15:50:02","slug":"glattekelle","status":"publish","type":"product","link":"https:\/\/www.fassabortolo.it\/de\/produkte\/verlegesystem-fur-boden-und-wandbelage\/aquazip-wasserundurchlassige-dichtstoffe\/glattekelle","title":{"rendered":"GL\u00c4TTEKELLE"},"content":{"rendered":"","protected":false},"featured_media":0,"template":"","class_list":["post-3497535","product","type-product","status-publish","hentry"],"acf":[],"fimg":{"url":"https:\/\/www.fassabortolo.it\/wp-content\/uploads\/media\/assets\/AMERICANA_280x120.jpg","alt":"GL\u00c4TTEKELLE"},"product_description":["Mit langer Stahlst\u00fctze, einh\u00e4ndige Bedienung. 280x120X0,5 cm"],"ekr_hierarchy_settings":{"it":{"FASSA_LINEA_AQUAZIP_IMPERMEABILIZZANTI_SISTEMA_POSA":{"ekr_position":18}},"ch":{"FASSA_LINEA_AQUAZIP_IMPERMEABILIZZANTI_SISTEMA_POSA":{"ekr_position":0}},"es":{"FASSAES_LINEA_AQUAZIP_IMPERMEABILIZZANTI_SISTEMA_POSA":{"ekr_position":0}},"lu":{"FASSA_LINEA_AQUAZIP_IMPERMEABILIZZANTI_SISTEMA_POSA":{"ekr_position":0}}},"lang":{"language_code":"de","locale":"de_DE","text_direction":false,"display_name":"Deutsch","native_name":"Tedesco","different_language":false},"systems":[{"id":3497517,"name":"VERLEGESYSTEM F\u00dcR BODEN- UND WANDBEL\u00c4GE","permalink":"https:\/\/www.fassabortolo.it\/de\/produkte\/verlegesystem-fur-boden-und-wandbelage\/","slug":"verlegesystem-fur-boden-und-wandbelage","ekr_pallet_code":"FASSA_SISTEMA_POSA_PAVIMENTI_E_RIVESTIMENTI"}],"product_pallet_code":"PROD_AMERICANA","lines":[{"id":3497450,"name":"AQUAZIP\u00ae &#8211; WASSERUNDURCHL\u00c4SSIGE DICHTSTOFFE","permalink":"https:\/\/www.fassabortolo.it\/de\/produkte\/\/aquazip-wasserundurchlassige-dichtstoffe\/","slug":"aquazip-wasserundurchlassige-dichtstoffe","system_codes":["FASSA_SISTEMA_POSA_PAVIMENTI_E_RIVESTIMENTI"],"ekr_pallet_code":"FASSA_LINEA_AQUAZIP_IMPERMEABILIZZANTI_SISTEMA_POSA"}],"use":null,"supply":null,"attributes":{"Attributes_1":{"ZUBEH\u00d6RTEILE":"Zubeh\u00f6rteile"},"Attributes_2":[]},"___attributes":{"FASSAES":{"FASSA_SISTEMA_POSA_PAVIMENTI_E_RIVESTIMENTI":{"Attributes_1":["Zubeh\u00f6rteile"],"Attributes_2":["Au\u00dfenbereich","Innenbereich"]}},"FASSA":{"FASSA_SISTEMA_POSA_PAVIMENTI_E_RIVESTIMENTI":{"Attributes_1":["Zubeh\u00f6rteile"]}}},"elastic_market_index":"it","structured_data":{"@context":"https:\/\/schema.org","@type":"Product","name":"GL\u00c4TTEKELLE","description":["Mit langer Stahlst\u00fctze, einh\u00e4ndige Bedienung. 280x120X0,5 cm"],"url":"https:\/\/www.fassabortolo.it\/de\/produkte\/verlegesystem-fur-boden-und-wandbelage\/aquazip-wasserundurchlassige-dichtstoffe\/glattekelle","identifier":"PROD_AMERICANA","sku":"PROD_AMERICANA","image":"https:\/\/www.fassabortolo.it\/wp-content\/uploads\/media\/assets\/AMERICANA_280x120.jpg","brand":{"@type":"Brand","name":"Fassa Bortolo"},"manufacturer":{"@type":"Organization","name":"Fassa Bortolo","url":"https:\/\/www.fassabortolo.it"},"additionalProperty":[{"@type":"PropertyValue","name":"Attributes_1","value":"Zubeh\u00f6rteile"}],"category":[{"@type":"ProductCollection","name":"AQUAZIP\u00ae &#8211; WASSERUNDURCHL\u00c4SSIGE DICHTSTOFFE","identifier":"FASSA_LINEA_AQUAZIP_IMPERMEABILIZZANTI_SISTEMA_POSA"},{"@type":"Collection","name":"VERLEGESYSTEM F\u00dcR BODEN- UND WANDBEL\u00c4GE","identifier":"FASSA_SISTEMA_POSA_PAVIMENTI_E_RIVESTIMENTI"}],"inLanguage":"de"},"_links":{"self":[{"href":"https:\/\/www.fassabortolo.it\/de\/wp-json\/wp\/v2\/product\/3497535","targetHints":{"allow":["GET"]}}],"collection":[{"href":"https:\/\/www.fassabortolo.it\/de\/wp-json\/wp\/v2\/product"}],"about":[{"href":"https:\/\/www.fassabortolo.it\/de\/wp-json\/wp\/v2\/types\/product"}],"wp:attachment":[{"href":"https:\/\/www.fassabortolo.it\/de\/wp-json\/wp\/v2\/media?parent=3497535"}],"curies":[{"name":"wp","href":"https:\/\/api.w.org\/{rel}","templated":true}]}}