{"id":3497537,"date":"2026-01-20T14:59:02","date_gmt":"2026-01-20T13:59:02","guid":{"rendered":"http:\/\/10.6.201.155\/?post_type=product&#038;p=50073"},"modified":"2026-05-15T01:07:21","modified_gmt":"2026-05-14T23:07:21","slug":"adywood-2k","status":"publish","type":"product","link":"https:\/\/www.fassabortolo.it\/de\/produkte\/verlegesystem-fur-boden-und-wandbelage\/fassacol-klebstoffe\/adywood-2k","title":{"rendered":"ADYWOOD 2K"},"content":{"rendered":"","protected":false},"featured_media":0,"template":"","class_list":["post-3497537","product","type-product","status-publish","hentry"],"acf":[],"fimg":{"url":"https:\/\/www.fassabortolo.it\/wp-content\/uploads\/media\/assets\/ADYWOOD_2K.jpg","alt":"ADYWOOD 2K"},"product_description":["Zweikomponentiger Epoxy-Polyurethan-Klebstoff zur Verklebung von Holzb\u00f6den"],"ekr_hierarchy_settings":{"it":{"FASSA_LINEA_FASSACOL_ADESIVI_SISTEMA_POSA":{"ekr_position":10}},"lu":{"FASSA_LINEA_FASSACOL_ADESIVI_SISTEMA_POSA":{"ekr_position":15}}},"lang":{"language_code":"de","locale":"de_DE","text_direction":false,"display_name":"Deutsch","native_name":"Tedesco","different_language":false},"systems":[{"id":3497517,"name":"VERLEGESYSTEM F\u00dcR BODEN- UND WANDBEL\u00c4GE","permalink":"https:\/\/www.fassabortolo.it\/de\/produkte\/verlegesystem-fur-boden-und-wandbelage\/","slug":"verlegesystem-fur-boden-und-wandbelage","ekr_pallet_code":"FASSA_SISTEMA_POSA_PAVIMENTI_E_RIVESTIMENTI"}],"product_pallet_code":"PROD_ADYWOOD_2K","lines":[{"id":3497452,"name":"FASSACOL &#8211; KLEBSTOFFE","permalink":"https:\/\/www.fassabortolo.it\/de\/produkte\/\/fassacol-klebstoffe\/","slug":"fassacol-klebstoffe","system_codes":["FASSA_SISTEMA_POSA_PAVIMENTI_E_RIVESTIMENTI"],"ekr_pallet_code":"FASSA_LINEA_FASSACOL_ADESIVI_SISTEMA_POSA"}],"use":["ADYWOOD 2K garantiert dank hoher Z\u00e4higkeit und guter Elastizit\u00e4t leistungsstarke Verklebungen von Holzbel\u00e4gen auf Untergr\u00fcnden der verschiedensten Art.","Es ist ein Klebstoff zum Verkleben von Holzb\u00f6den aller Art und jeglichen Formats, wie beispielsweise Massivholz oder Holzmosaik, Steckdielen aus Holz, vorgefertigte Mehrschichtholzb\u00f6den, Massivholzlamellen (industriell gefertigt).","M\u00f6gliche Untergr\u00fcnde: trockene und gut ausgeh\u00e4rtete Estriche auf Zement- oder Anhydritbasis, gut ausgeh\u00e4rtete Betonsohlen, bestehende B\u00f6den usw.. &nbsp; Eignet sich zur Verlegung auf Estrichen mit Heiz-\/K\u00fchlanlage.","Dank perfekter Materialkompatibilit\u00e4t h\u00f6chst geeignet auf Estrichen wie SA 500, E 439, SM 485, SL 416, FASSAFLOOR THERM, SV 472 P, SR 450 oder LEGEO MIX, sowie auf mit dem Binder FASSACEM realisierten Estrichen."],"supply":["Gebinde zu ca. 10 kg (Komp. A zu 9 kg + Komp. B zu 1 kg)"],"attributes":{"Attributes_1":{"KLEBSTOFFE F\u00dcR BODENBEL\u00c4GE AUS HOLZ":"Klebstoffe f\u00fcr Bodenbel\u00e4ge aus Holz"},"Attributes_2":{"INNENBEREICH":"Innenbereich"}},"___attributes":{"FASSA":{"FASSA_SISTEMA_POSA_PAVIMENTI_E_RIVESTIMENTI":{"Attributes_1":["Klebstoffe f\u00fcr Bodenbel\u00e4ge aus Holz"],"Attributes_2":["Innenbereich"]}}},"elastic_market_index":"it","structured_data":{"@context":"https:\/\/schema.org","@type":"Product","name":"ADYWOOD 2K","description":["Zweikomponentiger Epoxy-Polyurethan-Klebstoff zur Verklebung von Holzb\u00f6den"],"url":"https:\/\/www.fassabortolo.it\/de\/produkte\/verlegesystem-fur-boden-und-wandbelage\/fassacol-klebstoffe\/adywood-2k","identifier":"PROD_ADYWOOD_2K","sku":"PROD_ADYWOOD_2K","image":"https:\/\/www.fassabortolo.it\/wp-content\/uploads\/media\/assets\/ADYWOOD_2K.jpg","brand":{"@type":"Brand","name":"Fassa Bortolo"},"manufacturer":{"@type":"Organization","name":"Fassa Bortolo","url":"https:\/\/www.fassabortolo.it"},"additionalProperty":[{"@type":"PropertyValue","name":"Use Case 1","value":"ADYWOOD 2K garantiert dank hoher Z\u00e4higkeit und guter Elastizit\u00e4t leistungsstarke Verklebungen von Holzbel\u00e4gen auf Untergr\u00fcnden der verschiedensten Art."},{"@type":"PropertyValue","name":"Use Case 2","value":"Es ist ein Klebstoff zum Verkleben von Holzb\u00f6den aller Art und jeglichen Formats, wie beispielsweise Massivholz oder Holzmosaik, Steckdielen aus Holz, vorgefertigte Mehrschichtholzb\u00f6den, Massivholzlamellen (industriell gefertigt)."},{"@type":"PropertyValue","name":"Use Case 3","value":"M\u00f6gliche Untergr\u00fcnde: trockene und gut ausgeh\u00e4rtete Estriche auf Zement- oder Anhydritbasis, gut ausgeh\u00e4rtete Betonsohlen, bestehende B\u00f6den usw.. &nbsp; Eignet sich zur Verlegung auf Estrichen mit Heiz-\/K\u00fchlanlage."},{"@type":"PropertyValue","name":"Use Case 4","value":"Dank perfekter Materialkompatibilit\u00e4t h\u00f6chst geeignet auf Estrichen wie SA 500, E 439, SM 485, SL 416, FASSAFLOOR THERM, SV 472 P, SR 450 oder LEGEO MIX, sowie auf mit dem Binder FASSACEM realisierten Estrichen."},{"@type":"PropertyValue","name":"Supply Information","value":"Gebinde zu ca. 10 kg (Komp. A zu 9 kg + Komp. B zu 1 kg)"},{"@type":"PropertyValue","name":"Attributes_1","value":"Klebstoffe f\u00fcr Bodenbel\u00e4ge aus Holz"},{"@type":"PropertyValue","name":"Attributes_2","value":"Innenbereich"}],"category":[{"@type":"ProductCollection","name":"FASSACOL &#8211; KLEBSTOFFE","identifier":"FASSA_LINEA_FASSACOL_ADESIVI_SISTEMA_POSA"},{"@type":"Collection","name":"VERLEGESYSTEM F\u00dcR BODEN- UND WANDBEL\u00c4GE","identifier":"FASSA_SISTEMA_POSA_PAVIMENTI_E_RIVESTIMENTI"}],"inLanguage":"de"},"_links":{"self":[{"href":"https:\/\/www.fassabortolo.it\/de\/wp-json\/wp\/v2\/product\/3497537","targetHints":{"allow":["GET"]}}],"collection":[{"href":"https:\/\/www.fassabortolo.it\/de\/wp-json\/wp\/v2\/product"}],"about":[{"href":"https:\/\/www.fassabortolo.it\/de\/wp-json\/wp\/v2\/types\/product"}],"wp:attachment":[{"href":"https:\/\/www.fassabortolo.it\/de\/wp-json\/wp\/v2\/media?parent=3497537"}],"curies":[{"name":"wp","href":"https:\/\/api.w.org\/{rel}","templated":true}]}}