{"id":3497538,"date":"2026-01-20T14:59:12","date_gmt":"2026-01-20T13:59:12","guid":{"rendered":"http:\/\/10.6.201.155\/?post_type=product&#038;p=50076"},"modified":"2026-05-15T01:06:24","modified_gmt":"2026-05-14T23:06:24","slug":"al-88","status":"publish","type":"product","link":"https:\/\/www.fassabortolo.it\/de\/produkte\/sistema-isolamento-termico-fassatherm\/kleber-und-spachtelmassen\/al-88","title":{"rendered":"AL 88"},"content":{"rendered":"","protected":false},"featured_media":0,"template":"","class_list":["post-3497538","product","type-product","status-publish","hentry"],"acf":[],"fimg":{"url":"https:\/\/www.fassabortolo.it\/wp-content\/uploads\/media\/assets\/AL_88.jpg","alt":"AL 88"},"product_description":["Leichtgewichtiger Spachtelkleber auf Zementbasis in Wei\u00df, f\u00fcr D\u00e4mmsysteme Fassatherm<sup>\u00ae<\/sup>"],"ekr_hierarchy_settings":{"it":{"FASSA_LINEA_COLLANTI_E_RASANTI_SISTEMA_ISOLAMENTO":{"ekr_position":3}},"es":{"FASSAES_LINEA_COLLANTI_E_RASANTI_SISTEMA_ISOLAMENTO":{"ekr_position":0}},"lu":{"FASSA_LINEA_COLLANTI_E_RASANTI_SISTEMA_ISOLAMENTO":{"ekr_position":9}}},"lang":{"language_code":"de","locale":"de_DE","text_direction":false,"display_name":"Deutsch","native_name":"Tedesco","different_language":false},"systems":[{"id":3497519,"name":"W\u00c4RMED\u00c4MMVERBUNDSYSTEM FASSATHERM\u00ae","permalink":"https:\/\/www.fassabortolo.it\/de\/produkte\/sistema-isolamento-termico-fassatherm\/","slug":"sistema-isolamento-termico-fassatherm","ekr_pallet_code":"FASSA_SISTEMA_ISOLAMENTO_TERMICO_FASSATHERM"}],"product_pallet_code":"PROD_AL_88","lines":[{"id":3497456,"name":"KLEBER UND SPACHTELMASSEN","permalink":"https:\/\/www.fassabortolo.it\/de\/produkte\/\/kleber-und-spachtelmassen\/","slug":"kleber-und-spachtelmassen","system_codes":["FASSA_SISTEMA_ISOLAMENTO_TERMICO_FASSATHERM"],"ekr_pallet_code":"FASSA_LINEA_COLLANTI_E_RASANTI_SISTEMA_ISOLAMENTO"}],"use":["AL 88 wird bei W\u00e4rmed\u00e4mmverbundsystemen zum Verkleben und Verspachteln von aus Bl\u00f6cken geschnittenen oder formgepressten EPS-D\u00e4mmplatten und D\u00e4mmplatten aus mineralischer Steinwolle verwendet. &nbsp; Wird ferner zum Einbetten von Armierungsgeweben und zum Verspachteln von PIR D\u00e4mmplatten verwendet."],"supply":["Lose im Silo","In feuchtigkeitsgesch\u00fctzten Spezials\u00e4cken zu ca. 25 kg","Je nach Bestimmungsland k\u00f6nnten einige Verkaufsformate nicht erh\u00e4ltlich sein"],"attributes":{"Attributes_1":[],"Attributes_2":{"AUSSENBEREICH":"Au\u00dfenbereich"}},"___attributes":{"FASSAES":{"FASSA_SISTEMA_ISOLAMENTO_TERMICO_FASSATHERM":{"Attributes_2":["Au\u00dfenbereich"]}},"FASSA":{"FASSA_SISTEMA_ISOLAMENTO_TERMICO_FASSATHERM":{"Attributes_2":["Au\u00dfenbereich"]}}},"elastic_market_index":"it","structured_data":{"@context":"https:\/\/schema.org","@type":"Product","name":"AL 88","description":["Leichtgewichtiger Spachtelkleber auf Zementbasis in Wei\u00df, f\u00fcr D\u00e4mmsysteme Fassatherm<sup>\u00ae<\/sup>"],"url":"https:\/\/www.fassabortolo.it\/de\/produkte\/sistema-isolamento-termico-fassatherm\/kleber-und-spachtelmassen\/al-88","identifier":"PROD_AL_88","sku":"PROD_AL_88","image":"https:\/\/www.fassabortolo.it\/wp-content\/uploads\/media\/assets\/AL_88.jpg","brand":{"@type":"Brand","name":"Fassa Bortolo"},"manufacturer":{"@type":"Organization","name":"Fassa Bortolo","url":"https:\/\/www.fassabortolo.it"},"additionalProperty":[{"@type":"PropertyValue","name":"Use Case 1","value":"AL 88 wird bei W\u00e4rmed\u00e4mmverbundsystemen zum Verkleben und Verspachteln von aus Bl\u00f6cken geschnittenen oder formgepressten EPS-D\u00e4mmplatten und D\u00e4mmplatten aus mineralischer Steinwolle verwendet. &nbsp; Wird ferner zum Einbetten von Armierungsgeweben und zum Verspachteln von PIR D\u00e4mmplatten verwendet."},{"@type":"PropertyValue","name":"Supply Information","value":"Lose im Silo"},{"@type":"PropertyValue","name":"Supply Information","value":"In feuchtigkeitsgesch\u00fctzten Spezials\u00e4cken zu ca. 25 kg"},{"@type":"PropertyValue","name":"Supply Information","value":"Je nach Bestimmungsland k\u00f6nnten einige Verkaufsformate nicht erh\u00e4ltlich sein"},{"@type":"PropertyValue","name":"Attributes_2","value":"Au\u00dfenbereich"}],"category":[{"@type":"ProductCollection","name":"KLEBER UND SPACHTELMASSEN","identifier":"FASSA_LINEA_COLLANTI_E_RASANTI_SISTEMA_ISOLAMENTO"},{"@type":"Collection","name":"W\u00c4RMED\u00c4MMVERBUNDSYSTEM FASSATHERM\u00ae","identifier":"FASSA_SISTEMA_ISOLAMENTO_TERMICO_FASSATHERM"}],"inLanguage":"de"},"_links":{"self":[{"href":"https:\/\/www.fassabortolo.it\/de\/wp-json\/wp\/v2\/product\/3497538","targetHints":{"allow":["GET"]}}],"collection":[{"href":"https:\/\/www.fassabortolo.it\/de\/wp-json\/wp\/v2\/product"}],"about":[{"href":"https:\/\/www.fassabortolo.it\/de\/wp-json\/wp\/v2\/types\/product"}],"wp:attachment":[{"href":"https:\/\/www.fassabortolo.it\/de\/wp-json\/wp\/v2\/media?parent=3497538"}],"curies":[{"name":"wp","href":"https:\/\/api.w.org\/{rel}","templated":true}]}}