{"id":3497539,"date":"2026-01-20T14:59:09","date_gmt":"2026-01-20T13:59:09","guid":{"rendered":"http:\/\/10.6.201.155\/?post_type=product&#038;p=50079"},"modified":"2026-05-15T01:07:26","modified_gmt":"2026-05-14T23:07:26","slug":"adytex-rs","status":"publish","type":"product","link":"https:\/\/www.fassabortolo.it\/de\/produkte\/verlegesystem-fur-boden-und-wandbelage\/fassacol-klebstoffe\/adytex-rs","title":{"rendered":"ADYTEX RS"},"content":{"rendered":"","protected":false},"featured_media":0,"template":"","class_list":["post-3497539","product","type-product","status-publish","hentry"],"acf":[],"fimg":{"url":"https:\/\/www.fassabortolo.it\/wp-content\/uploads\/media\/assets\/ADYTEX_RS.jpg","alt":"ADYTEX RS"},"product_description":["Einkomponentiger Acrylkleber mit hoher Anfangshaftung, f\u00fcr elastische Bodenbel\u00e4ge im Innenbereich"],"ekr_hierarchy_settings":{"it":{"FASSA_LINEA_FASSACOL_ADESIVI_SISTEMA_POSA":{"ekr_position":13}},"es":{"FASSAES_LINEA_FASSACOL_ADESIVI_SISTEMA_POSA":{"ekr_position":0}},"lu":{"FASSA_LINEA_FASSACOL_ADESIVI_SISTEMA_POSA":{"ekr_position":16}}},"lang":{"language_code":"de","locale":"de_DE","text_direction":false,"display_name":"Deutsch","native_name":"Tedesco","different_language":false},"systems":[{"id":3497517,"name":"VERLEGESYSTEM F\u00dcR BODEN- UND WANDBEL\u00c4GE","permalink":"https:\/\/www.fassabortolo.it\/de\/produkte\/verlegesystem-fur-boden-und-wandbelage\/","slug":"verlegesystem-fur-boden-und-wandbelage","ekr_pallet_code":"FASSA_SISTEMA_POSA_PAVIMENTI_E_RIVESTIMENTI"}],"product_pallet_code":"PROD_ADYTEX_RS","lines":[{"id":3497452,"name":"FASSACOL &#8211; KLEBSTOFFE","permalink":"https:\/\/www.fassabortolo.it\/de\/produkte\/\/fassacol-klebstoffe\/","slug":"fassacol-klebstoffe","system_codes":["FASSA_SISTEMA_POSA_PAVIMENTI_E_RIVESTIMENTI"],"ekr_pallet_code":"FASSA_LINEA_FASSACOL_ADESIVI_SISTEMA_POSA"}],"use":["ADYTEX RS ist ein Kleber auf Acrylbasis mit hoher Anfangshaftung zum Verkleben von elastischen Boden- und Wandbel\u00e4gen aus PVC, LVT, von Teppich- und Filzb\u00f6den, von Verkleidungen mit Latexschaumunterlage, von Jute- und Linoleummatten auf saugenden Untergr\u00fcnden im Innenbereich."],"supply":["Spezialeimer zu 10 kg"],"attributes":{"Attributes_1":{"KLEBSTOFFE F\u00dcR ELASTISCHE BODENBEL\u00c4GE":"Klebstoffe f\u00fcr elastische Bodenbel\u00e4ge"},"Attributes_2":{"INNENBEREICH":"Innenbereich"}},"___attributes":{"FASSAES":{"FASSA_SISTEMA_POSA_PAVIMENTI_E_RIVESTIMENTI":{"Attributes_1":["Klebstoffe f\u00fcr elastische Bodenbel\u00e4ge"],"Attributes_2":["Innenbereich"]}},"FASSA":{"FASSA_SISTEMA_POSA_PAVIMENTI_E_RIVESTIMENTI":{"Attributes_1":["Klebstoffe f\u00fcr elastische Bodenbel\u00e4ge"],"Attributes_2":["Innenbereich"]}}},"elastic_market_index":"it","structured_data":{"@context":"https:\/\/schema.org","@type":"Product","name":"ADYTEX RS","description":["Einkomponentiger Acrylkleber mit hoher Anfangshaftung, f\u00fcr elastische Bodenbel\u00e4ge im Innenbereich"],"url":"https:\/\/www.fassabortolo.it\/de\/produkte\/verlegesystem-fur-boden-und-wandbelage\/fassacol-klebstoffe\/adytex-rs","identifier":"PROD_ADYTEX_RS","sku":"PROD_ADYTEX_RS","image":"https:\/\/www.fassabortolo.it\/wp-content\/uploads\/media\/assets\/ADYTEX_RS.jpg","brand":{"@type":"Brand","name":"Fassa Bortolo"},"manufacturer":{"@type":"Organization","name":"Fassa Bortolo","url":"https:\/\/www.fassabortolo.it"},"additionalProperty":[{"@type":"PropertyValue","name":"Use Case 1","value":"ADYTEX RS ist ein Kleber auf Acrylbasis mit hoher Anfangshaftung zum Verkleben von elastischen Boden- und Wandbel\u00e4gen aus PVC, LVT, von Teppich- und Filzb\u00f6den, von Verkleidungen mit Latexschaumunterlage, von Jute- und Linoleummatten auf saugenden Untergr\u00fcnden im Innenbereich."},{"@type":"PropertyValue","name":"Supply Information","value":"Spezialeimer zu 10 kg"},{"@type":"PropertyValue","name":"Attributes_1","value":"Klebstoffe f\u00fcr elastische Bodenbel\u00e4ge"},{"@type":"PropertyValue","name":"Attributes_2","value":"Innenbereich"}],"category":[{"@type":"ProductCollection","name":"FASSACOL &#8211; KLEBSTOFFE","identifier":"FASSA_LINEA_FASSACOL_ADESIVI_SISTEMA_POSA"},{"@type":"Collection","name":"VERLEGESYSTEM F\u00dcR BODEN- UND WANDBEL\u00c4GE","identifier":"FASSA_SISTEMA_POSA_PAVIMENTI_E_RIVESTIMENTI"}],"inLanguage":"de"},"_links":{"self":[{"href":"https:\/\/www.fassabortolo.it\/de\/wp-json\/wp\/v2\/product\/3497539","targetHints":{"allow":["GET"]}}],"collection":[{"href":"https:\/\/www.fassabortolo.it\/de\/wp-json\/wp\/v2\/product"}],"about":[{"href":"https:\/\/www.fassabortolo.it\/de\/wp-json\/wp\/v2\/types\/product"}],"wp:attachment":[{"href":"https:\/\/www.fassabortolo.it\/de\/wp-json\/wp\/v2\/media?parent=3497539"}],"curies":[{"name":"wp","href":"https:\/\/api.w.org\/{rel}","templated":true}]}}