{"id":3497541,"date":"2026-01-20T14:59:15","date_gmt":"2026-01-20T13:59:15","guid":{"rendered":"http:\/\/10.6.201.155\/?post_type=product&#038;p=50088"},"modified":"2026-05-15T01:06:27","modified_gmt":"2026-05-14T23:06:27","slug":"adytex-2k","status":"publish","type":"product","link":"https:\/\/www.fassabortolo.it\/de\/produkte\/verlegesystem-fur-boden-und-wandbelage\/fassacol-klebstoffe\/adytex-2k","title":{"rendered":"ADYTEX 2K"},"content":{"rendered":"","protected":false},"featured_media":0,"template":"","class_list":["post-3497541","product","type-product","status-publish","hentry"],"acf":[],"fimg":{"url":"https:\/\/www.fassabortolo.it\/wp-content\/uploads\/media\/assets\/ADYTEX_2K.jpg","alt":"ADYTEX 2K"},"product_description":["Zweikomponentiger Epoxy-PU-Kleber f\u00fcr elastische Bel\u00e4ge"],"ekr_hierarchy_settings":{"it":{"FASSA_LINEA_FASSACOL_ADESIVI_SISTEMA_POSA":{"ekr_position":12}},"lu":{"FASSA_LINEA_FASSACOL_ADESIVI_SISTEMA_POSA":{"ekr_position":17}}},"lang":{"language_code":"de","locale":"de_DE","text_direction":false,"display_name":"Deutsch","native_name":"Tedesco","different_language":false},"systems":[{"id":3497517,"name":"VERLEGESYSTEM F\u00dcR BODEN- UND WANDBEL\u00c4GE","permalink":"https:\/\/www.fassabortolo.it\/de\/produkte\/verlegesystem-fur-boden-und-wandbelage\/","slug":"verlegesystem-fur-boden-und-wandbelage","ekr_pallet_code":"FASSA_SISTEMA_POSA_PAVIMENTI_E_RIVESTIMENTI"}],"product_pallet_code":"PROD_ADYTEX_2K","lines":[{"id":3497452,"name":"FASSACOL &#8211; KLEBSTOFFE","permalink":"https:\/\/www.fassabortolo.it\/de\/produkte\/\/fassacol-klebstoffe\/","slug":"fassacol-klebstoffe","system_codes":["FASSA_SISTEMA_POSA_PAVIMENTI_E_RIVESTIMENTI"],"ekr_pallet_code":"FASSA_LINEA_FASSACOL_ADESIVI_SISTEMA_POSA"}],"use":["ADYTEX 2K kann auf Fu\u00dfb\u00f6den im Innen- und Au\u00dfenbereich verarbeitet werden. &nbsp; Es handelt sich hierbei um einen Kleber auf Epoxy-Polyurethan-Basis zur Verklebung von Bel\u00e4gen aus PVC, aus Moquette, aus Gummi und Agglomeraten, von Bel\u00e4gen mit Latexschaum-Unterlage, von Jute und von Linoleum und LVT (Luxury Vinyl Tile) auf Untergr\u00fcnden auf Zement-, auf Anhydritbasis und auf nicht saugenden Altb\u00f6den (Marmor, Fliesen, Palladiana, glasige Untergr\u00fcnde, Metall usw.) sowie auf Asphalt. &nbsp; Eignet sich zur Anfertigung von Sportpl\u00e4tzen aus Gummiagglomerat und Leichtathletikbahnen."],"supply":["Spezialeimer zu 10 kg (Komp. A + B)"],"attributes":{"Attributes_1":{"KLEBSTOFFE F\u00dcR ELASTISCHE BODENBEL\u00c4GE":"Klebstoffe f\u00fcr elastische Bodenbel\u00e4ge"},"Attributes_2":{"AUSSENBEREICH":"Au\u00dfenbereich","INNENBEREICH":"Innenbereich"}},"___attributes":{"FASSA":{"FASSA_SISTEMA_POSA_PAVIMENTI_E_RIVESTIMENTI":{"Attributes_1":["Klebstoffe f\u00fcr elastische Bodenbel\u00e4ge"],"Attributes_2":["Au\u00dfenbereich","Innenbereich"]}}},"elastic_market_index":"it","structured_data":{"@context":"https:\/\/schema.org","@type":"Product","name":"ADYTEX 2K","description":["Zweikomponentiger Epoxy-PU-Kleber f\u00fcr elastische Bel\u00e4ge"],"url":"https:\/\/www.fassabortolo.it\/de\/produkte\/verlegesystem-fur-boden-und-wandbelage\/fassacol-klebstoffe\/adytex-2k","identifier":"PROD_ADYTEX_2K","sku":"PROD_ADYTEX_2K","image":"https:\/\/www.fassabortolo.it\/wp-content\/uploads\/media\/assets\/ADYTEX_2K.jpg","brand":{"@type":"Brand","name":"Fassa Bortolo"},"manufacturer":{"@type":"Organization","name":"Fassa Bortolo","url":"https:\/\/www.fassabortolo.it"},"additionalProperty":[{"@type":"PropertyValue","name":"Use Case 1","value":"ADYTEX 2K kann auf Fu\u00dfb\u00f6den im Innen- und Au\u00dfenbereich verarbeitet werden. &nbsp; Es handelt sich hierbei um einen Kleber auf Epoxy-Polyurethan-Basis zur Verklebung von Bel\u00e4gen aus PVC, aus Moquette, aus Gummi und Agglomeraten, von Bel\u00e4gen mit Latexschaum-Unterlage, von Jute und von Linoleum und LVT (Luxury Vinyl Tile) auf Untergr\u00fcnden auf Zement-, auf Anhydritbasis und auf nicht saugenden Altb\u00f6den (Marmor, Fliesen, Palladiana, glasige Untergr\u00fcnde, Metall usw.) sowie auf Asphalt. &nbsp; Eignet sich zur Anfertigung von Sportpl\u00e4tzen aus Gummiagglomerat und Leichtathletikbahnen."},{"@type":"PropertyValue","name":"Supply Information","value":"Spezialeimer zu 10 kg (Komp. A + B)"},{"@type":"PropertyValue","name":"Attributes_1","value":"Klebstoffe f\u00fcr elastische Bodenbel\u00e4ge"},{"@type":"PropertyValue","name":"Attributes_2","value":"Au\u00dfenbereich"},{"@type":"PropertyValue","name":"Attributes_2","value":"Innenbereich"}],"category":[{"@type":"ProductCollection","name":"FASSACOL &#8211; KLEBSTOFFE","identifier":"FASSA_LINEA_FASSACOL_ADESIVI_SISTEMA_POSA"},{"@type":"Collection","name":"VERLEGESYSTEM F\u00dcR BODEN- UND WANDBEL\u00c4GE","identifier":"FASSA_SISTEMA_POSA_PAVIMENTI_E_RIVESTIMENTI"}],"inLanguage":"de"},"_links":{"self":[{"href":"https:\/\/www.fassabortolo.it\/de\/wp-json\/wp\/v2\/product\/3497541","targetHints":{"allow":["GET"]}}],"collection":[{"href":"https:\/\/www.fassabortolo.it\/de\/wp-json\/wp\/v2\/product"}],"about":[{"href":"https:\/\/www.fassabortolo.it\/de\/wp-json\/wp\/v2\/types\/product"}],"wp:attachment":[{"href":"https:\/\/www.fassabortolo.it\/de\/wp-json\/wp\/v2\/media?parent=3497541"}],"curies":[{"name":"wp","href":"https:\/\/api.w.org\/{rel}","templated":true}]}}