{"id":3497549,"date":"2026-01-20T14:59:24","date_gmt":"2026-01-20T13:59:24","guid":{"rendered":"http:\/\/10.6.201.155\/?post_type=product&#038;p=50123"},"modified":"2026-05-15T01:06:29","modified_gmt":"2026-05-14T23:06:29","slug":"aquazip-fast","status":"publish","type":"product","link":"https:\/\/www.fassabortolo.it\/de\/produkte\/verlegesystem-fur-boden-und-wandbelage\/aquazip-wasserundurchlassige-dichtstoffe\/aquazip-fast","title":{"rendered":"AQUAZIP FAST"},"content":{"rendered":"","protected":false},"featured_media":0,"template":"","class_list":["post-3497549","product","type-product","status-publish","hentry"],"acf":[],"fimg":{"url":"https:\/\/www.fassabortolo.it\/wp-content\/uploads\/media\/assets\/AquaZIP_FAST.jpg","alt":"AQUAZIP FAST"},"product_description":["Elastische zementgebundene Zweikomponenten-Dichtmasse, schnelltrocknend auch bei niedrigen Temperaturen, f\u00fcr die wasserundurchl\u00e4ssige Abdichtung und den Schutz von Betonbauwerken, Mauerwerken, Terrassen und Balkonen, die einer positiven und negativen Druckwasserbelastung ausgesetzt sind"],"ekr_hierarchy_settings":{"it":{"FASSA_LINEA_AQUAZIP_IMPERMEABILIZZANTI_SISTEMA_POSA":{"ekr_position":2}},"lu":{"FASSA_LINEA_AQUAZIP_IMPERMEABILIZZANTI_SISTEMA_POSA":{"ekr_position":16}}},"lang":{"language_code":"de","locale":"de_DE","text_direction":false,"display_name":"Deutsch","native_name":"Tedesco","different_language":false},"systems":[{"id":3497517,"name":"VERLEGESYSTEM F\u00dcR BODEN- UND WANDBEL\u00c4GE","permalink":"https:\/\/www.fassabortolo.it\/de\/produkte\/verlegesystem-fur-boden-und-wandbelage\/","slug":"verlegesystem-fur-boden-und-wandbelage","ekr_pallet_code":"FASSA_SISTEMA_POSA_PAVIMENTI_E_RIVESTIMENTI"}],"product_pallet_code":"PROD_AQUAZIP_FAST","lines":[{"id":3497450,"name":"AQUAZIP\u00ae &#8211; WASSERUNDURCHL\u00c4SSIGE DICHTSTOFFE","permalink":"https:\/\/www.fassabortolo.it\/de\/produkte\/\/aquazip-wasserundurchlassige-dichtstoffe\/","slug":"aquazip-wasserundurchlassige-dichtstoffe","system_codes":["FASSA_SISTEMA_POSA_PAVIMENTI_E_RIVESTIMENTI"],"ekr_pallet_code":"FASSA_LINEA_AQUAZIP_IMPERMEABILIZZANTI_SISTEMA_POSA"}],"use":["Wasserundurchl\u00e4ssige Terrassen- und Balkonabdichtung vor dem Verlegen neuer Keramikfliesen oder dergleichen.","Wasserundurchl\u00e4ssige Abdichtung von Wasserbauten wie Schwimmbecken, Speicherbecken, Kan\u00e4len und Becken.","Wasserundurchl\u00e4ssige Abdichtung von der Witterung ausgesetzten Oberfl\u00e4chen, die mit geeigneten Produkten f\u00fcr die Best\u00e4ndigkeit gegen\u00fcber der Sonneneinstrahlung behandelt wurden.","Wasserundurchl\u00e4ssige Abdichtung und Schutz von Betonw\u00e4nden, die einer positiven und negativen Druckwasserbelastung ausgesetzt sind.","Wasserundurchl\u00e4ssige Abdichtung und Karbonatisierungsschutz von Betonbauteilen, die m\u00e4\u00dfigen strukturellen Spannungen und Biegeverformungen ausgesetzt sind.","Abdichtungsschutz f\u00fcr horizontale, vertikale und\/oder Oberfl\u00e4chen mit komplexer Geometrie, die m\u00e4\u00dfigen strukturellen Spannungen und\/oder Biegeverformungen ausgesetzt sind."],"supply":["Kit (A+B) zu 36 kg:","Komponente A: &nbsp; in feuchtigkeitsgesch\u00fctzten Spezials\u00e4cken zu ca. 20 kg","Komponente B: &nbsp; Gebinde zu ca. 16 kg"],"attributes":{"Attributes_1":{"DICHTBAHNEN UNTER FLIESENBELAG":"Dichtbahnen unter Fliesenbelag","WASSERUNDURCHL\u00c4SSIGE ABDICHTUNGEN F\u00dcR UNTERIRDISCHE UND WASSERBAUWERKE":"Wasserundurchl\u00e4ssige Abdichtungen f\u00fcr unterirdische und Wasserbauwerke","SCHUTZMASSNAHMEN F\u00dcR BETON":"Schutzma\u00dfnahmen f\u00fcr Beton"},"Attributes_2":{"AUSSENBEREICH":"Au\u00dfenbereich","INNENBEREICH":"Innenbereich"}},"___attributes":{"FASSA":{"FASSA_SISTEMA_POSA_PAVIMENTI_E_RIVESTIMENTI":{"Attributes_1":["Dichtbahnen unter Fliesenbelag","Wasserundurchl\u00e4ssige Abdichtungen f\u00fcr unterirdische und Wasserbauwerke","Schutzma\u00dfnahmen f\u00fcr Beton"],"Attributes_2":["Au\u00dfenbereich","Innenbereich"]}}},"elastic_market_index":"it","structured_data":{"@context":"https:\/\/schema.org","@type":"Product","name":"AQUAZIP FAST","description":["Elastische zementgebundene Zweikomponenten-Dichtmasse, schnelltrocknend auch bei niedrigen Temperaturen, f\u00fcr die wasserundurchl\u00e4ssige Abdichtung und den Schutz von Betonbauwerken, Mauerwerken, Terrassen und Balkonen, die einer positiven und negativen Druckwasserbelastung ausgesetzt sind"],"url":"https:\/\/www.fassabortolo.it\/de\/produkte\/verlegesystem-fur-boden-und-wandbelage\/aquazip-wasserundurchlassige-dichtstoffe\/aquazip-fast","identifier":"PROD_AQUAZIP_FAST","sku":"PROD_AQUAZIP_FAST","image":"https:\/\/www.fassabortolo.it\/wp-content\/uploads\/media\/assets\/AquaZIP_FAST.jpg","brand":{"@type":"Brand","name":"Fassa Bortolo"},"manufacturer":{"@type":"Organization","name":"Fassa Bortolo","url":"https:\/\/www.fassabortolo.it"},"additionalProperty":[{"@type":"PropertyValue","name":"Use Case 1","value":"Wasserundurchl\u00e4ssige Terrassen- und Balkonabdichtung vor dem Verlegen neuer Keramikfliesen oder dergleichen."},{"@type":"PropertyValue","name":"Use Case 2","value":"Wasserundurchl\u00e4ssige Abdichtung von Wasserbauten wie Schwimmbecken, Speicherbecken, Kan\u00e4len und Becken."},{"@type":"PropertyValue","name":"Use Case 3","value":"Wasserundurchl\u00e4ssige Abdichtung von der Witterung ausgesetzten Oberfl\u00e4chen, die mit geeigneten Produkten f\u00fcr die Best\u00e4ndigkeit gegen\u00fcber der Sonneneinstrahlung behandelt wurden."},{"@type":"PropertyValue","name":"Use Case 4","value":"Wasserundurchl\u00e4ssige Abdichtung und Schutz von Betonw\u00e4nden, die einer positiven und negativen Druckwasserbelastung ausgesetzt sind."},{"@type":"PropertyValue","name":"Use Case 5","value":"Wasserundurchl\u00e4ssige Abdichtung und Karbonatisierungsschutz von Betonbauteilen, die m\u00e4\u00dfigen strukturellen Spannungen und Biegeverformungen ausgesetzt sind."},{"@type":"PropertyValue","name":"Use Case 6","value":"Abdichtungsschutz f\u00fcr horizontale, vertikale und\/oder Oberfl\u00e4chen mit komplexer Geometrie, die m\u00e4\u00dfigen strukturellen Spannungen und\/oder Biegeverformungen ausgesetzt sind."},{"@type":"PropertyValue","name":"Supply Information","value":"Kit (A+B) zu 36 kg:"},{"@type":"PropertyValue","name":"Supply Information","value":"Komponente A: &nbsp; in feuchtigkeitsgesch\u00fctzten Spezials\u00e4cken zu ca. 20 kg"},{"@type":"PropertyValue","name":"Supply Information","value":"Komponente B: &nbsp; Gebinde zu ca. 16 kg"},{"@type":"PropertyValue","name":"Attributes_1","value":"Dichtbahnen unter Fliesenbelag"},{"@type":"PropertyValue","name":"Attributes_1","value":"Wasserundurchl\u00e4ssige Abdichtungen f\u00fcr unterirdische und Wasserbauwerke"},{"@type":"PropertyValue","name":"Attributes_1","value":"Schutzma\u00dfnahmen f\u00fcr Beton"},{"@type":"PropertyValue","name":"Attributes_2","value":"Au\u00dfenbereich"},{"@type":"PropertyValue","name":"Attributes_2","value":"Innenbereich"}],"category":[{"@type":"ProductCollection","name":"AQUAZIP\u00ae &#8211; WASSERUNDURCHL\u00c4SSIGE DICHTSTOFFE","identifier":"FASSA_LINEA_AQUAZIP_IMPERMEABILIZZANTI_SISTEMA_POSA"},{"@type":"Collection","name":"VERLEGESYSTEM F\u00dcR BODEN- UND WANDBEL\u00c4GE","identifier":"FASSA_SISTEMA_POSA_PAVIMENTI_E_RIVESTIMENTI"}],"inLanguage":"de"},"_links":{"self":[{"href":"https:\/\/www.fassabortolo.it\/de\/wp-json\/wp\/v2\/product\/3497549","targetHints":{"allow":["GET"]}}],"collection":[{"href":"https:\/\/www.fassabortolo.it\/de\/wp-json\/wp\/v2\/product"}],"about":[{"href":"https:\/\/www.fassabortolo.it\/de\/wp-json\/wp\/v2\/types\/product"}],"wp:attachment":[{"href":"https:\/\/www.fassabortolo.it\/de\/wp-json\/wp\/v2\/media?parent=3497549"}],"curies":[{"name":"wp","href":"https:\/\/api.w.org\/{rel}","templated":true}]}}