{"id":3497551,"date":"2026-01-20T14:59:48","date_gmt":"2026-01-20T13:59:48","guid":{"rendered":"http:\/\/10.6.201.155\/?post_type=product&#038;p=50127"},"modified":"2026-05-15T01:07:26","modified_gmt":"2026-05-14T23:07:26","slug":"aquazip-joint","status":"publish","type":"product","link":"https:\/\/www.fassabortolo.it\/de\/produkte\/verlegesystem-fur-boden-und-wandbelage\/aquazip-wasserundurchlassige-dichtstoffe\/aquazip-joint","title":{"rendered":"AQUAZIP JOINT"},"content":{"rendered":"","protected":false},"featured_media":0,"template":"","class_list":["post-3497551","product","type-product","status-publish","hentry"],"acf":[],"fimg":{"url":"https:\/\/www.fassabortolo.it\/wp-content\/uploads\/media\/assets\/AQUAZIP_JOINT.jpg","alt":"AQUAZIP JOINT"},"product_description":["Quellf\u00e4higes Dichtungsband auf der Basis von nat\u00fcrlichem Natriumbentonit"],"ekr_hierarchy_settings":{"it":{"FASSA_LINEA_AQUAZIP_IMPERMEABILIZZANTI_SISTEMA_POSA":{"ekr_position":23}},"es":{"FASSAES_LINEA_AQUAZIP_IMPERMEABILIZZANTI_SISTEMA_POSA":{"ekr_position":9}},"lu":{"FASSA_LINEA_AQUAZIP_IMPERMEABILIZZANTI_SISTEMA_POSA":{"ekr_position":12}}},"lang":{"language_code":"de","locale":"de_DE","text_direction":false,"display_name":"Deutsch","native_name":"Tedesco","different_language":false},"systems":[{"id":3497517,"name":"VERLEGESYSTEM F\u00dcR BODEN- UND WANDBEL\u00c4GE","permalink":"https:\/\/www.fassabortolo.it\/de\/produkte\/verlegesystem-fur-boden-und-wandbelage\/","slug":"verlegesystem-fur-boden-und-wandbelage","ekr_pallet_code":"FASSA_SISTEMA_POSA_PAVIMENTI_E_RIVESTIMENTI"}],"product_pallet_code":"PROD_AQUAZIP_JOINT","lines":[{"id":3497450,"name":"AQUAZIP\u00ae &#8211; WASSERUNDURCHL\u00c4SSIGE DICHTSTOFFE","permalink":"https:\/\/www.fassabortolo.it\/de\/produkte\/\/aquazip-wasserundurchlassige-dichtstoffe\/","slug":"aquazip-wasserundurchlassige-dichtstoffe","system_codes":["FASSA_SISTEMA_POSA_PAVIMENTI_E_RIVESTIMENTI"],"ekr_pallet_code":"FASSA_LINEA_AQUAZIP_IMPERMEABILIZZANTI_SISTEMA_POSA"}],"use":["AQUAZIP JOINT eignet sich als Wasserstopp im Zivil- und Industriebau:","Versiegelung von horizonalen und vertikalen Betonierfugen in Betonbauwerken;","Versiegelung von Durchgangsk\u00f6rpern und\/oder -elementen, die in den Betonguss eingef\u00fcgt sind."],"supply":["Kartonschachtel zu 30 Meter &nbsp; (6 Rollen zu jeweils 5 m)"],"attributes":{"Attributes_1":{"WASSERUNDURCHL\u00c4SSIGE ABDICHTUNGEN F\u00dcR UNTERIRDISCHE UND WASSERBAUWERKE":"Wasserundurchl\u00e4ssige Abdichtungen f\u00fcr unterirdische und Wasserbauwerke"},"Attributes_2":{"AUSSENBEREICH":"Au\u00dfenbereich","INNENBEREICH":"Innenbereich"}},"___attributes":{"FASSAES":{"FASSA_SISTEMA_POSA_PAVIMENTI_E_RIVESTIMENTI":{"Attributes_1":["Komplement\u00e4re Produkte"],"Attributes_2":["Au\u00dfenbereich","Innenbereich"]}},"FASSA":{"FASSA_SISTEMA_POSA_PAVIMENTI_E_RIVESTIMENTI":{"Attributes_1":["Wasserundurchl\u00e4ssige Abdichtungen f\u00fcr unterirdische und Wasserbauwerke"],"Attributes_2":["Au\u00dfenbereich","Innenbereich"]}}},"elastic_market_index":"it","structured_data":{"@context":"https:\/\/schema.org","@type":"Product","name":"AQUAZIP JOINT","description":["Quellf\u00e4higes Dichtungsband auf der Basis von nat\u00fcrlichem Natriumbentonit"],"url":"https:\/\/www.fassabortolo.it\/de\/produkte\/verlegesystem-fur-boden-und-wandbelage\/aquazip-wasserundurchlassige-dichtstoffe\/aquazip-joint","identifier":"PROD_AQUAZIP_JOINT","sku":"PROD_AQUAZIP_JOINT","image":"https:\/\/www.fassabortolo.it\/wp-content\/uploads\/media\/assets\/AQUAZIP_JOINT.jpg","brand":{"@type":"Brand","name":"Fassa Bortolo"},"manufacturer":{"@type":"Organization","name":"Fassa Bortolo","url":"https:\/\/www.fassabortolo.it"},"additionalProperty":[{"@type":"PropertyValue","name":"Use Case 1","value":"AQUAZIP JOINT eignet sich als Wasserstopp im Zivil- und Industriebau:"},{"@type":"PropertyValue","name":"Use Case 2","value":"Versiegelung von horizonalen und vertikalen Betonierfugen in Betonbauwerken;"},{"@type":"PropertyValue","name":"Use Case 3","value":"Versiegelung von Durchgangsk\u00f6rpern und\/oder -elementen, die in den Betonguss eingef\u00fcgt sind."},{"@type":"PropertyValue","name":"Supply Information","value":"Kartonschachtel zu 30 Meter &nbsp; (6 Rollen zu jeweils 5 m)"},{"@type":"PropertyValue","name":"Attributes_1","value":"Wasserundurchl\u00e4ssige Abdichtungen f\u00fcr unterirdische und Wasserbauwerke"},{"@type":"PropertyValue","name":"Attributes_2","value":"Au\u00dfenbereich"},{"@type":"PropertyValue","name":"Attributes_2","value":"Innenbereich"}],"category":[{"@type":"ProductCollection","name":"AQUAZIP\u00ae &#8211; WASSERUNDURCHL\u00c4SSIGE DICHTSTOFFE","identifier":"FASSA_LINEA_AQUAZIP_IMPERMEABILIZZANTI_SISTEMA_POSA"},{"@type":"Collection","name":"VERLEGESYSTEM F\u00dcR BODEN- UND WANDBEL\u00c4GE","identifier":"FASSA_SISTEMA_POSA_PAVIMENTI_E_RIVESTIMENTI"}],"inLanguage":"de"},"_links":{"self":[{"href":"https:\/\/www.fassabortolo.it\/de\/wp-json\/wp\/v2\/product\/3497551","targetHints":{"allow":["GET"]}}],"collection":[{"href":"https:\/\/www.fassabortolo.it\/de\/wp-json\/wp\/v2\/product"}],"about":[{"href":"https:\/\/www.fassabortolo.it\/de\/wp-json\/wp\/v2\/types\/product"}],"wp:attachment":[{"href":"https:\/\/www.fassabortolo.it\/de\/wp-json\/wp\/v2\/media?parent=3497551"}],"curies":[{"name":"wp","href":"https:\/\/api.w.org\/{rel}","templated":true}]}}