{"id":3497552,"date":"2026-01-20T14:59:28","date_gmt":"2026-01-20T13:59:28","guid":{"rendered":"http:\/\/10.6.201.155\/?post_type=product&#038;p=50129"},"modified":"2026-05-15T01:06:20","modified_gmt":"2026-05-14T23:06:20","slug":"aquazip-elastoband","status":"publish","type":"product","link":"https:\/\/www.fassabortolo.it\/de\/produkte\/verlegesystem-fur-boden-und-wandbelage\/aquazip-wasserundurchlassige-dichtstoffe\/aquazip-elastoband","title":{"rendered":"AQUAZIP ELASTOBAND"},"content":{"rendered":"","protected":false},"featured_media":0,"template":"","class_list":["post-3497552","product","type-product","status-publish","hentry"],"acf":[],"fimg":{"url":"https:\/\/www.fassabortolo.it\/wp-content\/uploads\/media\/assets\/ACCESSORI_ELASTOBAND.jpg","alt":"AQUAZIP ELASTOBAND"},"product_description":["Dichtband Innen-\/Au\u00dfenecke","Dichtband T-Form","Dichtband Kreuzform","Maske quadratisch"],"ekr_hierarchy_settings":{"it":{"FASSA_LINEA_AQUAZIP_IMPERMEABILIZZANTI_SISTEMA_POSA":{"ekr_position":13}},"es":{"FASSAES_LINEA_AQUAZIP_IMPERMEABILIZZANTI_SISTEMA_POSA":{"ekr_position":12}},"lu":{"FASSA_LINEA_AQUAZIP_IMPERMEABILIZZANTI_SISTEMA_POSA":{"ekr_position":17}}},"lang":{"language_code":"de","locale":"de_DE","text_direction":false,"display_name":"Deutsch","native_name":"Tedesco","different_language":false},"systems":[{"id":3497517,"name":"VERLEGESYSTEM F\u00dcR BODEN- UND WANDBEL\u00c4GE","permalink":"https:\/\/www.fassabortolo.it\/de\/produkte\/verlegesystem-fur-boden-und-wandbelage\/","slug":"verlegesystem-fur-boden-und-wandbelage","ekr_pallet_code":"FASSA_SISTEMA_POSA_PAVIMENTI_E_RIVESTIMENTI"}],"product_pallet_code":"PROD_AQUAZIP_ELASTOBAND","lines":[{"id":3497450,"name":"AQUAZIP\u00ae &#8211; WASSERUNDURCHL\u00c4SSIGE DICHTSTOFFE","permalink":"https:\/\/www.fassabortolo.it\/de\/produkte\/\/aquazip-wasserundurchlassige-dichtstoffe\/","slug":"aquazip-wasserundurchlassige-dichtstoffe","system_codes":["FASSA_SISTEMA_POSA_PAVIMENTI_E_RIVESTIMENTI"],"ekr_pallet_code":"FASSA_LINEA_AQUAZIP_IMPERMEABILIZZANTI_SISTEMA_POSA"}],"use":["Das Dichtband AQUAZIP ELASTOBAND wird verwendet, um den Eckbereich von Oberfl\u00e4chen - wie beispielsweise vertikale und horizontale, vertikale und vertikale - miteinander zu verbinden und wasserundurchl\u00e4ssig abzudichten, sowie um elastische Dehnungsfugen im Zuge von Abdichtungsma\u00dfnahmen unter Verwendung der Produkte der Linie AQUAZIP\u00ae anzufertigen, wie Dichtmassen AQUAZIP GE 97, AQUAZIP FAST, AQUAZIP FLOOR & WALL, AQUAZIP ONE und AQUAZIP RDY.","T-Fugen und Kreuzfugen werden mit den Spezialteilen von AQUAZIP ELASTOBAND in T-Form und Kreuzform verbunden. &nbsp; Die Zubeh\u00f6rteile f\u00fcr Innen- und Au\u00dfenecken von AQUAZIP ELASTOBAND werden verwendet, um Innen- und Au\u00dfenecken mit vertikalen und horizontalen Fl\u00e4chen zu verbinden und wasserundurchl\u00e4ssig abzudichten. &nbsp; Masken sind dazu da, um Abfluss\u00f6ffnungen und Abflussrohre mit den AQUAZIP Dichtmassen zu verbinden."],"supply":["Das Dichtband AQUAZIP ELASTOBAND ist mit 12 cm Breite erh\u00e4ltlich und wird in Rollen zu jeweils 50 m ausgeliefert","Dichtband in Kreuzform, \"T\"-Dichtband, Innen- und Au\u00dfenecke werden st\u00fcckweise verkauft und in Kartonschachteln zu jeweils 25 St\u00fcck verpackt","Maske quadratisch (Abmessung 42,5 x 42,5 cm) wird st\u00fcckweise verkauft und in Kartonschachteln zu jeweils 25 St\u00fcck verpackt"],"attributes":{"Attributes_1":{"ZUBEH\u00d6RTEILE":"Zubeh\u00f6rteile"},"Attributes_2":{"AUSSENBEREICH":"Au\u00dfenbereich","INNENBEREICH":"Innenbereich"}},"___attributes":{"FASSAES":{"FASSA_SISTEMA_POSA_PAVIMENTI_E_RIVESTIMENTI":{"Attributes_1":["Zubeh\u00f6rteile"],"Attributes_2":["Au\u00dfenbereich","Innenbereich"]}},"FASSA":{"FASSA_SISTEMA_POSA_PAVIMENTI_E_RIVESTIMENTI":{"Attributes_1":["Zubeh\u00f6rteile"],"Attributes_2":["Au\u00dfenbereich","Innenbereich"]}}},"elastic_market_index":"it","structured_data":{"@context":"https:\/\/schema.org","@type":"Product","name":"AQUAZIP ELASTOBAND","description":["Dichtband Innen-\/Au\u00dfenecke","Dichtband T-Form","Dichtband Kreuzform","Maske quadratisch"],"url":"https:\/\/www.fassabortolo.it\/de\/produkte\/verlegesystem-fur-boden-und-wandbelage\/aquazip-wasserundurchlassige-dichtstoffe\/aquazip-elastoband","identifier":"PROD_AQUAZIP_ELASTOBAND","sku":"PROD_AQUAZIP_ELASTOBAND","image":"https:\/\/www.fassabortolo.it\/wp-content\/uploads\/media\/assets\/ACCESSORI_ELASTOBAND.jpg","brand":{"@type":"Brand","name":"Fassa Bortolo"},"manufacturer":{"@type":"Organization","name":"Fassa Bortolo","url":"https:\/\/www.fassabortolo.it"},"additionalProperty":[{"@type":"PropertyValue","name":"Use Case 1","value":"Das Dichtband AQUAZIP ELASTOBAND wird verwendet, um den Eckbereich von Oberfl\u00e4chen - wie beispielsweise vertikale und horizontale, vertikale und vertikale - miteinander zu verbinden und wasserundurchl\u00e4ssig abzudichten, sowie um elastische Dehnungsfugen im Zuge von Abdichtungsma\u00dfnahmen unter Verwendung der Produkte der Linie AQUAZIP\u00ae anzufertigen, wie Dichtmassen AQUAZIP GE 97, AQUAZIP FAST, AQUAZIP FLOOR & WALL, AQUAZIP ONE und AQUAZIP RDY."},{"@type":"PropertyValue","name":"Use Case 2","value":"T-Fugen und Kreuzfugen werden mit den Spezialteilen von AQUAZIP ELASTOBAND in T-Form und Kreuzform verbunden. &nbsp; Die Zubeh\u00f6rteile f\u00fcr Innen- und Au\u00dfenecken von AQUAZIP ELASTOBAND werden verwendet, um Innen- und Au\u00dfenecken mit vertikalen und horizontalen Fl\u00e4chen zu verbinden und wasserundurchl\u00e4ssig abzudichten. &nbsp; Masken sind dazu da, um Abfluss\u00f6ffnungen und Abflussrohre mit den AQUAZIP Dichtmassen zu verbinden."},{"@type":"PropertyValue","name":"Supply Information","value":"Das Dichtband AQUAZIP ELASTOBAND ist mit 12 cm Breite erh\u00e4ltlich und wird in Rollen zu jeweils 50 m ausgeliefert"},{"@type":"PropertyValue","name":"Supply Information","value":"Dichtband in Kreuzform, \"T\"-Dichtband, Innen- und Au\u00dfenecke werden st\u00fcckweise verkauft und in Kartonschachteln zu jeweils 25 St\u00fcck verpackt"},{"@type":"PropertyValue","name":"Supply Information","value":"Maske quadratisch (Abmessung 42,5 x 42,5 cm) wird st\u00fcckweise verkauft und in Kartonschachteln zu jeweils 25 St\u00fcck verpackt"},{"@type":"PropertyValue","name":"Attributes_1","value":"Zubeh\u00f6rteile"},{"@type":"PropertyValue","name":"Attributes_2","value":"Au\u00dfenbereich"},{"@type":"PropertyValue","name":"Attributes_2","value":"Innenbereich"}],"category":[{"@type":"ProductCollection","name":"AQUAZIP\u00ae &#8211; WASSERUNDURCHL\u00c4SSIGE DICHTSTOFFE","identifier":"FASSA_LINEA_AQUAZIP_IMPERMEABILIZZANTI_SISTEMA_POSA"},{"@type":"Collection","name":"VERLEGESYSTEM F\u00dcR BODEN- UND WANDBEL\u00c4GE","identifier":"FASSA_SISTEMA_POSA_PAVIMENTI_E_RIVESTIMENTI"}],"inLanguage":"de"},"_links":{"self":[{"href":"https:\/\/www.fassabortolo.it\/de\/wp-json\/wp\/v2\/product\/3497552","targetHints":{"allow":["GET"]}}],"collection":[{"href":"https:\/\/www.fassabortolo.it\/de\/wp-json\/wp\/v2\/product"}],"about":[{"href":"https:\/\/www.fassabortolo.it\/de\/wp-json\/wp\/v2\/types\/product"}],"wp:attachment":[{"href":"https:\/\/www.fassabortolo.it\/de\/wp-json\/wp\/v2\/media?parent=3497552"}],"curies":[{"name":"wp","href":"https:\/\/api.w.org\/{rel}","templated":true}]}}