{"id":3497553,"date":"2026-01-20T14:59:19","date_gmt":"2026-01-20T13:59:19","guid":{"rendered":"http:\/\/10.6.201.155\/?post_type=product&#038;p=50136"},"modified":"2026-05-15T01:07:17","modified_gmt":"2026-05-14T23:07:17","slug":"aquazip-eco-lamina-2d","status":"publish","type":"product","link":"https:\/\/www.fassabortolo.it\/de\/produkte\/verlegesystem-fur-boden-und-wandbelage\/aquazip-wasserundurchlassige-dichtstoffe\/aquazip-eco-lamina-2d","title":{"rendered":"AQUAZIP ECO-LAMINA 2D"},"content":{"rendered":"","protected":false},"featured_media":0,"template":"","class_list":["post-3497553","product","type-product","status-publish","hentry"],"acf":[],"fimg":{"url":"https:\/\/www.fassabortolo.it\/wp-content\/uploads\/media\/assets\/AQUAZIP_ECO_LAMINA_2D.jpg","alt":"AQUAZIP ECO-LAMINA 2D"},"product_description":["Umweltfreundliche Dichtmembran unterhalb von Fliesenbel\u00e4gen im Innenbereich"],"ekr_hierarchy_settings":{"it":{"FASSA_LINEA_AQUAZIP_IMPERMEABILIZZANTI_SISTEMA_POSA":{"ekr_position":7}},"lu":{"FASSA_LINEA_AQUAZIP_IMPERMEABILIZZANTI_SISTEMA_POSA":{"ekr_position":18}}},"lang":{"language_code":"de","locale":"de_DE","text_direction":false,"display_name":"Deutsch","native_name":"Tedesco","different_language":false},"systems":[{"id":3497517,"name":"VERLEGESYSTEM F\u00dcR BODEN- UND WANDBEL\u00c4GE","permalink":"https:\/\/www.fassabortolo.it\/de\/produkte\/verlegesystem-fur-boden-und-wandbelage\/","slug":"verlegesystem-fur-boden-und-wandbelage","ekr_pallet_code":"FASSA_SISTEMA_POSA_PAVIMENTI_E_RIVESTIMENTI"}],"product_pallet_code":"PROD_AQUAZIP_ECO_LAMINA_2D","lines":[{"id":3497450,"name":"AQUAZIP\u00ae &#8211; WASSERUNDURCHL\u00c4SSIGE DICHTSTOFFE","permalink":"https:\/\/www.fassabortolo.it\/de\/produkte\/\/aquazip-wasserundurchlassige-dichtstoffe\/","slug":"aquazip-wasserundurchlassige-dichtstoffe","system_codes":["FASSA_SISTEMA_POSA_PAVIMENTI_E_RIVESTIMENTI"],"ekr_pallet_code":"FASSA_LINEA_AQUAZIP_IMPERMEABILIZZANTI_SISTEMA_POSA"}],"use":["AQUAZIP ECO-LAMINA 2D ist eine wasserundurchl\u00e4ssige Dichtmembran f\u00fcr den Einsatz im Innenbereich unterhalb von Boden- und Wandbel\u00e4gen aus Keramikfliesen, aus Naturstein und Mosaiken ohne Befahrungsbelastung, auch im Beisein von Heizanlagen. &nbsp; Geeignet f\u00fcr R\u00e4umlichkeiten, die dem Kontakt mit Wasser und Dampf ausgesetzt sind, sowohl in gelegentlicher Form (wie B\u00e4der oder Duschen) als auch in durchgehender Weise (wie Saunen oder Dampfb\u00e4der), um der Gefahr durchdringender Feuchtigkeit in angrenzende Bereiche und der Felcken- und Schimmelbildung auf den entsprechenden Wandfl\u00e4chen vorzubeugen. &nbsp; Dank hohem Sd-Wert stellt AQUAZIP ECO-LAMINA 2D eine wirksame Dampfsperre dar.","Untergr\u00fcnde k\u00f6nnen sein:","Estriche auf Zement- oder Calciumsulfatbasis, auch im Beisein von Heizanlagen","ausgeh\u00e4rteter Beton (mindestens 6 Monate)","Zement- oder Gipsputze","Gipskartonplatten","Altbel\u00e4ge aus Fliesen, aus Marmor oder Naturstein, sofern gut anhaftend","Gipsfaserplatten mit vorherigem Auftrag von PRIMER DG 74, oder ordentlich am Untergrund verankerte Zementfaserplatten.","F\u00fcr die Verlegung von Bel\u00e4gen aus Keramik oder aus Steinmaterialien auf AQUAZIP ECO-LAMINA 2D wird ein zementgebundener oder reaktiver Hochleistungs-Klebstoff verwendet (siehe Tabelle Technische Daten)."],"supply":["Rolle zu 1x30 m"],"attributes":{"Attributes_1":{"WASSERUNDURCHL\u00c4SSIGE ENTKOPPLUNGSMEMBRANE":"Wasserundurchl\u00e4ssige Entkopplungsmembrane"},"Attributes_2":{"INNENBEREICH":"Innenbereich"}},"___attributes":{"FASSA":{"FASSA_SISTEMA_POSA_PAVIMENTI_E_RIVESTIMENTI":{"Attributes_1":["Wasserundurchl\u00e4ssige Entkopplungsmembrane"],"Attributes_2":["Innenbereich"]}}},"elastic_market_index":"it","structured_data":{"@context":"https:\/\/schema.org","@type":"Product","name":"AQUAZIP ECO-LAMINA 2D","description":["Umweltfreundliche Dichtmembran unterhalb von Fliesenbel\u00e4gen im Innenbereich"],"url":"https:\/\/www.fassabortolo.it\/de\/produkte\/verlegesystem-fur-boden-und-wandbelage\/aquazip-wasserundurchlassige-dichtstoffe\/aquazip-eco-lamina-2d","identifier":"PROD_AQUAZIP_ECO_LAMINA_2D","sku":"PROD_AQUAZIP_ECO_LAMINA_2D","image":"https:\/\/www.fassabortolo.it\/wp-content\/uploads\/media\/assets\/AQUAZIP_ECO_LAMINA_2D.jpg","brand":{"@type":"Brand","name":"Fassa Bortolo"},"manufacturer":{"@type":"Organization","name":"Fassa Bortolo","url":"https:\/\/www.fassabortolo.it"},"additionalProperty":[{"@type":"PropertyValue","name":"Use Case 1","value":"AQUAZIP ECO-LAMINA 2D ist eine wasserundurchl\u00e4ssige Dichtmembran f\u00fcr den Einsatz im Innenbereich unterhalb von Boden- und Wandbel\u00e4gen aus Keramikfliesen, aus Naturstein und Mosaiken ohne Befahrungsbelastung, auch im Beisein von Heizanlagen. &nbsp; Geeignet f\u00fcr R\u00e4umlichkeiten, die dem Kontakt mit Wasser und Dampf ausgesetzt sind, sowohl in gelegentlicher Form (wie B\u00e4der oder Duschen) als auch in durchgehender Weise (wie Saunen oder Dampfb\u00e4der), um der Gefahr durchdringender Feuchtigkeit in angrenzende Bereiche und der Felcken- und Schimmelbildung auf den entsprechenden Wandfl\u00e4chen vorzubeugen. &nbsp; Dank hohem Sd-Wert stellt AQUAZIP ECO-LAMINA 2D eine wirksame Dampfsperre dar."},{"@type":"PropertyValue","name":"Use Case 2","value":"Untergr\u00fcnde k\u00f6nnen sein:"},{"@type":"PropertyValue","name":"Use Case 3","value":"Estriche auf Zement- oder Calciumsulfatbasis, auch im Beisein von Heizanlagen"},{"@type":"PropertyValue","name":"Use Case 4","value":"ausgeh\u00e4rteter Beton (mindestens 6 Monate)"},{"@type":"PropertyValue","name":"Use Case 5","value":"Zement- oder Gipsputze"},{"@type":"PropertyValue","name":"Use Case 6","value":"Gipskartonplatten"},{"@type":"PropertyValue","name":"Use Case 7","value":"Altbel\u00e4ge aus Fliesen, aus Marmor oder Naturstein, sofern gut anhaftend"},{"@type":"PropertyValue","name":"Use Case 8","value":"Gipsfaserplatten mit vorherigem Auftrag von PRIMER DG 74, oder ordentlich am Untergrund verankerte Zementfaserplatten."},{"@type":"PropertyValue","name":"Use Case 9","value":"F\u00fcr die Verlegung von Bel\u00e4gen aus Keramik oder aus Steinmaterialien auf AQUAZIP ECO-LAMINA 2D wird ein zementgebundener oder reaktiver Hochleistungs-Klebstoff verwendet (siehe Tabelle Technische Daten)."},{"@type":"PropertyValue","name":"Supply Information","value":"Rolle zu 1x30 m"},{"@type":"PropertyValue","name":"Attributes_1","value":"Wasserundurchl\u00e4ssige Entkopplungsmembrane"},{"@type":"PropertyValue","name":"Attributes_2","value":"Innenbereich"}],"category":[{"@type":"ProductCollection","name":"AQUAZIP\u00ae &#8211; WASSERUNDURCHL\u00c4SSIGE DICHTSTOFFE","identifier":"FASSA_LINEA_AQUAZIP_IMPERMEABILIZZANTI_SISTEMA_POSA"},{"@type":"Collection","name":"VERLEGESYSTEM F\u00dcR BODEN- UND WANDBEL\u00c4GE","identifier":"FASSA_SISTEMA_POSA_PAVIMENTI_E_RIVESTIMENTI"}],"inLanguage":"de"},"_links":{"self":[{"href":"https:\/\/www.fassabortolo.it\/de\/wp-json\/wp\/v2\/product\/3497553","targetHints":{"allow":["GET"]}}],"collection":[{"href":"https:\/\/www.fassabortolo.it\/de\/wp-json\/wp\/v2\/product"}],"about":[{"href":"https:\/\/www.fassabortolo.it\/de\/wp-json\/wp\/v2\/types\/product"}],"wp:attachment":[{"href":"https:\/\/www.fassabortolo.it\/de\/wp-json\/wp\/v2\/media?parent=3497553"}],"curies":[{"name":"wp","href":"https:\/\/api.w.org\/{rel}","templated":true}]}}