{"id":3497557,"date":"2026-01-20T14:59:33","date_gmt":"2026-01-20T13:59:33","guid":{"rendered":"http:\/\/10.6.201.155\/?post_type=product&#038;p=50150"},"modified":"2026-05-15T01:06:07","modified_gmt":"2026-05-14T23:06:07","slug":"aquazip-barrier-sri","status":"publish","type":"product","link":"https:\/\/www.fassabortolo.it\/de\/produkte\/verlegesystem-fur-boden-und-wandbelage\/aquazip-wasserundurchlassige-dichtstoffe\/aquazip-barrier-sri","title":{"rendered":"AQUAZIP BARRIER SRI"},"content":{"rendered":"","protected":false},"featured_media":0,"template":"","class_list":["post-3497557","product","type-product","status-publish","hentry"],"acf":[],"fimg":{"url":"https:\/\/www.fassabortolo.it\/wp-content\/uploads\/media\/assets\/AQUAZIP_BARRIER_SRI.jpg","alt":"AQUAZIP BARRIER SRI"},"product_description":["Wei\u00dfe, gebrauchsfertige elastische Abdichtungsmembran mit einem hohen Sonnenlichtreflexionsgrad, f\u00fcr die passive K\u00fchlung."],"ekr_hierarchy_settings":{"it":{"FASSA_LINEA_AQUAZIP_IMPERMEABILIZZANTI_SISTEMA_POSA":{"ekr_position":9}},"es":{"FASSAES_LINEA_AQUAZIP_IMPERMEABILIZZANTI_SISTEMA_POSA":{"ekr_position":14}},"lu":{"FASSA_LINEA_AQUAZIP_IMPERMEABILIZZANTI_SISTEMA_POSA":{"ekr_position":20}}},"lang":{"language_code":"de","locale":"de_DE","text_direction":false,"display_name":"Deutsch","native_name":"Tedesco","different_language":false},"systems":[{"id":3497517,"name":"VERLEGESYSTEM F\u00dcR BODEN- UND WANDBEL\u00c4GE","permalink":"https:\/\/www.fassabortolo.it\/de\/produkte\/verlegesystem-fur-boden-und-wandbelage\/","slug":"verlegesystem-fur-boden-und-wandbelage","ekr_pallet_code":"FASSA_SISTEMA_POSA_PAVIMENTI_E_RIVESTIMENTI"}],"product_pallet_code":"PROD_AQUAZIP_BARRIER_SRI","lines":[{"id":3497450,"name":"AQUAZIP\u00ae &#8211; WASSERUNDURCHL\u00c4SSIGE DICHTSTOFFE","permalink":"https:\/\/www.fassabortolo.it\/de\/produkte\/\/aquazip-wasserundurchlassige-dichtstoffe\/","slug":"aquazip-wasserundurchlassige-dichtstoffe","system_codes":["FASSA_SISTEMA_POSA_PAVIMENTI_E_RIVESTIMENTI"],"ekr_pallet_code":"FASSA_LINEA_AQUAZIP_IMPERMEABILIZZANTI_SISTEMA_POSA"}],"use":["Schutzma\u00dfnahmen mit gro\u00dfer Reflexionswirkung an Abdeckungsfl\u00e4chen, ob neu oder bestehend.","Wasserundurchl\u00e4ssiger Schutz mit gro\u00dfer Sonnenlichtreflexion von vorgefertigten Polymerbitumenmembramen und bestehenden Elastomerbitumen-Dichtbahnen","Wasserundurchl\u00e4ssige Schutzbeschichtung f\u00fcr Beton.","Wasserundurchl\u00e4ssige Beschichtung f\u00fcr Keramikfliesen und Steinmaterialien.","Wasserundurchl\u00e4ssige Schutzbeschichtung f\u00fcr zementgebundene Estriche.","Behandlung von Metallteilen aus verzinktem Blech, aus Aluminium, aus Kupfer."],"supply":["Eimer zu 20 kg"],"attributes":{"Attributes_1":{"COOL ROOF MASSNAHMEN":"COOL ROOF Ma\u00dfnahmen","WASSERUNDURCHL\u00c4SSIGER SCHUTZ DER ABDECKFL\u00c4CHEN":"Wasserundurchl\u00e4ssiger Schutz der Abdeckfl\u00e4chen","SCHUTZMASSNAHMEN F\u00dcR BETON":"Schutzma\u00dfnahmen f\u00fcr Beton"},"Attributes_2":{"AUSSENBEREICH":"Au\u00dfenbereich"}},"___attributes":{"FASSAES":{"FASSA_SISTEMA_POSA_PAVIMENTI_E_RIVESTIMENTI":{"Attributes_1":["COOL ROOF Ma\u00dfnahmen","Wasserundurchl\u00e4ssiger Schutz der Abdeckfl\u00e4chen","Schutzma\u00dfnahmen f\u00fcr Beton"],"Attributes_2":["Au\u00dfenbereich"]}},"FASSA":{"FASSA_SISTEMA_POSA_PAVIMENTI_E_RIVESTIMENTI":{"Attributes_1":["COOL ROOF Ma\u00dfnahmen","Wasserundurchl\u00e4ssiger Schutz der Abdeckfl\u00e4chen","Schutzma\u00dfnahmen f\u00fcr Beton"],"Attributes_2":["Au\u00dfenbereich"]}}},"elastic_market_index":"it","structured_data":{"@context":"https:\/\/schema.org","@type":"Product","name":"AQUAZIP BARRIER SRI","description":["Wei\u00dfe, gebrauchsfertige elastische Abdichtungsmembran mit einem hohen Sonnenlichtreflexionsgrad, f\u00fcr die passive K\u00fchlung."],"url":"https:\/\/www.fassabortolo.it\/de\/produkte\/verlegesystem-fur-boden-und-wandbelage\/aquazip-wasserundurchlassige-dichtstoffe\/aquazip-barrier-sri","identifier":"PROD_AQUAZIP_BARRIER_SRI","sku":"PROD_AQUAZIP_BARRIER_SRI","image":"https:\/\/www.fassabortolo.it\/wp-content\/uploads\/media\/assets\/AQUAZIP_BARRIER_SRI.jpg","brand":{"@type":"Brand","name":"Fassa Bortolo"},"manufacturer":{"@type":"Organization","name":"Fassa Bortolo","url":"https:\/\/www.fassabortolo.it"},"additionalProperty":[{"@type":"PropertyValue","name":"Use Case 1","value":"Schutzma\u00dfnahmen mit gro\u00dfer Reflexionswirkung an Abdeckungsfl\u00e4chen, ob neu oder bestehend."},{"@type":"PropertyValue","name":"Use Case 2","value":"Wasserundurchl\u00e4ssiger Schutz mit gro\u00dfer Sonnenlichtreflexion von vorgefertigten Polymerbitumenmembramen und bestehenden Elastomerbitumen-Dichtbahnen"},{"@type":"PropertyValue","name":"Use Case 3","value":"Wasserundurchl\u00e4ssige Schutzbeschichtung f\u00fcr Beton."},{"@type":"PropertyValue","name":"Use Case 4","value":"Wasserundurchl\u00e4ssige Beschichtung f\u00fcr Keramikfliesen und Steinmaterialien."},{"@type":"PropertyValue","name":"Use Case 5","value":"Wasserundurchl\u00e4ssige Schutzbeschichtung f\u00fcr zementgebundene Estriche."},{"@type":"PropertyValue","name":"Use Case 6","value":"Behandlung von Metallteilen aus verzinktem Blech, aus Aluminium, aus Kupfer."},{"@type":"PropertyValue","name":"Supply Information","value":"Eimer zu 20 kg"},{"@type":"PropertyValue","name":"Attributes_1","value":"COOL ROOF Ma\u00dfnahmen"},{"@type":"PropertyValue","name":"Attributes_1","value":"Wasserundurchl\u00e4ssiger Schutz der Abdeckfl\u00e4chen"},{"@type":"PropertyValue","name":"Attributes_1","value":"Schutzma\u00dfnahmen f\u00fcr Beton"},{"@type":"PropertyValue","name":"Attributes_2","value":"Au\u00dfenbereich"}],"category":[{"@type":"ProductCollection","name":"AQUAZIP\u00ae &#8211; WASSERUNDURCHL\u00c4SSIGE DICHTSTOFFE","identifier":"FASSA_LINEA_AQUAZIP_IMPERMEABILIZZANTI_SISTEMA_POSA"},{"@type":"Collection","name":"VERLEGESYSTEM F\u00dcR BODEN- UND WANDBEL\u00c4GE","identifier":"FASSA_SISTEMA_POSA_PAVIMENTI_E_RIVESTIMENTI"}],"inLanguage":"de"},"_links":{"self":[{"href":"https:\/\/www.fassabortolo.it\/de\/wp-json\/wp\/v2\/product\/3497557","targetHints":{"allow":["GET"]}}],"collection":[{"href":"https:\/\/www.fassabortolo.it\/de\/wp-json\/wp\/v2\/product"}],"about":[{"href":"https:\/\/www.fassabortolo.it\/de\/wp-json\/wp\/v2\/types\/product"}],"wp:attachment":[{"href":"https:\/\/www.fassabortolo.it\/de\/wp-json\/wp\/v2\/media?parent=3497557"}],"curies":[{"name":"wp","href":"https:\/\/api.w.org\/{rel}","templated":true}]}}