{"id":3497558,"date":"2026-01-20T15:00:21","date_gmt":"2026-01-20T14:00:21","guid":{"rendered":"http:\/\/10.6.201.155\/?post_type=product&#038;p=50155"},"modified":"2026-05-15T01:08:38","modified_gmt":"2026-05-14T23:08:38","slug":"aquazip-mo-660","status":"publish","type":"product","link":"https:\/\/www.fassabortolo.it\/de\/produkte\/verlegesystem-fur-boden-und-wandbelage\/aquazip-wasserundurchlassige-dichtstoffe\/aquazip-mo-660","title":{"rendered":"AQUAZIP MO 660"},"content":{"rendered":"","protected":false},"featured_media":0,"template":"","class_list":["post-3497558","product","type-product","status-publish","hentry"],"acf":[],"fimg":{"url":"https:\/\/www.fassabortolo.it\/wp-content\/uploads\/media\/assets\/AquaZIP_MO660_grigio.jpg","alt":"AQUAZIP MO 660"},"product_description":["Einkomponentiger osmotischer Zementm\u00f6rtel f\u00fcr die wasserundurchl\u00e4ssige Abdichtung von Mauerwerken und Betonbauwerken, geeignet f\u00fcr den Kontakt mit Trinkwasser"],"ekr_hierarchy_settings":{"it":{"FASSA_LINEA_AQUAZIP_IMPERMEABILIZZANTI_SISTEMA_POSA":{"ekr_position":5}},"lu":{"FASSA_LINEA_AQUAZIP_IMPERMEABILIZZANTI_SISTEMA_POSA":{"ekr_position":9}}},"lang":{"language_code":"de","locale":"de_DE","text_direction":false,"display_name":"Deutsch","native_name":"Tedesco","different_language":false},"systems":[{"id":3497517,"name":"VERLEGESYSTEM F\u00dcR BODEN- UND WANDBEL\u00c4GE","permalink":"https:\/\/www.fassabortolo.it\/de\/produkte\/verlegesystem-fur-boden-und-wandbelage\/","slug":"verlegesystem-fur-boden-und-wandbelage","ekr_pallet_code":"FASSA_SISTEMA_POSA_PAVIMENTI_E_RIVESTIMENTI"}],"product_pallet_code":"PROD_AQUAZIP_MO_660","lines":[{"id":3497450,"name":"AQUAZIP\u00ae &#8211; WASSERUNDURCHL\u00c4SSIGE DICHTSTOFFE","permalink":"https:\/\/www.fassabortolo.it\/de\/produkte\/\/aquazip-wasserundurchlassige-dichtstoffe\/","slug":"aquazip-wasserundurchlassige-dichtstoffe","system_codes":["FASSA_SISTEMA_POSA_PAVIMENTI_E_RIVESTIMENTI"],"ekr_pallet_code":"FASSA_LINEA_AQUAZIP_IMPERMEABILIZZANTI_SISTEMA_POSA"}],"use":["AQUAZIP MO 660 ist ein spezifischer M\u00f6rtel f\u00fcr die starre, wasserundurchl\u00e4ssige Abdichtung von Beton- oder Mauerwerksfl\u00e4chen, und zwar auch bei hohem hydrostatischem, positivem Druck und bei bis zu 2,5 atm Gegendruck.","AQUAZIP MO 660 &nbsp; \u00e8 idoneo al contatto con acqua potabile in accordo alle disposizioni del Decreto Legislativo n\u00b018 del 23 febbraio 2023.","AQUAZIP MO 660 eignet sich zur Aufbringung mittels Traufel, Malerb\u00fcrste oder Putzmaschine samt passendem Zubeh\u00f6r und garantiert ausgezeichnete Verarbeitbarkeit und Haftung auch auf vertikalen Oberfl\u00e4chen und auf unterschiedlichen Unterlagstypologien, wie beispielsweise auf Beton, auf zement\u00f6sen M\u00f6rteln und auf Ziegelmauerwerken.","Besonders geeignet, wenn gute Best\u00e4ndigkeit gegen negativ dr\u00fcckendes Wasser erforderlich ist.","Nachfolgend die wichtigsten Anwendungsbereiche:","wasserundurchl\u00e4ssige Abdichtung von Trinkwassertanks oder -zisternen;","Wasserundurchl\u00e4ssige Abdichtung von Bew\u00e4sserungskan\u00e4len;","Wasserundurchl\u00e4ssige Abdichtung von Grundmauern oder von Mauern mit Erdreichkontakt;","Wasserundurchl\u00e4ssige Abdichtung oder Behandlung von Innen- und Au\u00dfenfl\u00e4chen im Kellergeschoss;","Wasserundurchl\u00e4ssige Abdichtung von Aufzugsch\u00e4chten, Stollen oder Sch\u00e4chten;","Wasserundurchl\u00e4ssige Abdichtung von Zementuntergr\u00fcnden beim Vorhandensein von Wasser mit Gegendruck;","Wasserundurchl\u00e4ssige Abdichtung von Brunnen und Dekorbecken."],"supply":["In feuchtigkeitsgesch\u00fctzten Spezials\u00e4cken zu ca. 25 kg"],"attributes":{"Attributes_1":{"WASSERUNDURCHL\u00c4SSIGE ABDICHTUNGEN F\u00dcR UNTERIRDISCHE UND WASSERBAUWERKE":"Wasserundurchl\u00e4ssige Abdichtungen f\u00fcr unterirdische und Wasserbauwerke","SCHUTZMASSNAHMEN F\u00dcR BETON":"Schutzma\u00dfnahmen f\u00fcr Beton"},"Attributes_2":{"AUSSENBEREICH":"Au\u00dfenbereich","INNENBEREICH":"Innenbereich"}},"___attributes":{"FASSAES":{"FASSA_SISTEMA_POSA_PAVIMENTI_E_RIVESTIMENTI":{"Attributes_1":["Wasserundurchl\u00e4ssige Abdichtungen f\u00fcr unterirdische und Wasserbauwerke"],"Attributes_2":["Au\u00dfenbereich","Innenbereich"]}},"FASSA":{"FASSA_SISTEMA_POSA_PAVIMENTI_E_RIVESTIMENTI":{"Attributes_1":["Wasserundurchl\u00e4ssige Abdichtungen f\u00fcr unterirdische und Wasserbauwerke","Schutzma\u00dfnahmen f\u00fcr Beton"],"Attributes_2":["Au\u00dfenbereich","Innenbereich"]}}},"elastic_market_index":"it","structured_data":{"@context":"https:\/\/schema.org","@type":"Product","name":"AQUAZIP MO 660","description":["Einkomponentiger osmotischer Zementm\u00f6rtel f\u00fcr die wasserundurchl\u00e4ssige Abdichtung von Mauerwerken und Betonbauwerken, geeignet f\u00fcr den Kontakt mit Trinkwasser"],"url":"https:\/\/www.fassabortolo.it\/de\/produkte\/verlegesystem-fur-boden-und-wandbelage\/aquazip-wasserundurchlassige-dichtstoffe\/aquazip-mo-660","identifier":"PROD_AQUAZIP_MO_660","sku":"PROD_AQUAZIP_MO_660","image":"https:\/\/www.fassabortolo.it\/wp-content\/uploads\/media\/assets\/AquaZIP_MO660_grigio.jpg","brand":{"@type":"Brand","name":"Fassa Bortolo"},"manufacturer":{"@type":"Organization","name":"Fassa Bortolo","url":"https:\/\/www.fassabortolo.it"},"additionalProperty":[{"@type":"PropertyValue","name":"Use Case 1","value":"AQUAZIP MO 660 ist ein spezifischer M\u00f6rtel f\u00fcr die starre, wasserundurchl\u00e4ssige Abdichtung von Beton- oder Mauerwerksfl\u00e4chen, und zwar auch bei hohem hydrostatischem, positivem Druck und bei bis zu 2,5 atm Gegendruck."},{"@type":"PropertyValue","name":"Use Case 2","value":"AQUAZIP MO 660 &nbsp; \u00e8 idoneo al contatto con acqua potabile in accordo alle disposizioni del Decreto Legislativo n\u00b018 del 23 febbraio 2023."},{"@type":"PropertyValue","name":"Use Case 3","value":"AQUAZIP MO 660 eignet sich zur Aufbringung mittels Traufel, Malerb\u00fcrste oder Putzmaschine samt passendem Zubeh\u00f6r und garantiert ausgezeichnete Verarbeitbarkeit und Haftung auch auf vertikalen Oberfl\u00e4chen und auf unterschiedlichen Unterlagstypologien, wie beispielsweise auf Beton, auf zement\u00f6sen M\u00f6rteln und auf Ziegelmauerwerken."},{"@type":"PropertyValue","name":"Use Case 4","value":"Besonders geeignet, wenn gute Best\u00e4ndigkeit gegen negativ dr\u00fcckendes Wasser erforderlich ist."},{"@type":"PropertyValue","name":"Use Case 5","value":"Nachfolgend die wichtigsten Anwendungsbereiche:"},{"@type":"PropertyValue","name":"Use Case 6","value":"wasserundurchl\u00e4ssige Abdichtung von Trinkwassertanks oder -zisternen;"},{"@type":"PropertyValue","name":"Use Case 7","value":"Wasserundurchl\u00e4ssige Abdichtung von Bew\u00e4sserungskan\u00e4len;"},{"@type":"PropertyValue","name":"Use Case 8","value":"Wasserundurchl\u00e4ssige Abdichtung von Grundmauern oder von Mauern mit Erdreichkontakt;"},{"@type":"PropertyValue","name":"Use Case 9","value":"Wasserundurchl\u00e4ssige Abdichtung oder Behandlung von Innen- und Au\u00dfenfl\u00e4chen im Kellergeschoss;"},{"@type":"PropertyValue","name":"Use Case 10","value":"Wasserundurchl\u00e4ssige Abdichtung von Aufzugsch\u00e4chten, Stollen oder Sch\u00e4chten;"},{"@type":"PropertyValue","name":"Use Case 11","value":"Wasserundurchl\u00e4ssige Abdichtung von Zementuntergr\u00fcnden beim Vorhandensein von Wasser mit Gegendruck;"},{"@type":"PropertyValue","name":"Use Case 12","value":"Wasserundurchl\u00e4ssige Abdichtung von Brunnen und Dekorbecken."},{"@type":"PropertyValue","name":"Supply Information","value":"In feuchtigkeitsgesch\u00fctzten Spezials\u00e4cken zu ca. 25 kg"},{"@type":"PropertyValue","name":"Attributes_1","value":"Wasserundurchl\u00e4ssige Abdichtungen f\u00fcr unterirdische und Wasserbauwerke"},{"@type":"PropertyValue","name":"Attributes_1","value":"Schutzma\u00dfnahmen f\u00fcr Beton"},{"@type":"PropertyValue","name":"Attributes_2","value":"Au\u00dfenbereich"},{"@type":"PropertyValue","name":"Attributes_2","value":"Innenbereich"}],"category":[{"@type":"ProductCollection","name":"AQUAZIP\u00ae &#8211; WASSERUNDURCHL\u00c4SSIGE DICHTSTOFFE","identifier":"FASSA_LINEA_AQUAZIP_IMPERMEABILIZZANTI_SISTEMA_POSA"},{"@type":"Collection","name":"VERLEGESYSTEM F\u00dcR BODEN- UND WANDBEL\u00c4GE","identifier":"FASSA_SISTEMA_POSA_PAVIMENTI_E_RIVESTIMENTI"}],"inLanguage":"de"},"_links":{"self":[{"href":"https:\/\/www.fassabortolo.it\/de\/wp-json\/wp\/v2\/product\/3497558","targetHints":{"allow":["GET"]}}],"collection":[{"href":"https:\/\/www.fassabortolo.it\/de\/wp-json\/wp\/v2\/product"}],"about":[{"href":"https:\/\/www.fassabortolo.it\/de\/wp-json\/wp\/v2\/types\/product"}],"wp:attachment":[{"href":"https:\/\/www.fassabortolo.it\/de\/wp-json\/wp\/v2\/media?parent=3497558"}],"curies":[{"name":"wp","href":"https:\/\/api.w.org\/{rel}","templated":true}]}}