{"id":3497564,"date":"2026-01-20T15:00:01","date_gmt":"2026-01-20T14:00:01","guid":{"rendered":"http:\/\/10.6.201.155\/?post_type=product&#038;p=50183"},"modified":"2026-05-15T01:08:04","modified_gmt":"2026-05-14T23:08:04","slug":"aquazip-rdy","status":"publish","type":"product","link":"https:\/\/www.fassabortolo.it\/de\/produkte\/verlegesystem-fur-boden-und-wandbelage\/aquazip-wasserundurchlassige-dichtstoffe\/aquazip-rdy","title":{"rendered":"AQUAZIP RDY"},"content":{"rendered":"","protected":false},"featured_media":0,"template":"","class_list":["post-3497564","product","type-product","status-publish","hentry"],"acf":[],"fimg":{"url":"https:\/\/www.fassabortolo.it\/wp-content\/uploads\/media\/assets\/AQUAZIP_RDY.jpg","alt":"AQUAZIP RDY"},"product_description":["Elastische, gebrauchsfertige und wasserundurchl\u00e4ssige Dichtmasse in Pastenform f\u00fcr den Innenbereich"],"ekr_hierarchy_settings":{"it":{"FASSA_LINEA_AQUAZIP_IMPERMEABILIZZANTI_SISTEMA_POSA":{"ekr_position":3}},"es":{"FASSAES_LINEA_AQUAZIP_IMPERMEABILIZZANTI_SISTEMA_POSA":{"ekr_position":6}},"lu":{"FASSA_LINEA_AQUAZIP_IMPERMEABILIZZANTI_SISTEMA_POSA":{"ekr_position":7}}},"lang":{"language_code":"de","locale":"de_DE","text_direction":false,"display_name":"Deutsch","native_name":"Tedesco","different_language":false},"systems":[{"id":3497517,"name":"VERLEGESYSTEM F\u00dcR BODEN- UND WANDBEL\u00c4GE","permalink":"https:\/\/www.fassabortolo.it\/de\/produkte\/verlegesystem-fur-boden-und-wandbelage\/","slug":"verlegesystem-fur-boden-und-wandbelage","ekr_pallet_code":"FASSA_SISTEMA_POSA_PAVIMENTI_E_RIVESTIMENTI"}],"product_pallet_code":"PROD_AQUAZIP_RDY","lines":[{"id":3497450,"name":"AQUAZIP\u00ae &#8211; WASSERUNDURCHL\u00c4SSIGE DICHTSTOFFE","permalink":"https:\/\/www.fassabortolo.it\/de\/produkte\/\/aquazip-wasserundurchlassige-dichtstoffe\/","slug":"aquazip-wasserundurchlassige-dichtstoffe","system_codes":["FASSA_SISTEMA_POSA_PAVIMENTI_E_RIVESTIMENTI"],"ekr_pallet_code":"FASSA_LINEA_AQUAZIP_IMPERMEABILIZZANTI_SISTEMA_POSA"}],"use":["AQUAZIP RDY kann innen auf vertikalen und horizontalen Fl\u00e4chen verwendet werden. &nbsp; Diese Dichtmasse eignet sich f\u00fcr die wasserundurchl\u00e4ssige Abdichtung im Innenbereich vor dem Verlegen von Keramikfliesen, von Mosaiken und von Natursteinauf Beton, auf Estrichen auf Zement- oder Anhydritbasis, auf zementgebundenen Putzen oder solchen auf Gipsbasis, auf Gipskartonw\u00e4nden, auf bestehenden Bel\u00e4gen aus Keramikfliesen und aus Naturstein. &nbsp; Ideal f\u00fcr die wasserundurchl\u00e4ssige Abdichtung von B\u00e4dern und Duschen sowie von Feuchtr\u00e4umen."],"supply":["Eimer zu ca. 5 und 15 kg"],"attributes":{"Attributes_1":{"DICHTBAHNEN UNTER FLIESENBELAG":"Dichtbahnen unter Fliesenbelag"},"Attributes_2":{"INNENBEREICH":"Innenbereich"}},"___attributes":{"FASSAES":{"FASSA_SISTEMA_POSA_PAVIMENTI_E_RIVESTIMENTI":{"Attributes_1":["Dichtbahnen unter Fliesenbelag"],"Attributes_2":["Innenbereich"]}},"FASSA":{"FASSA_SISTEMA_POSA_PAVIMENTI_E_RIVESTIMENTI":{"Attributes_1":["Dichtbahnen unter Fliesenbelag"],"Attributes_2":["Innenbereich"]}}},"elastic_market_index":"it","structured_data":{"@context":"https:\/\/schema.org","@type":"Product","name":"AQUAZIP RDY","description":["Elastische, gebrauchsfertige und wasserundurchl\u00e4ssige Dichtmasse in Pastenform f\u00fcr den Innenbereich"],"url":"https:\/\/www.fassabortolo.it\/de\/produkte\/verlegesystem-fur-boden-und-wandbelage\/aquazip-wasserundurchlassige-dichtstoffe\/aquazip-rdy","identifier":"PROD_AQUAZIP_RDY","sku":"PROD_AQUAZIP_RDY","image":"https:\/\/www.fassabortolo.it\/wp-content\/uploads\/media\/assets\/AQUAZIP_RDY.jpg","brand":{"@type":"Brand","name":"Fassa Bortolo"},"manufacturer":{"@type":"Organization","name":"Fassa Bortolo","url":"https:\/\/www.fassabortolo.it"},"additionalProperty":[{"@type":"PropertyValue","name":"Use Case 1","value":"AQUAZIP RDY kann innen auf vertikalen und horizontalen Fl\u00e4chen verwendet werden. &nbsp; Diese Dichtmasse eignet sich f\u00fcr die wasserundurchl\u00e4ssige Abdichtung im Innenbereich vor dem Verlegen von Keramikfliesen, von Mosaiken und von Natursteinauf Beton, auf Estrichen auf Zement- oder Anhydritbasis, auf zementgebundenen Putzen oder solchen auf Gipsbasis, auf Gipskartonw\u00e4nden, auf bestehenden Bel\u00e4gen aus Keramikfliesen und aus Naturstein. &nbsp; Ideal f\u00fcr die wasserundurchl\u00e4ssige Abdichtung von B\u00e4dern und Duschen sowie von Feuchtr\u00e4umen."},{"@type":"PropertyValue","name":"Supply Information","value":"Eimer zu ca. 5 und 15 kg"},{"@type":"PropertyValue","name":"Attributes_1","value":"Dichtbahnen unter Fliesenbelag"},{"@type":"PropertyValue","name":"Attributes_2","value":"Innenbereich"}],"category":[{"@type":"ProductCollection","name":"AQUAZIP\u00ae &#8211; WASSERUNDURCHL\u00c4SSIGE DICHTSTOFFE","identifier":"FASSA_LINEA_AQUAZIP_IMPERMEABILIZZANTI_SISTEMA_POSA"},{"@type":"Collection","name":"VERLEGESYSTEM F\u00dcR BODEN- UND WANDBEL\u00c4GE","identifier":"FASSA_SISTEMA_POSA_PAVIMENTI_E_RIVESTIMENTI"}],"inLanguage":"de"},"_links":{"self":[{"href":"https:\/\/www.fassabortolo.it\/de\/wp-json\/wp\/v2\/product\/3497564","targetHints":{"allow":["GET"]}}],"collection":[{"href":"https:\/\/www.fassabortolo.it\/de\/wp-json\/wp\/v2\/product"}],"about":[{"href":"https:\/\/www.fassabortolo.it\/de\/wp-json\/wp\/v2\/types\/product"}],"wp:attachment":[{"href":"https:\/\/www.fassabortolo.it\/de\/wp-json\/wp\/v2\/media?parent=3497564"}],"curies":[{"name":"wp","href":"https:\/\/api.w.org\/{rel}","templated":true}]}}