{"id":3497568,"date":"2026-01-20T15:00:23","date_gmt":"2026-01-20T14:00:23","guid":{"rendered":"http:\/\/10.6.201.155\/?post_type=product&#038;p=50197"},"modified":"2026-05-15T01:09:19","modified_gmt":"2026-05-14T23:09:19","slug":"a-50","status":"publish","type":"product","link":"https:\/\/www.fassabortolo.it\/de\/produkte\/sistema-isolamento-termico-fassatherm\/kleber-und-spachtelmassen\/a-50","title":{"rendered":"A 50"},"content":{"rendered":"","protected":false},"featured_media":0,"template":"","class_list":["post-3497568","product","type-product","status-publish","hentry"],"acf":[],"fimg":{"url":"https:\/\/www.fassabortolo.it\/wp-content\/uploads\/media\/assets\/A_50.jpg","alt":"A 50"},"product_description":["Hochleistungs-Spachtelkleber in Grau und Wei\u00df, f\u00fcr D\u00e4mmsysteme Fassatherm<sup>\u00ae<\/sup>"],"ekr_hierarchy_settings":{"it":{"FASSA_LINEA_COLLANTI_E_RASANTI_SISTEMA_ISOLAMENTO":{"ekr_position":5}},"es":{"FASSAES_LINEA_COLLANTI_E_RASANTI_SISTEMA_ISOLAMENTO":{"ekr_position":7}},"lu":{"FASSA_LINEA_COLLANTI_E_RASANTI_SISTEMA_ISOLAMENTO":{"ekr_position":7}}},"lang":{"language_code":"de","locale":"de_DE","text_direction":false,"display_name":"Deutsch","native_name":"Tedesco","different_language":false},"systems":[{"id":3497519,"name":"W\u00c4RMED\u00c4MMVERBUNDSYSTEM FASSATHERM\u00ae","permalink":"https:\/\/www.fassabortolo.it\/de\/produkte\/sistema-isolamento-termico-fassatherm\/","slug":"sistema-isolamento-termico-fassatherm","ekr_pallet_code":"FASSA_SISTEMA_ISOLAMENTO_TERMICO_FASSATHERM"}],"product_pallet_code":"PROD_A_50","lines":[{"id":3497456,"name":"KLEBER UND SPACHTELMASSEN","permalink":"https:\/\/www.fassabortolo.it\/de\/produkte\/\/kleber-und-spachtelmassen\/","slug":"kleber-und-spachtelmassen","system_codes":["FASSA_SISTEMA_ISOLAMENTO_TERMICO_FASSATHERM"],"ekr_pallet_code":"FASSA_LINEA_COLLANTI_E_RASANTI_SISTEMA_ISOLAMENTO"}],"use":["A 50 wird bei W\u00e4rmed\u00e4mmverbundsystemen zum Verkleben und Verspachteln von aus Bl\u00f6cken geschnittenen oder formgepressten EPS-D\u00e4mmplatten, sowie zum Einbetten von Armierungsgeweben und Verkleben von PIR-D\u00e4mmplatten verwendet."],"supply":["Lose im Silo","Spezials\u00e4cke mit Feuchtigkeitsschutz zu ca. 25 kg","Je nach Bestimmungsland k\u00f6nnten einige Verkaufsformate nicht erh\u00e4ltlich sein","Erh\u00e4ltliche Farbt\u00f6ne:","Grau","Weiss &nbsp; (in Spanien nicht erh\u00e4ltlich)"],"attributes":{"Attributes_1":[],"Attributes_2":{"AUSSENBEREICH":"Au\u00dfenbereich"}},"___attributes":{"FASSAES":{"FASSA_SISTEMA_ISOLAMENTO_TERMICO_FASSATHERM":{"Attributes_2":["Au\u00dfenbereich"]}},"FASSA":{"FASSA_SISTEMA_ISOLAMENTO_TERMICO_FASSATHERM":{"Attributes_2":["Au\u00dfenbereich"]}}},"elastic_market_index":"it","structured_data":{"@context":"https:\/\/schema.org","@type":"Product","name":"A 50","description":["Hochleistungs-Spachtelkleber in Grau und Wei\u00df, f\u00fcr D\u00e4mmsysteme Fassatherm<sup>\u00ae<\/sup>"],"url":"https:\/\/www.fassabortolo.it\/de\/produkte\/sistema-isolamento-termico-fassatherm\/kleber-und-spachtelmassen\/a-50","identifier":"PROD_A_50","sku":"PROD_A_50","image":"https:\/\/www.fassabortolo.it\/wp-content\/uploads\/media\/assets\/A_50.jpg","brand":{"@type":"Brand","name":"Fassa Bortolo"},"manufacturer":{"@type":"Organization","name":"Fassa Bortolo","url":"https:\/\/www.fassabortolo.it"},"additionalProperty":[{"@type":"PropertyValue","name":"Use Case 1","value":"A 50 wird bei W\u00e4rmed\u00e4mmverbundsystemen zum Verkleben und Verspachteln von aus Bl\u00f6cken geschnittenen oder formgepressten EPS-D\u00e4mmplatten, sowie zum Einbetten von Armierungsgeweben und Verkleben von PIR-D\u00e4mmplatten verwendet."},{"@type":"PropertyValue","name":"Supply Information","value":"Lose im Silo"},{"@type":"PropertyValue","name":"Supply Information","value":"Spezials\u00e4cke mit Feuchtigkeitsschutz zu ca. 25 kg"},{"@type":"PropertyValue","name":"Supply Information","value":"Je nach Bestimmungsland k\u00f6nnten einige Verkaufsformate nicht erh\u00e4ltlich sein"},{"@type":"PropertyValue","name":"Supply Information","value":"Erh\u00e4ltliche Farbt\u00f6ne:"},{"@type":"PropertyValue","name":"Supply Information","value":"Grau"},{"@type":"PropertyValue","name":"Supply Information","value":"Weiss &nbsp; (in Spanien nicht erh\u00e4ltlich)"},{"@type":"PropertyValue","name":"Attributes_2","value":"Au\u00dfenbereich"}],"category":[{"@type":"ProductCollection","name":"KLEBER UND SPACHTELMASSEN","identifier":"FASSA_LINEA_COLLANTI_E_RASANTI_SISTEMA_ISOLAMENTO"},{"@type":"Collection","name":"W\u00c4RMED\u00c4MMVERBUNDSYSTEM FASSATHERM\u00ae","identifier":"FASSA_SISTEMA_ISOLAMENTO_TERMICO_FASSATHERM"}],"inLanguage":"de"},"_links":{"self":[{"href":"https:\/\/www.fassabortolo.it\/de\/wp-json\/wp\/v2\/product\/3497568","targetHints":{"allow":["GET"]}}],"collection":[{"href":"https:\/\/www.fassabortolo.it\/de\/wp-json\/wp\/v2\/product"}],"about":[{"href":"https:\/\/www.fassabortolo.it\/de\/wp-json\/wp\/v2\/types\/product"}],"wp:attachment":[{"href":"https:\/\/www.fassabortolo.it\/de\/wp-json\/wp\/v2\/media?parent=3497568"}],"curies":[{"name":"wp","href":"https:\/\/api.w.org\/{rel}","templated":true}]}}