{"id":3497570,"date":"2026-01-20T15:00:42","date_gmt":"2026-01-20T14:00:42","guid":{"rendered":"http:\/\/10.6.201.155\/?post_type=product&#038;p=50201"},"modified":"2026-05-15T01:08:26","modified_gmt":"2026-05-14T23:08:26","slug":"a-81","status":"publish","type":"product","link":"https:\/\/www.fassabortolo.it\/de\/produkte\/verlegesystem-fur-boden-und-wandbelage\/komplementare-produkte\/a-81","title":{"rendered":"A 81"},"content":{"rendered":"","protected":false},"featured_media":0,"template":"","class_list":["post-3497570","product","type-product","status-publish","hentry"],"acf":[],"fimg":{"url":"https:\/\/www.fassabortolo.it\/wp-content\/uploads\/media\/assets\/A_81.jpg","alt":"A 81"},"product_description":["Wei\u00dfer Kleber und Spachtel f\u00fcr Bausteine aus Porenbeton"],"ekr_hierarchy_settings":{"it":{"FASSA_LINEA_PRODOTTI_COMPLEMENTARI_SISTEMA_POSA":{"ekr_position":0}},"ch":{"FASSA_LINEA_PRODOTTI_COMPLEMENTARI_SISTEMA_POSA":{"ekr_position":0}},"es":{"FASSAES_LINEA_PRODOTTI_COMPLEMENTARI_SISTEMA_POSA":{"ekr_position":0}},"lu":{"FASSA_LINEA_PRODOTTI_COMPLEMENTARI_SISTEMA_POSA":{"ekr_position":0}}},"lang":{"language_code":"de","locale":"de_DE","text_direction":false,"display_name":"Deutsch","native_name":"Tedesco","different_language":false},"systems":[{"id":3497517,"name":"VERLEGESYSTEM F\u00dcR BODEN- UND WANDBEL\u00c4GE","permalink":"https:\/\/www.fassabortolo.it\/de\/produkte\/verlegesystem-fur-boden-und-wandbelage\/","slug":"verlegesystem-fur-boden-und-wandbelage","ekr_pallet_code":"FASSA_SISTEMA_POSA_PAVIMENTI_E_RIVESTIMENTI"}],"product_pallet_code":"PROD_A_81","lines":[{"id":3497493,"name":"KOMPLEMENT\u00c4RE PRODUKTE","permalink":"https:\/\/www.fassabortolo.it\/de\/produkte\/\/komplementare-produkte\/","slug":"komplementare-produkte","system_codes":["FASSA_SISTEMA_POSA_PAVIMENTI_E_RIVESTIMENTI"],"ekr_pallet_code":"FASSA_LINEA_PRODOTTI_COMPLEMENTARI_SISTEMA_POSA"}],"use":["A 81 wird verwendet zum Kleben und Spachteln von Porenbetonsteinen (wie Gasbeton, Ytong usw.)."],"supply":["In feuchtigkeitsgesch\u00fctzten Spezials\u00e4cken zu ca. 25 kg","S\u00e4ckchen zu ca. 5 kg in Kartonschachteln zu jeweils 5 St\u00fcck"],"attributes":{"Attributes_1":{"KLEBSTOFFE F\u00dcR BAUBL\u00d6CKE AUS BL\u00c4HBETON":"Klebstoffe f\u00fcr Baubl\u00f6cke aus Bl\u00e4hbeton"},"Attributes_2":{"AUSSENBEREICH":"Au\u00dfenbereich","INNENBEREICH":"Innenbereich"}},"___attributes":{"FASSAES":{"FASSA_SISTEMA_POSA_PAVIMENTI_E_RIVESTIMENTI":{"Attributes_1":["Klebstoffe f\u00fcr Baubl\u00f6cke aus Bl\u00e4hbeton"],"Attributes_2":["Au\u00dfenbereich","Innenbereich"]}},"FASSA":{"FASSA_SISTEMA_POSA_PAVIMENTI_E_RIVESTIMENTI":{"Attributes_1":["Klebstoffe f\u00fcr Baubl\u00f6cke aus Bl\u00e4hbeton"],"Attributes_2":["Au\u00dfenbereich","Innenbereich"]}}},"elastic_market_index":"it","structured_data":{"@context":"https:\/\/schema.org","@type":"Product","name":"A 81","description":["Wei\u00dfer Kleber und Spachtel f\u00fcr Bausteine aus Porenbeton"],"url":"https:\/\/www.fassabortolo.it\/de\/produkte\/verlegesystem-fur-boden-und-wandbelage\/komplementare-produkte\/a-81","identifier":"PROD_A_81","sku":"PROD_A_81","image":"https:\/\/www.fassabortolo.it\/wp-content\/uploads\/media\/assets\/A_81.jpg","brand":{"@type":"Brand","name":"Fassa Bortolo"},"manufacturer":{"@type":"Organization","name":"Fassa Bortolo","url":"https:\/\/www.fassabortolo.it"},"additionalProperty":[{"@type":"PropertyValue","name":"Use Case 1","value":"A 81 wird verwendet zum Kleben und Spachteln von Porenbetonsteinen (wie Gasbeton, Ytong usw.)."},{"@type":"PropertyValue","name":"Supply Information","value":"In feuchtigkeitsgesch\u00fctzten Spezials\u00e4cken zu ca. 25 kg"},{"@type":"PropertyValue","name":"Supply Information","value":"S\u00e4ckchen zu ca. 5 kg in Kartonschachteln zu jeweils 5 St\u00fcck"},{"@type":"PropertyValue","name":"Attributes_1","value":"Klebstoffe f\u00fcr Baubl\u00f6cke aus Bl\u00e4hbeton"},{"@type":"PropertyValue","name":"Attributes_2","value":"Au\u00dfenbereich"},{"@type":"PropertyValue","name":"Attributes_2","value":"Innenbereich"}],"category":[{"@type":"ProductCollection","name":"KOMPLEMENT\u00c4RE PRODUKTE","identifier":"FASSA_LINEA_PRODOTTI_COMPLEMENTARI_SISTEMA_POSA"},{"@type":"Collection","name":"VERLEGESYSTEM F\u00dcR BODEN- UND WANDBEL\u00c4GE","identifier":"FASSA_SISTEMA_POSA_PAVIMENTI_E_RIVESTIMENTI"}],"inLanguage":"de"},"_links":{"self":[{"href":"https:\/\/www.fassabortolo.it\/de\/wp-json\/wp\/v2\/product\/3497570","targetHints":{"allow":["GET"]}}],"collection":[{"href":"https:\/\/www.fassabortolo.it\/de\/wp-json\/wp\/v2\/product"}],"about":[{"href":"https:\/\/www.fassabortolo.it\/de\/wp-json\/wp\/v2\/types\/product"}],"wp:attachment":[{"href":"https:\/\/www.fassabortolo.it\/de\/wp-json\/wp\/v2\/media?parent=3497570"}],"curies":[{"name":"wp","href":"https:\/\/api.w.org\/{rel}","templated":true}]}}