{"id":3497573,"date":"2026-01-20T15:00:18","date_gmt":"2026-01-20T14:00:18","guid":{"rendered":"http:\/\/10.6.201.155\/?post_type=product&#038;p=50213"},"modified":"2026-05-15T01:09:09","modified_gmt":"2026-05-14T23:09:09","slug":"a-64-r-evolution","status":"publish","type":"product","link":"https:\/\/www.fassabortolo.it\/de\/produkte\/betoninstandsetzungs-system\/spachtelmassen\/a-64-r-evolution","title":{"rendered":"A 64 R-EVOLUTION"},"content":{"rendered":"","protected":false},"featured_media":0,"template":"","class_list":["post-3497573","product","type-product","status-publish","hentry"],"acf":[],"fimg":{"url":"https:\/\/www.fassabortolo.it\/wp-content\/uploads\/media\/assets\/A_64_R_EVOLUTION.jpg","alt":"A 64 R-EVOLUTION"},"product_description":["Faserverst\u00e4rkter, hydrophobierter und polymermodifizierter mineralischer Spachtel, aufzutragen auf Oberfl\u00e4chen mit hoher mechanischer Festigkeit, auf Basis von Kalk und hydraulischem Binder, f\u00fcr den Innen- und Au\u00dfenbereich"],"ekr_hierarchy_settings":{"it":{"FASSA_LINEA_RASANTI_SISTEMA_RIPRISTINO":{"ekr_position":0},"FASSA_LINEA_PRODOTTI_TRADIZIONALI_SISTEMA_INTONACATURA":{"ekr_position":21}},"ch":{"FASSA_LINEA_RASANTI_SISTEMA_RIPRISTINO":{"ekr_position":0}},"es":{"FASSAES_LINEA_PRODOTTI_TRADIZIONALI_SISTEMA_INTONACATURA":{"ekr_position":17},"FASSAES_LINEA_RASANTI_SISTEMA_RIPRISTINO":{"ekr_position":0}},"lu":{"FASSA_LINEA_RASANTI_SISTEMA_RIPRISTINO":{"ekr_position":0},"FASSA_LINEA_PRODOTTI_TRADIZIONALI_SISTEMA_INTONACATURA":{"ekr_position":21}}},"lang":{"language_code":"de","locale":"de_DE","text_direction":false,"display_name":"Deutsch","native_name":"Tedesco","different_language":false},"systems":[{"id":3497520,"name":"VERPUTZ- UND BAUSYSTEM","permalink":"https:\/\/www.fassabortolo.it\/de\/produkte\/verputz-und-bausystem\/","slug":"verputz-und-bausystem","ekr_pallet_code":"FASSA_SISTEMA_INTONACATURA_E_COSTRUZIONE"},{"id":3497516,"name":"BETONINSTANDSETZUNGS-SYSTEM","permalink":"https:\/\/www.fassabortolo.it\/de\/produkte\/betoninstandsetzungs-system\/","slug":"betoninstandsetzungs-system","ekr_pallet_code":"FASSA_SISTEMA_RIPRISTINO_DEL_CALCESTRUZZO"}],"product_pallet_code":"PROD_A_64_R_EVOLUTION","lines":[{"id":3497504,"name":"SPACHTELMASSEN","permalink":"https:\/\/www.fassabortolo.it\/de\/produkte\/\/spachtelmassen\/","slug":"spachtelmassen","system_codes":["FASSA_SISTEMA_RIPRISTINO_DEL_CALCESTRUZZO"],"ekr_pallet_code":"FASSA_LINEA_RASANTI_SISTEMA_RIPRISTINO"},{"id":3497483,"name":"TRADITIONELLE PRODUKTE","permalink":"https:\/\/www.fassabortolo.it\/de\/produkte\/\/traditionelle-produkte\/","slug":"traditionelle-produkte","system_codes":["FASSA_SISTEMA_INTONACATURA_E_COSTRUZIONE"],"ekr_pallet_code":"FASSA_LINEA_PRODOTTI_TRADIZIONALI_SISTEMA_INTONACATURA"}],"use":["A 64 R-EVOLUTION ist ein mineralischer Spachtel f\u00fcr innen und au\u00dfen mit hoher Oberfl\u00e4chenstabilit\u00e4t und hohen mechanischen Eigenschaften, er wird zum Spachteln von unregelm\u00e4\u00dfigen, saugenden und nichtsaugenden Oberfl\u00e4chen mit besonderer Konsistenz verwendet (wie Beton, besonders resistente Putze, gut haftenden plastische Beschichtungen usw.)."],"supply":["In feuchtigkeitsgesch\u00fctzten Spezials\u00e4cken zu ca. 25 kg"],"attributes":{"Attributes_1":{"R1\/R2 M\u00d6RTEL":"R1\/R2 m\u00f6rtel","DECKPUTZE\/SPACHELUNGEN":"Deckputze\/Spachelungen"},"Attributes_2":{"AUSSENBEREICH":"Au\u00dfenbereich","INNENBEREICH":"Innenbereich"}},"___attributes":{"FASSAES":{"FASSA_SISTEMA_RIPRISTINO_DEL_CALCESTRUZZO":{"Attributes_1":["R1\/R2 m\u00f6rtel"],"Attributes_2":["Au\u00dfenbereich","Innenbereich"]},"FASSA_SISTEMA_INTONACATURA_E_COSTRUZIONE":{"Attributes_1":["Deckputze\/Spachelungen"],"Attributes_2":["Au\u00dfenbereich","Innenbereich"]}},"FASSA":{"FASSA_SISTEMA_RIPRISTINO_DEL_CALCESTRUZZO":{"Attributes_1":["R1\/R2 m\u00f6rtel"],"Attributes_2":["Au\u00dfenbereich","Innenbereich"]},"FASSA_SISTEMA_INTONACATURA_E_COSTRUZIONE":{"Attributes_1":["Deckputze\/Spachelungen"],"Attributes_2":["Au\u00dfenbereich","Innenbereich"]}}},"elastic_market_index":"it","structured_data":{"@context":"https:\/\/schema.org","@type":"Product","name":"A 64 R-EVOLUTION","description":["Faserverst\u00e4rkter, hydrophobierter und polymermodifizierter mineralischer Spachtel, aufzutragen auf Oberfl\u00e4chen mit hoher mechanischer Festigkeit, auf Basis von Kalk und hydraulischem Binder, f\u00fcr den Innen- und Au\u00dfenbereich"],"url":"https:\/\/www.fassabortolo.it\/de\/produkte\/betoninstandsetzungs-system\/spachtelmassen\/a-64-r-evolution","identifier":"PROD_A_64_R_EVOLUTION","sku":"PROD_A_64_R_EVOLUTION","image":"https:\/\/www.fassabortolo.it\/wp-content\/uploads\/media\/assets\/A_64_R_EVOLUTION.jpg","brand":{"@type":"Brand","name":"Fassa Bortolo"},"manufacturer":{"@type":"Organization","name":"Fassa Bortolo","url":"https:\/\/www.fassabortolo.it"},"additionalProperty":[{"@type":"PropertyValue","name":"Use Case 1","value":"A 64 R-EVOLUTION ist ein mineralischer Spachtel f\u00fcr innen und au\u00dfen mit hoher Oberfl\u00e4chenstabilit\u00e4t und hohen mechanischen Eigenschaften, er wird zum Spachteln von unregelm\u00e4\u00dfigen, saugenden und nichtsaugenden Oberfl\u00e4chen mit besonderer Konsistenz verwendet (wie Beton, besonders resistente Putze, gut haftenden plastische Beschichtungen usw.)."},{"@type":"PropertyValue","name":"Supply Information","value":"In feuchtigkeitsgesch\u00fctzten Spezials\u00e4cken zu ca. 25 kg"},{"@type":"PropertyValue","name":"Attributes_1","value":"R1\/R2 m\u00f6rtel"},{"@type":"PropertyValue","name":"Attributes_2","value":"Au\u00dfenbereich"},{"@type":"PropertyValue","name":"Attributes_2","value":"Innenbereich"},{"@type":"PropertyValue","name":"Attributes_1","value":"Deckputze\/Spachelungen"},{"@type":"PropertyValue","name":"Attributes_2","value":"Au\u00dfenbereich"},{"@type":"PropertyValue","name":"Attributes_2","value":"Innenbereich"}],"category":[{"@type":"ProductCollection","name":"SPACHTELMASSEN","identifier":"FASSA_LINEA_RASANTI_SISTEMA_RIPRISTINO"},{"@type":"ProductCollection","name":"TRADITIONELLE PRODUKTE","identifier":"FASSA_LINEA_PRODOTTI_TRADIZIONALI_SISTEMA_INTONACATURA"},{"@type":"Collection","name":"BETONINSTANDSETZUNGS-SYSTEM","identifier":"FASSA_SISTEMA_RIPRISTINO_DEL_CALCESTRUZZO"},{"@type":"Collection","name":"VERPUTZ- UND BAUSYSTEM","identifier":"FASSA_SISTEMA_INTONACATURA_E_COSTRUZIONE"}],"inLanguage":"de"},"_links":{"self":[{"href":"https:\/\/www.fassabortolo.it\/de\/wp-json\/wp\/v2\/product\/3497573","targetHints":{"allow":["GET"]}}],"collection":[{"href":"https:\/\/www.fassabortolo.it\/de\/wp-json\/wp\/v2\/product"}],"about":[{"href":"https:\/\/www.fassabortolo.it\/de\/wp-json\/wp\/v2\/types\/product"}],"wp:attachment":[{"href":"https:\/\/www.fassabortolo.it\/de\/wp-json\/wp\/v2\/media?parent=3497573"}],"curies":[{"name":"wp","href":"https:\/\/api.w.org\/{rel}","templated":true}]}}