{"id":3497587,"date":"2026-01-20T15:00:38","date_gmt":"2026-01-20T14:00:38","guid":{"rendered":"http:\/\/10.6.201.155\/?post_type=product&#038;p=50273"},"modified":"2026-05-15T01:09:22","modified_gmt":"2026-05-14T23:09:22","slug":"basetherm","status":"publish","type":"product","link":"https:\/\/www.fassabortolo.it\/de\/produkte\/sistema-isolamento-termico-fassatherm\/dammplatten\/basetherm","title":{"rendered":"BASETHERM"},"content":{"rendered":"","protected":false},"featured_media":0,"template":"","class_list":["post-3497587","product","type-product","status-publish","hentry"],"acf":[],"fimg":{"url":"https:\/\/www.fassabortolo.it\/wp-content\/uploads\/media\/assets\/LASTRA_BASETHERM.jpg","alt":"BASETHERM"},"product_description":["EPS-Sockeld\u00e4mmplatte, gepresst oder aus Bl\u00f6cken geschnitten, mit einer W\u00e4rmeleitf\u00e4higkeit von 0,034 W\/(m\u00b7K).","Entspricht den CAM-MUK"],"ekr_hierarchy_settings":{"it":{"FASSA_LINEA_PANNELLI_ISOLANTI_SISTEMA_ISOLAMENTO":{"ekr_position":2}},"ch":{"FASSA_LINEA_PANNELLI_ISOLANTI_SISTEMA_ISOLAMENTO":{"ekr_position":0}},"lu":{"FASSA_LINEA_PANNELLI_ISOLANTI_SISTEMA_ISOLAMENTO":{"ekr_position":0}}},"lang":{"language_code":"de","locale":"de_DE","text_direction":false,"display_name":"Deutsch","native_name":"Tedesco","different_language":false},"systems":[{"id":3497519,"name":"W\u00c4RMED\u00c4MMVERBUNDSYSTEM FASSATHERM\u00ae","permalink":"https:\/\/www.fassabortolo.it\/de\/produkte\/sistema-isolamento-termico-fassatherm\/","slug":"sistema-isolamento-termico-fassatherm","ekr_pallet_code":"FASSA_SISTEMA_ISOLAMENTO_TERMICO_FASSATHERM"}],"product_pallet_code":"PROD_BASETHERM","lines":[{"id":3497464,"name":"D\u00c4MMPLATTEN","permalink":"https:\/\/www.fassabortolo.it\/de\/produkte\/\/dammplatten\/","slug":"dammplatten","system_codes":["FASSA_SISTEMA_ISOLAMENTO_TERMICO_FASSATHERM"],"ekr_pallet_code":"FASSA_LINEA_PANNELLI_ISOLANTI_SISTEMA_ISOLAMENTO"}],"use":["BASETHERM D\u00e4mmplatten werden ausschlie\u00dflich f\u00fcr die Anfertigung des Sockelbereichs von Geb\u00e4uden verwendet, im Kontaktbereich mit Spritzwasser oder im unterirdischen Bereich.","Die Plattendicke wird je nach der gew\u00fcnschten W\u00e4rmed\u00e4mmung bestimmt, jedoch immer unter Ber\u00fccksichtigung der jeweils geltenden Bestimmungen am Verwendungsort."],"supply":["Die D\u00e4mmplatten werden in UV-best\u00e4ndigen Polyethylenverpackungen ausgeliefert."],"attributes":{"Attributes_1":[],"Attributes_2":{"AUSSENBEREICH":"Au\u00dfenbereich"}},"___attributes":{"FASSAES":{"FASSA_SISTEMA_ISOLAMENTO_TERMICO_FASSATHERM":{"Attributes_2":["Au\u00dfenbereich"]}},"FASSA":{"FASSA_SISTEMA_ISOLAMENTO_TERMICO_FASSATHERM":{"Attributes_2":["Au\u00dfenbereich"]}}},"elastic_market_index":"it","structured_data":{"@context":"https:\/\/schema.org","@type":"Product","name":"BASETHERM","description":["EPS-Sockeld\u00e4mmplatte, gepresst oder aus Bl\u00f6cken geschnitten, mit einer W\u00e4rmeleitf\u00e4higkeit von 0,034 W\/(m\u00b7K).","Entspricht den CAM-MUK"],"url":"https:\/\/www.fassabortolo.it\/de\/produkte\/sistema-isolamento-termico-fassatherm\/dammplatten\/basetherm","identifier":"PROD_BASETHERM","sku":"PROD_BASETHERM","image":"https:\/\/www.fassabortolo.it\/wp-content\/uploads\/media\/assets\/LASTRA_BASETHERM.jpg","brand":{"@type":"Brand","name":"Fassa Bortolo"},"manufacturer":{"@type":"Organization","name":"Fassa Bortolo","url":"https:\/\/www.fassabortolo.it"},"additionalProperty":[{"@type":"PropertyValue","name":"Use Case 1","value":"BASETHERM D\u00e4mmplatten werden ausschlie\u00dflich f\u00fcr die Anfertigung des Sockelbereichs von Geb\u00e4uden verwendet, im Kontaktbereich mit Spritzwasser oder im unterirdischen Bereich."},{"@type":"PropertyValue","name":"Use Case 2","value":"Die Plattendicke wird je nach der gew\u00fcnschten W\u00e4rmed\u00e4mmung bestimmt, jedoch immer unter Ber\u00fccksichtigung der jeweils geltenden Bestimmungen am Verwendungsort."},{"@type":"PropertyValue","name":"Supply Information","value":"Die D\u00e4mmplatten werden in UV-best\u00e4ndigen Polyethylenverpackungen ausgeliefert."},{"@type":"PropertyValue","name":"Attributes_2","value":"Au\u00dfenbereich"}],"category":[{"@type":"ProductCollection","name":"D\u00c4MMPLATTEN","identifier":"FASSA_LINEA_PANNELLI_ISOLANTI_SISTEMA_ISOLAMENTO"},{"@type":"Collection","name":"W\u00c4RMED\u00c4MMVERBUNDSYSTEM FASSATHERM\u00ae","identifier":"FASSA_SISTEMA_ISOLAMENTO_TERMICO_FASSATHERM"}],"inLanguage":"de"},"_links":{"self":[{"href":"https:\/\/www.fassabortolo.it\/de\/wp-json\/wp\/v2\/product\/3497587","targetHints":{"allow":["GET"]}}],"collection":[{"href":"https:\/\/www.fassabortolo.it\/de\/wp-json\/wp\/v2\/product"}],"about":[{"href":"https:\/\/www.fassabortolo.it\/de\/wp-json\/wp\/v2\/types\/product"}],"wp:attachment":[{"href":"https:\/\/www.fassabortolo.it\/de\/wp-json\/wp\/v2\/media?parent=3497587"}],"curies":[{"name":"wp","href":"https:\/\/api.w.org\/{rel}","templated":true}]}}