{"id":3497595,"date":"2026-01-20T15:00:53","date_gmt":"2026-01-20T14:00:53","guid":{"rendered":"http:\/\/10.6.201.155\/?post_type=product&#038;p=50309"},"modified":"2026-05-15T01:10:32","modified_gmt":"2026-05-14T23:10:32","slug":"barrier-87-1151","status":"publish","type":"product","link":"https:\/\/www.fassabortolo.it\/de\/produkte\/sistema-fassacolour\/protezione-passiva-dal-fuoco\/barrier-87-1151","title":{"rendered":"BARRIER 87-1151"},"content":{"rendered":"","protected":false},"featured_media":0,"template":"","class_list":["post-3497595","product","type-product","status-publish","hentry"],"acf":[],"fimg":{"url":"https:\/\/www.fassabortolo.it\/wp-content\/uploads\/media\/assets\/IMPA_0704_BARRIER_87-1151.jpg","alt":"BARRIER 87-1151"},"product_description":["wasserverd\u00fcnnbarer Intumescentenanstrich"],"ekr_hierarchy_settings":{"it":{"FASSA_LINEA_PROTEZIONE_PASSIVA_DAL_FUOCO_SISTEMA_COLORE":{"ekr_position":4}},"ch":{"FASSA_LINEA_PROTEZIONE_PASSIVA_DAL_FUOCO_SISTEMA_COLORE":{"ekr_position":0}},"lu":{"FASSA_LINEA_PROTEZIONE_PASSIVA_DAL_FUOCO_SISTEMA_COLORE":{"ekr_position":0}}},"lang":{"language_code":"de","locale":"de_DE","text_direction":false,"display_name":"Deutsch","native_name":"Tedesco","different_language":false},"systems":[{"id":3497509,"name":"FASSACOLOUR\u00ae-System","permalink":"https:\/\/www.fassabortolo.it\/de\/produkte\/sistema-fassacolour\/","slug":"sistema-fassacolour","ekr_pallet_code":"FASSA_SISTEMA_COLORE_FASSACOLOUR"}],"product_pallet_code":"PROD_BARRIER_87_1151","lines":[{"id":3498561,"name":"PROTEZIONE PASSIVA DAL FUOCO","permalink":"https:\/\/www.fassabortolo.it\/de\/produkte\/\/protezione-passiva-dal-fuoco\/","slug":"protezione-passiva-dal-fuoco","system_codes":["FASSA_SISTEMA_COLORE_FASSACOLOUR"],"ekr_pallet_code":"FASSA_LINEA_PROTEZIONE_PASSIVA_DAL_FUOCO_SISTEMA_COLORE"}],"use":["Brandschutzanstrich f\u00fcr Metallbauteile und -platten, Zements\u00e4ulen und -bauteile, Betondecken, Ziegelmauern usw. &nbsp; Dar\u00fcber hinaus erm\u00f6glichen die speziellen Komponenten dieses Produkts das Erzeugen eines w\u00e4rmed\u00e4mmenden und nicht brennbaren Schaums bei Temperaturen \u00fcber +200\u00b0 C. &nbsp; Die Zeit, in der das Produkt vor Feuer sch\u00fctzt, wird in Minuten angegeben und bildet die \"Klasse\" des Produkts.","Diese Klasse \u00e4ndert sich je nach Art des Untergrunds und der Auftragsst\u00e4rke von BARRIER.","Geeignet f\u00fcr den Schutz von Bauwerken im Innenbereich oder jenen, die nicht direkt Regenwasserabfluss oder starker Feuchtigkeit ausgesetzt sind, wie beispielsweise Industriehallen aus Eisen oder Ziegelstein, Lagerh\u00e4user, Depots, Vord\u00e4cher, Kinos, Theater, Schulen, Krankenh\u00e4user, Flugh\u00e4fen und U-Bahnstationen."],"supply":["Abpackung zu 20 kg","Farbt\u00f6ne: wei\u00df"],"attributes":{"Attributes_1":{"IDROPITTURE INTUMESCENTI":"Idropitture intumescenti"},"Attributes_2":{"INNENBEREICH":"Innenbereich"}},"___attributes":{"FASSA":{"FASSA_SISTEMA_COLORE_FASSACOLOUR":{"Attributes_1":["Idropitture intumescenti"],"Attributes_2":["Innenbereich"]}}},"elastic_market_index":"it","structured_data":{"@context":"https:\/\/schema.org","@type":"Product","name":"BARRIER 87-1151","description":["wasserverd\u00fcnnbarer Intumescentenanstrich"],"url":"https:\/\/www.fassabortolo.it\/de\/produkte\/sistema-fassacolour\/protezione-passiva-dal-fuoco\/barrier-87-1151","identifier":"PROD_BARRIER_87_1151","sku":"PROD_BARRIER_87_1151","image":"https:\/\/www.fassabortolo.it\/wp-content\/uploads\/media\/assets\/IMPA_0704_BARRIER_87-1151.jpg","brand":{"@type":"Brand","name":"Fassa Bortolo"},"manufacturer":{"@type":"Organization","name":"Fassa Bortolo","url":"https:\/\/www.fassabortolo.it"},"additionalProperty":[{"@type":"PropertyValue","name":"Use Case 1","value":"Brandschutzanstrich f\u00fcr Metallbauteile und -platten, Zements\u00e4ulen und -bauteile, Betondecken, Ziegelmauern usw. &nbsp; Dar\u00fcber hinaus erm\u00f6glichen die speziellen Komponenten dieses Produkts das Erzeugen eines w\u00e4rmed\u00e4mmenden und nicht brennbaren Schaums bei Temperaturen \u00fcber +200\u00b0 C. &nbsp; Die Zeit, in der das Produkt vor Feuer sch\u00fctzt, wird in Minuten angegeben und bildet die \"Klasse\" des Produkts."},{"@type":"PropertyValue","name":"Use Case 2","value":"Diese Klasse \u00e4ndert sich je nach Art des Untergrunds und der Auftragsst\u00e4rke von BARRIER."},{"@type":"PropertyValue","name":"Use Case 3","value":"Geeignet f\u00fcr den Schutz von Bauwerken im Innenbereich oder jenen, die nicht direkt Regenwasserabfluss oder starker Feuchtigkeit ausgesetzt sind, wie beispielsweise Industriehallen aus Eisen oder Ziegelstein, Lagerh\u00e4user, Depots, Vord\u00e4cher, Kinos, Theater, Schulen, Krankenh\u00e4user, Flugh\u00e4fen und U-Bahnstationen."},{"@type":"PropertyValue","name":"Supply Information","value":"Abpackung zu 20 kg"},{"@type":"PropertyValue","name":"Supply Information","value":"Farbt\u00f6ne: wei\u00df"},{"@type":"PropertyValue","name":"Attributes_1","value":"Idropitture intumescenti"},{"@type":"PropertyValue","name":"Attributes_2","value":"Innenbereich"}],"category":[{"@type":"ProductCollection","name":"PROTEZIONE PASSIVA DAL FUOCO","identifier":"FASSA_LINEA_PROTEZIONE_PASSIVA_DAL_FUOCO_SISTEMA_COLORE"},{"@type":"Collection","name":"FASSACOLOUR\u00ae-System","identifier":"FASSA_SISTEMA_COLORE_FASSACOLOUR"}],"inLanguage":"de"},"_links":{"self":[{"href":"https:\/\/www.fassabortolo.it\/de\/wp-json\/wp\/v2\/product\/3497595","targetHints":{"allow":["GET"]}}],"collection":[{"href":"https:\/\/www.fassabortolo.it\/de\/wp-json\/wp\/v2\/product"}],"about":[{"href":"https:\/\/www.fassabortolo.it\/de\/wp-json\/wp\/v2\/types\/product"}],"wp:attachment":[{"href":"https:\/\/www.fassabortolo.it\/de\/wp-json\/wp\/v2\/media?parent=3497595"}],"curies":[{"name":"wp","href":"https:\/\/api.w.org\/{rel}","templated":true}]}}