{"id":3497602,"date":"2026-01-20T15:01:03","date_gmt":"2026-01-20T14:01:03","guid":{"rendered":"http:\/\/10.6.201.155\/?post_type=product&#038;p=50333"},"modified":"2026-05-15T01:09:40","modified_gmt":"2026-05-14T23:09:40","slug":"betoncino-rs-40","status":"publish","type":"product","link":"https:\/\/www.fassabortolo.it\/de\/produkte\/underground-system\/produkte-fur-mikropfahle\/betoncino-rs-40","title":{"rendered":"BETONCINO RS 40"},"content":{"rendered":"","protected":false},"featured_media":0,"template":"","class_list":["post-3497602","product","type-product","status-publish","hentry"],"acf":[],"fimg":{"url":"https:\/\/www.fassabortolo.it\/wp-content\/uploads\/media\/assets\/BETONCINO_RS_40.jpg","alt":"BETONCINO RS 40"},"product_description":["Werksgemischter Verpressm\u00f6rtel"],"ekr_hierarchy_settings":{"it":{"FASSA_LINEA_PRODOTTI_PER_MICROPALI_SISTEMA_UNDERGROUND":{"ekr_position":1}},"ch":{"FASSA_LINEA_PRODOTTI_PER_MICROPALI_SISTEMA_UNDERGROUND":{"ekr_position":1}},"lu":{"FASSA_LINEA_PRODOTTI_PER_MICROPALI_SISTEMA_UNDERGROUND":{"ekr_position":1}}},"lang":{"language_code":"de","locale":"de_DE","text_direction":false,"display_name":"Deutsch","native_name":"Tedesco","different_language":false},"systems":[{"id":3497526,"name":"UNDERGROUND-System","permalink":"https:\/\/www.fassabortolo.it\/de\/produkte\/underground-system\/","slug":"underground-system","ekr_pallet_code":"FASSA_SISTEMA_UNDERGROUND"}],"product_pallet_code":"PROD_BETONCINO_RS_40","lines":[{"id":3497490,"name":"PRODUKTE F\u00dcR MIKROPF\u00c4HLE","permalink":"https:\/\/www.fassabortolo.it\/de\/produkte\/\/produkte-fur-mikropfahle\/","slug":"produkte-fur-mikropfahle","system_codes":["FASSA_SISTEMA_UNDERGROUND"],"ekr_pallet_code":"FASSA_LINEA_PRODOTTI_PER_MICROPALI_SISTEMA_UNDERGROUND"}],"use":["BETONCINO RS 40 wird als M\u00f6rtel zur Verf\u00fcllung von Mauerwerkshohlr\u00e4umen und bei allgemeinen Konsolidierungsarbeiten verwendet, f\u00fcr Mikropf\u00e4hle usw.."],"supply":["Lose im Silo","Spezials\u00e4cke mit Feuchtigkeitsschutz zu ca. 25 kg"],"attributes":null,"___attributes":null,"elastic_market_index":"it","structured_data":{"@context":"https:\/\/schema.org","@type":"Product","name":"BETONCINO RS 40","description":["Werksgemischter Verpressm\u00f6rtel"],"url":"https:\/\/www.fassabortolo.it\/de\/produkte\/underground-system\/produkte-fur-mikropfahle\/betoncino-rs-40","identifier":"PROD_BETONCINO_RS_40","sku":"PROD_BETONCINO_RS_40","image":"https:\/\/www.fassabortolo.it\/wp-content\/uploads\/media\/assets\/BETONCINO_RS_40.jpg","brand":{"@type":"Brand","name":"Fassa Bortolo"},"manufacturer":{"@type":"Organization","name":"Fassa Bortolo","url":"https:\/\/www.fassabortolo.it"},"additionalProperty":[{"@type":"PropertyValue","name":"Use Case 1","value":"BETONCINO RS 40 wird als M\u00f6rtel zur Verf\u00fcllung von Mauerwerkshohlr\u00e4umen und bei allgemeinen Konsolidierungsarbeiten verwendet, f\u00fcr Mikropf\u00e4hle usw.."},{"@type":"PropertyValue","name":"Supply Information","value":"Lose im Silo"},{"@type":"PropertyValue","name":"Supply Information","value":"Spezials\u00e4cke mit Feuchtigkeitsschutz zu ca. 25 kg"}],"category":[{"@type":"ProductCollection","name":"PRODUKTE F\u00dcR MIKROPF\u00c4HLE","identifier":"FASSA_LINEA_PRODOTTI_PER_MICROPALI_SISTEMA_UNDERGROUND"},{"@type":"Collection","name":"UNDERGROUND-System","identifier":"FASSA_SISTEMA_UNDERGROUND"}],"inLanguage":"de"},"_links":{"self":[{"href":"https:\/\/www.fassabortolo.it\/de\/wp-json\/wp\/v2\/product\/3497602","targetHints":{"allow":["GET"]}}],"collection":[{"href":"https:\/\/www.fassabortolo.it\/de\/wp-json\/wp\/v2\/product"}],"about":[{"href":"https:\/\/www.fassabortolo.it\/de\/wp-json\/wp\/v2\/types\/product"}],"wp:attachment":[{"href":"https:\/\/www.fassabortolo.it\/de\/wp-json\/wp\/v2\/media?parent=3497602"}],"curies":[{"name":"wp","href":"https:\/\/api.w.org\/{rel}","templated":true}]}}