{"id":3497604,"date":"2026-01-20T15:01:08","date_gmt":"2026-01-20T14:01:08","guid":{"rendered":"http:\/\/10.6.201.155\/?post_type=product&#038;p=50343"},"modified":"2026-05-15T01:10:21","modified_gmt":"2026-05-14T23:10:21","slug":"bussola-retinata","status":"publish","type":"product","link":"https:\/\/www.fassabortolo.it\/de\/produkte\/konsolidierungs-und-strukturverstarkungssystem\/verbinder\/bussola-retinata","title":{"rendered":"BUSSOLA RETINATA"},"content":{"rendered":"","protected":false},"featured_media":0,"template":"","class_list":["post-3497604","product","type-product","status-publish","hentry"],"acf":[],"fimg":{"url":"https:\/\/www.fassabortolo.it\/wp-content\/uploads\/media\/assets\/BUSSOLA_RETINATA.jpg","alt":"BUSSOLA RETINATA"},"product_description":["Siebh\u00fclse, angefertigt mit einer Gitterstruktur aus verzinktem Stahl"],"ekr_hierarchy_settings":{"it":{"FASSA_LINEA_CONNETTORI_SISTEMA_CONSOLIDAMENTO":{"ekr_position":3}},"ch":{"FASSA_LINEA_CONNETTORI_SISTEMA_CONSOLIDAMENTO":{"ekr_position":0}},"lu":{"FASSA_LINEA_CONNETTORI_SISTEMA_CONSOLIDAMENTO":{"ekr_position":0}}},"lang":{"language_code":"de","locale":"de_DE","text_direction":false,"display_name":"Deutsch","native_name":"Tedesco","different_language":false},"systems":[{"id":3497508,"name":"KONSOLIDIERUNGS- UND STRUKTURVERST\u00c4RKUNGSSYSTEM","permalink":"https:\/\/www.fassabortolo.it\/de\/produkte\/konsolidierungs-und-strukturverstarkungssystem\/","slug":"konsolidierungs-und-strukturverstarkungssystem","ekr_pallet_code":"FASSA_SISTEMA_CONSOLIDAMENTO_E_RINFORZO_STRUTTURALE"}],"product_pallet_code":"PROD_BUSSOLA_RETINATA","lines":[{"id":3497455,"name":"VERBINDER","permalink":"https:\/\/www.fassabortolo.it\/de\/produkte\/\/verbinder\/","slug":"verbinder","system_codes":["FASSA_SISTEMA_CONSOLIDAMENTO_E_RINFORZO_STRUTTURALE"],"ekr_pallet_code":"FASSA_LINEA_CONNETTORI_SISTEMA_CONSOLIDAMENTO"}],"use":["BUSSOLA RETINATA eignet sich, auf dem Gebiet der Verst\u00e4rkungsma\u00dfnahmen, zur Aufnahme von Glasfaserverbindern FASSA GLASS CONNECTOR L und Stahlankerstangen (mit verbesserter Haftung oder Gewindestangen) in Wandfl\u00e4chen aus Kassettenmauerwerk oder in solchen, die aus Hohlsteinen bestehen. Der Einbau sieht die Verwendung der chemischen Anker in Patronen FASSA ANCHOR V vor."],"supply":["Kartonschachteln mit 100 St\u00fcck zu jeweils 1 Meter L\u00e4nge f\u00fcr 16 mm Bohrungsdurchmesser","Kartonschachteln mit 25 St\u00fcck zu jeweils 1 Meter L\u00e4nge f\u00fcr 22 mm Bohrungsdurchmesser"],"attributes":{"Attributes_1":{"CRM":"CRM","FRCM":"FRCM"},"Attributes_2":{"AUSSENBEREICH":"Au\u00dfenbereich","INNENBEREICH":"Innenbereich"}},"___attributes":{"FASSAES":{"FASSA_SISTEMA_CONSOLIDAMENTO_E_RINFORZO_STRUTTURALE":{"Attributes_1":["CRM","FRCM"],"Attributes_2":["Au\u00dfenbereich","Innenbereich"]}},"FASSA":{"FASSA_SISTEMA_CONSOLIDAMENTO_E_RINFORZO_STRUTTURALE":{"Attributes_1":["CRM","FRCM"],"Attributes_2":["Au\u00dfenbereich","Innenbereich"]}}},"elastic_market_index":"it","structured_data":{"@context":"https:\/\/schema.org","@type":"Product","name":"BUSSOLA RETINATA","description":["Siebh\u00fclse, angefertigt mit einer Gitterstruktur aus verzinktem Stahl"],"url":"https:\/\/www.fassabortolo.it\/de\/produkte\/konsolidierungs-und-strukturverstarkungssystem\/verbinder\/bussola-retinata","identifier":"PROD_BUSSOLA_RETINATA","sku":"PROD_BUSSOLA_RETINATA","image":"https:\/\/www.fassabortolo.it\/wp-content\/uploads\/media\/assets\/BUSSOLA_RETINATA.jpg","brand":{"@type":"Brand","name":"Fassa Bortolo"},"manufacturer":{"@type":"Organization","name":"Fassa Bortolo","url":"https:\/\/www.fassabortolo.it"},"additionalProperty":[{"@type":"PropertyValue","name":"Use Case 1","value":"BUSSOLA RETINATA eignet sich, auf dem Gebiet der Verst\u00e4rkungsma\u00dfnahmen, zur Aufnahme von Glasfaserverbindern FASSA GLASS CONNECTOR L und Stahlankerstangen (mit verbesserter Haftung oder Gewindestangen) in Wandfl\u00e4chen aus Kassettenmauerwerk oder in solchen, die aus Hohlsteinen bestehen. Der Einbau sieht die Verwendung der chemischen Anker in Patronen FASSA ANCHOR V vor."},{"@type":"PropertyValue","name":"Supply Information","value":"Kartonschachteln mit 100 St\u00fcck zu jeweils 1 Meter L\u00e4nge f\u00fcr 16 mm Bohrungsdurchmesser"},{"@type":"PropertyValue","name":"Supply Information","value":"Kartonschachteln mit 25 St\u00fcck zu jeweils 1 Meter L\u00e4nge f\u00fcr 22 mm Bohrungsdurchmesser"},{"@type":"PropertyValue","name":"Attributes_1","value":"CRM"},{"@type":"PropertyValue","name":"Attributes_1","value":"FRCM"},{"@type":"PropertyValue","name":"Attributes_2","value":"Au\u00dfenbereich"},{"@type":"PropertyValue","name":"Attributes_2","value":"Innenbereich"}],"category":[{"@type":"ProductCollection","name":"VERBINDER","identifier":"FASSA_LINEA_CONNETTORI_SISTEMA_CONSOLIDAMENTO"},{"@type":"Collection","name":"KONSOLIDIERUNGS- UND STRUKTURVERST\u00c4RKUNGSSYSTEM","identifier":"FASSA_SISTEMA_CONSOLIDAMENTO_E_RINFORZO_STRUTTURALE"}],"inLanguage":"de"},"_links":{"self":[{"href":"https:\/\/www.fassabortolo.it\/de\/wp-json\/wp\/v2\/product\/3497604","targetHints":{"allow":["GET"]}}],"collection":[{"href":"https:\/\/www.fassabortolo.it\/de\/wp-json\/wp\/v2\/product"}],"about":[{"href":"https:\/\/www.fassabortolo.it\/de\/wp-json\/wp\/v2\/types\/product"}],"wp:attachment":[{"href":"https:\/\/www.fassabortolo.it\/de\/wp-json\/wp\/v2\/media?parent=3497604"}],"curies":[{"name":"wp","href":"https:\/\/api.w.org\/{rel}","templated":true}]}}