{"id":3497607,"date":"2026-01-20T15:01:08","date_gmt":"2026-01-20T14:01:08","guid":{"rendered":"http:\/\/10.6.201.155\/?post_type=product&#038;p=50355"},"modified":"2026-05-15T01:10:07","modified_gmt":"2026-05-14T23:10:07","slug":"bio-malta-strutturale-m10","status":"publish","type":"product","link":"https:\/\/www.fassabortolo.it\/de\/produkte\/konsolidierungs-und-strukturverstarkungssystem\/mortel\/bio-malta-strutturale-m10","title":{"rendered":"BIO-MALTA STRUTTURALE M10"},"content":{"rendered":"","protected":false},"featured_media":0,"template":"","class_list":["post-3497607","product","type-product","status-publish","hentry"],"acf":[],"fimg":{"url":"https:\/\/www.fassabortolo.it\/wp-content\/uploads\/media\/assets\/BIO_MALTA_STRUTTURALE_M10.jpg","alt":"BIO-MALTA STRUTTURALE M10"},"product_description":["Faserverst\u00e4rkter, zementfreier Bio-Strukturm\u00f6rtel M10 auf Basis von Luftkalk und Eco-Puzzolan, f\u00fcr den Innen- und Au\u00dfenbereich"],"ekr_hierarchy_settings":{"it":{"FASSA_LINEA_MALTE_SISTEMA_CONSOLIDAMENTO":{"ekr_position":3}},"es":{"FASSAES_LINEA_MALTE_SISTEMA_CONSOLIDAMENTO":{"ekr_position":6}},"lu":{"FASSA_LINEA_MALTE_SISTEMA_CONSOLIDAMENTO":{"ekr_position":9}}},"lang":{"language_code":"de","locale":"de_DE","text_direction":false,"display_name":"Deutsch","native_name":"Tedesco","different_language":false},"systems":[{"id":3497508,"name":"KONSOLIDIERUNGS- UND STRUKTURVERST\u00c4RKUNGSSYSTEM","permalink":"https:\/\/www.fassabortolo.it\/de\/produkte\/konsolidierungs-und-strukturverstarkungssystem\/","slug":"konsolidierungs-und-strukturverstarkungssystem","ekr_pallet_code":"FASSA_SISTEMA_CONSOLIDAMENTO_E_RINFORZO_STRUTTURALE"}],"product_pallet_code":"PROD_BIO_MALTA_STRUTTURALE_M10","lines":[{"id":3497468,"name":"M\u00d6RTEL","permalink":"https:\/\/www.fassabortolo.it\/de\/produkte\/\/mortel\/","slug":"mortel","system_codes":["FASSA_SISTEMA_CONSOLIDAMENTO_E_RINFORZO_STRUTTURALE"],"ekr_pallet_code":"FASSA_LINEA_MALTE_SISTEMA_CONSOLIDAMENTO"}],"use":["BIO-MALTA STRUTTURALE M10 wird, in Verbindung mit geeigneten Armierungsgeweben aus Glasfaser wie auch aus Metall, zur Ausbesserung und Verst\u00e4rkung von Mauerwerken und Gew\u00f6lben aus Hohlziegel, aus Vollziegel, aus Stein und Tuffstein verwendet (Eingriffe mit gro\u00dffl\u00e4chiger Belegung). &nbsp; Im Falle eines nicht besonders widerstandsf\u00e4higen Mauerwerks, ist die Verwendung des Produktes M\u00f6rteln mit gr\u00f6\u00dferer mechanischer Festigkeit vorzuziehen.","Das Produkt wird ferner als M\u00f6rtel f\u00fcr die Reparatur von Mauerwerken bei Flickwerk und bei Verfugungsma\u00dfnahmen verwendet.","Der mit der Technik des bewehrten Putzes CRM eingesetzte M\u00f6rtel BIO-MALTA STRUTTURALE M10 ist ein Bestandteil der Systeme FASSANET ARG SYSTEM, FASSANET SOLID SYSTEM und FASSANET SOLID MAXI SYSTEM: Betreffend die Verwendungsmodalit\u00e4ten ist das technische Datenblatt des jeweils ausgew\u00e4hlten Systems einzusehen."],"supply":["In feuchtigkeitsgesch\u00fctzten Spezials\u00e4cken zu ca. 25 kg"],"attributes":{"Attributes_1":{"CRM":"CRM","BAUEINGRIFFE MIT SPIRALST\u00c4BEN":"Baueingriffe mit Spiralst\u00e4ben","FLICKWERK":"Flickwerk"},"Attributes_2":{"AUSSENBEREICH":"Au\u00dfenbereich","INNENBEREICH":"Innenbereich"}},"___attributes":{"FASSAES":{"FASSA_SISTEMA_CONSOLIDAMENTO_E_RINFORZO_STRUTTURALE":{"Attributes_1":["CRM","Flickwerk"],"Attributes_2":["Au\u00dfenbereich","Innenbereich"]}},"FASSA":{"FASSA_SISTEMA_CONSOLIDAMENTO_E_RINFORZO_STRUTTURALE":{"Attributes_1":["CRM","Baueingriffe mit Spiralst\u00e4ben","Flickwerk"],"Attributes_2":["Au\u00dfenbereich","Innenbereich"]}}},"elastic_market_index":"it","structured_data":{"@context":"https:\/\/schema.org","@type":"Product","name":"BIO-MALTA STRUTTURALE M10","description":["Faserverst\u00e4rkter, zementfreier Bio-Strukturm\u00f6rtel M10 auf Basis von Luftkalk und Eco-Puzzolan, f\u00fcr den Innen- und Au\u00dfenbereich"],"url":"https:\/\/www.fassabortolo.it\/de\/produkte\/konsolidierungs-und-strukturverstarkungssystem\/mortel\/bio-malta-strutturale-m10","identifier":"PROD_BIO_MALTA_STRUTTURALE_M10","sku":"PROD_BIO_MALTA_STRUTTURALE_M10","image":"https:\/\/www.fassabortolo.it\/wp-content\/uploads\/media\/assets\/BIO_MALTA_STRUTTURALE_M10.jpg","brand":{"@type":"Brand","name":"Fassa Bortolo"},"manufacturer":{"@type":"Organization","name":"Fassa Bortolo","url":"https:\/\/www.fassabortolo.it"},"additionalProperty":[{"@type":"PropertyValue","name":"Use Case 1","value":"BIO-MALTA STRUTTURALE M10 wird, in Verbindung mit geeigneten Armierungsgeweben aus Glasfaser wie auch aus Metall, zur Ausbesserung und Verst\u00e4rkung von Mauerwerken und Gew\u00f6lben aus Hohlziegel, aus Vollziegel, aus Stein und Tuffstein verwendet (Eingriffe mit gro\u00dffl\u00e4chiger Belegung). &nbsp; Im Falle eines nicht besonders widerstandsf\u00e4higen Mauerwerks, ist die Verwendung des Produktes M\u00f6rteln mit gr\u00f6\u00dferer mechanischer Festigkeit vorzuziehen."},{"@type":"PropertyValue","name":"Use Case 2","value":"Das Produkt wird ferner als M\u00f6rtel f\u00fcr die Reparatur von Mauerwerken bei Flickwerk und bei Verfugungsma\u00dfnahmen verwendet."},{"@type":"PropertyValue","name":"Use Case 3","value":"Der mit der Technik des bewehrten Putzes CRM eingesetzte M\u00f6rtel BIO-MALTA STRUTTURALE M10 ist ein Bestandteil der Systeme FASSANET ARG SYSTEM, FASSANET SOLID SYSTEM und FASSANET SOLID MAXI SYSTEM: Betreffend die Verwendungsmodalit\u00e4ten ist das technische Datenblatt des jeweils ausgew\u00e4hlten Systems einzusehen."},{"@type":"PropertyValue","name":"Supply Information","value":"In feuchtigkeitsgesch\u00fctzten Spezials\u00e4cken zu ca. 25 kg"},{"@type":"PropertyValue","name":"Attributes_1","value":"CRM"},{"@type":"PropertyValue","name":"Attributes_1","value":"Baueingriffe mit Spiralst\u00e4ben"},{"@type":"PropertyValue","name":"Attributes_1","value":"Flickwerk"},{"@type":"PropertyValue","name":"Attributes_2","value":"Au\u00dfenbereich"},{"@type":"PropertyValue","name":"Attributes_2","value":"Innenbereich"}],"category":[{"@type":"ProductCollection","name":"M\u00d6RTEL","identifier":"FASSA_LINEA_MALTE_SISTEMA_CONSOLIDAMENTO"},{"@type":"Collection","name":"KONSOLIDIERUNGS- UND STRUKTURVERST\u00c4RKUNGSSYSTEM","identifier":"FASSA_SISTEMA_CONSOLIDAMENTO_E_RINFORZO_STRUTTURALE"}],"inLanguage":"de"},"_links":{"self":[{"href":"https:\/\/www.fassabortolo.it\/de\/wp-json\/wp\/v2\/product\/3497607","targetHints":{"allow":["GET"]}}],"collection":[{"href":"https:\/\/www.fassabortolo.it\/de\/wp-json\/wp\/v2\/product"}],"about":[{"href":"https:\/\/www.fassabortolo.it\/de\/wp-json\/wp\/v2\/types\/product"}],"wp:attachment":[{"href":"https:\/\/www.fassabortolo.it\/de\/wp-json\/wp\/v2\/media?parent=3497607"}],"curies":[{"name":"wp","href":"https:\/\/api.w.org\/{rel}","templated":true}]}}