{"id":3497608,"date":"2026-01-20T15:01:15","date_gmt":"2026-01-20T14:01:15","guid":{"rendered":"http:\/\/10.6.201.155\/?post_type=product&#038;p=50359"},"modified":"2026-05-15T01:09:25","modified_gmt":"2026-05-14T23:09:25","slug":"bio-malta-di-allettamento-m5","status":"publish","type":"product","link":"https:\/\/www.fassabortolo.it\/de\/produkte\/verputz-und-bausystem\/produkte-auf-basis-von-kalk-und-puzzolan\/bio-malta-di-allettamento-m5","title":{"rendered":"BIO-MALTA DI ALLETTAMENTO M5"},"content":{"rendered":"","protected":false},"featured_media":0,"template":"","class_list":["post-3497608","product","type-product","status-publish","hentry"],"acf":[],"fimg":{"url":"https:\/\/www.fassabortolo.it\/wp-content\/uploads\/media\/assets\/BIO_MALTA_DI_ALLETTAMENTO_M5.jpg","alt":"BIO-MALTA DI ALLETTAMENTO M5"},"product_description":["Bio-Einbettm\u00f6rtel M5 auf Basis von Luftkalk und Eco-Puzzolan, f\u00fcr den Innen- und Au\u00dfenbereich"],"ekr_hierarchy_settings":{"it":{"FASSA_LINEA_PRODOTTI_A_BASE_CALCE_E_POZZOLANA_SISTEMA_INTONACATURA":{"ekr_position":1},"FASSA_LINEA_MALTE_SISTEMA_CONSOLIDAMENTO":{"ekr_position":8}},"ch":{"FASSA_LINEA_PRODOTTI_A_BASE_CALCE_E_POZZOLANA_SISTEMA_INTONACATURA":{"ekr_position":3},"FASSA_LINEA_MALTE_SISTEMA_CONSOLIDAMENTO":{"ekr_position":0}},"es":{"FASSAES_LINEA_PRODOTTI_A_BASE_CALCE_E_POZZOLANA_SISTEMA_INTONACATURA":{"ekr_position":3},"FASSAES_LINEA_MALTE_SISTEMA_CONSOLIDAMENTO":{"ekr_position":0}},"lu":{"FASSA_LINEA_PRODOTTI_A_BASE_CALCE_E_POZZOLANA_SISTEMA_INTONACATURA":{"ekr_position":3},"FASSA_LINEA_MALTE_SISTEMA_CONSOLIDAMENTO":{"ekr_position":0}}},"lang":{"language_code":"de","locale":"de_DE","text_direction":false,"display_name":"Deutsch","native_name":"Tedesco","different_language":false},"systems":[{"id":3497520,"name":"VERPUTZ- UND BAUSYSTEM","permalink":"https:\/\/www.fassabortolo.it\/de\/produkte\/verputz-und-bausystem\/","slug":"verputz-und-bausystem","ekr_pallet_code":"FASSA_SISTEMA_INTONACATURA_E_COSTRUZIONE"},{"id":3497508,"name":"KONSOLIDIERUNGS- UND STRUKTURVERST\u00c4RKUNGSSYSTEM","permalink":"https:\/\/www.fassabortolo.it\/de\/produkte\/konsolidierungs-und-strukturverstarkungssystem\/","slug":"konsolidierungs-und-strukturverstarkungssystem","ekr_pallet_code":"FASSA_SISTEMA_CONSOLIDAMENTO_E_RINFORZO_STRUTTURALE"}],"product_pallet_code":"PROD_BIO_MALTA_ALLETTAMENTO_M5","lines":[{"id":3497471,"name":"PRODUKTE AUF BASIS VON KALK UND PUZZOLAN","permalink":"https:\/\/www.fassabortolo.it\/de\/produkte\/\/produkte-auf-basis-von-kalk-und-puzzolan\/","slug":"produkte-auf-basis-von-kalk-und-puzzolan","system_codes":["FASSA_SISTEMA_INTONACATURA_E_COSTRUZIONE"],"ekr_pallet_code":"FASSA_LINEA_PRODOTTI_A_BASE_CALCE_E_POZZOLANA_SISTEMA_INTONACATURA"},{"id":3497468,"name":"M\u00d6RTEL","permalink":"https:\/\/www.fassabortolo.it\/de\/produkte\/\/mortel\/","slug":"mortel","system_codes":["FASSA_SISTEMA_CONSOLIDAMENTO_E_RINFORZO_STRUTTURALE"],"ekr_pallet_code":"FASSA_LINEA_MALTE_SISTEMA_CONSOLIDAMENTO"}],"use":["BIO-MALTA ALLETTAMENTO M5 wird als M\u00f6rtel zur Errichtung von Mauerwerken - auch auf Sicht - verwendet, wo auf Zement verzichtet werden soll und ein heller Farbton erforderlich ist.","F\u00fcr die Sanierung von Mauerwerken mit besch\u00e4digten M\u00f6rtelfugen, von unregelm\u00e4\u00dfigem Mauerwerk oder Rissbildungen.","Wird dar\u00fcber hinaus f\u00fcr den Einbau der Spiralstange FASSA ELIWALL zu 6 mm in die M\u00f6rtelfugen verwendet."],"supply":["In feuchtigkeitsgesch\u00fctzten Spezials\u00e4cken zu ca. 25 kg"],"attributes":{"Attributes_1":{"BAUEINGRIFFE MIT SPIRALST\u00c4BEN":"Baueingriffe mit Spiralst\u00e4ben","FLICKWERK":"Flickwerk","MAUERM\u00d6RTEL":"Mauerm\u00f6rtel"},"Attributes_2":{"AUSSENBEREICH":"Au\u00dfenbereich","INNENBEREICH":"Innenbereich"}},"___attributes":{"FASSAES":{"FASSA_SISTEMA_CONSOLIDAMENTO_E_RINFORZO_STRUTTURALE":{"Attributes_1":["Flickwerk"],"Attributes_2":["Au\u00dfenbereich","Innenbereich"]},"FASSA_SISTEMA_INTONACATURA_E_COSTRUZIONE":{"Attributes_1":["Mauerm\u00f6rtel"],"Attributes_2":["Au\u00dfenbereich","Innenbereich"]}},"FASSA":{"FASSA_SISTEMA_CONSOLIDAMENTO_E_RINFORZO_STRUTTURALE":{"Attributes_1":["Baueingriffe mit Spiralst\u00e4ben","Flickwerk"],"Attributes_2":["Au\u00dfenbereich","Innenbereich"]},"FASSA_SISTEMA_INTONACATURA_E_COSTRUZIONE":{"Attributes_1":["Mauerm\u00f6rtel"],"Attributes_2":["Au\u00dfenbereich","Innenbereich"]}}},"elastic_market_index":"it","structured_data":{"@context":"https:\/\/schema.org","@type":"Product","name":"BIO-MALTA DI ALLETTAMENTO M5","description":["Bio-Einbettm\u00f6rtel M5 auf Basis von Luftkalk und Eco-Puzzolan, f\u00fcr den Innen- und Au\u00dfenbereich"],"url":"https:\/\/www.fassabortolo.it\/de\/produkte\/verputz-und-bausystem\/produkte-auf-basis-von-kalk-und-puzzolan\/bio-malta-di-allettamento-m5","identifier":"PROD_BIO_MALTA_ALLETTAMENTO_M5","sku":"PROD_BIO_MALTA_ALLETTAMENTO_M5","image":"https:\/\/www.fassabortolo.it\/wp-content\/uploads\/media\/assets\/BIO_MALTA_DI_ALLETTAMENTO_M5.jpg","brand":{"@type":"Brand","name":"Fassa Bortolo"},"manufacturer":{"@type":"Organization","name":"Fassa Bortolo","url":"https:\/\/www.fassabortolo.it"},"additionalProperty":[{"@type":"PropertyValue","name":"Use Case 1","value":"BIO-MALTA ALLETTAMENTO M5 wird als M\u00f6rtel zur Errichtung von Mauerwerken - auch auf Sicht - verwendet, wo auf Zement verzichtet werden soll und ein heller Farbton erforderlich ist."},{"@type":"PropertyValue","name":"Use Case 2","value":"F\u00fcr die Sanierung von Mauerwerken mit besch\u00e4digten M\u00f6rtelfugen, von unregelm\u00e4\u00dfigem Mauerwerk oder Rissbildungen."},{"@type":"PropertyValue","name":"Use Case 3","value":"Wird dar\u00fcber hinaus f\u00fcr den Einbau der Spiralstange FASSA ELIWALL zu 6 mm in die M\u00f6rtelfugen verwendet."},{"@type":"PropertyValue","name":"Supply Information","value":"In feuchtigkeitsgesch\u00fctzten Spezials\u00e4cken zu ca. 25 kg"},{"@type":"PropertyValue","name":"Attributes_1","value":"Baueingriffe mit Spiralst\u00e4ben"},{"@type":"PropertyValue","name":"Attributes_1","value":"Flickwerk"},{"@type":"PropertyValue","name":"Attributes_2","value":"Au\u00dfenbereich"},{"@type":"PropertyValue","name":"Attributes_2","value":"Innenbereich"},{"@type":"PropertyValue","name":"Attributes_1","value":"Mauerm\u00f6rtel"},{"@type":"PropertyValue","name":"Attributes_2","value":"Au\u00dfenbereich"},{"@type":"PropertyValue","name":"Attributes_2","value":"Innenbereich"}],"category":[{"@type":"ProductCollection","name":"PRODUKTE AUF BASIS VON KALK UND PUZZOLAN","identifier":"FASSA_LINEA_PRODOTTI_A_BASE_CALCE_E_POZZOLANA_SISTEMA_INTONACATURA"},{"@type":"ProductCollection","name":"M\u00d6RTEL","identifier":"FASSA_LINEA_MALTE_SISTEMA_CONSOLIDAMENTO"},{"@type":"Collection","name":"VERPUTZ- UND BAUSYSTEM","identifier":"FASSA_SISTEMA_INTONACATURA_E_COSTRUZIONE"},{"@type":"Collection","name":"KONSOLIDIERUNGS- UND STRUKTURVERST\u00c4RKUNGSSYSTEM","identifier":"FASSA_SISTEMA_CONSOLIDAMENTO_E_RINFORZO_STRUTTURALE"}],"inLanguage":"de"},"_links":{"self":[{"href":"https:\/\/www.fassabortolo.it\/de\/wp-json\/wp\/v2\/product\/3497608","targetHints":{"allow":["GET"]}}],"collection":[{"href":"https:\/\/www.fassabortolo.it\/de\/wp-json\/wp\/v2\/product"}],"about":[{"href":"https:\/\/www.fassabortolo.it\/de\/wp-json\/wp\/v2\/types\/product"}],"wp:attachment":[{"href":"https:\/\/www.fassabortolo.it\/de\/wp-json\/wp\/v2\/media?parent=3497608"}],"curies":[{"name":"wp","href":"https:\/\/api.w.org\/{rel}","templated":true}]}}