{"id":3497613,"date":"2026-01-20T15:01:26","date_gmt":"2026-01-20T14:01:26","guid":{"rendered":"http:\/\/10.6.201.155\/?post_type=product&#038;p=50383"},"modified":"2026-05-15T01:11:31","modified_gmt":"2026-05-14T23:11:31","slug":"schaumbeton","status":"publish","type":"product","link":"https:\/\/www.fassabortolo.it\/de\/produkte\/verlegesystem-fur-boden-und-wandbelage\/fassafloor-verlegegrunde\/schaumbeton","title":{"rendered":"SCHAUMBETON"},"content":{"rendered":"","protected":false},"featured_media":0,"template":"","class_list":["post-3497613","product","type-product","status-publish","hentry"],"acf":[],"fimg":{"url":"https:\/\/www.fassabortolo.it\/wp-content\/uploads\/media\/assets\/Calcestruzzo_cellulare.jpg","alt":"SCHAUMBETON"},"product_description":["Leichtestrich auf Zementbasis"],"ekr_hierarchy_settings":{"it":{"FASSA_LINEA_FASSAFLOOR_FONDI_DI_POSA_SISTEMA_POSA":{"ekr_position":1}},"ch":{"FASSA_LINEA_FASSAFLOOR_FONDI_DI_POSA_SISTEMA_POSA":{"ekr_position":0}},"lu":{"FASSA_LINEA_FASSAFLOOR_FONDI_DI_POSA_SISTEMA_POSA":{"ekr_position":0}}},"lang":{"language_code":"de","locale":"de_DE","text_direction":false,"display_name":"Deutsch","native_name":"Tedesco","different_language":false},"systems":[{"id":3497517,"name":"VERLEGESYSTEM F\u00dcR BODEN- UND WANDBEL\u00c4GE","permalink":"https:\/\/www.fassabortolo.it\/de\/produkte\/verlegesystem-fur-boden-und-wandbelage\/","slug":"verlegesystem-fur-boden-und-wandbelage","ekr_pallet_code":"FASSA_SISTEMA_POSA_PAVIMENTI_E_RIVESTIMENTI"}],"product_pallet_code":"PROD_CALCESTRUZZO_CELLULARE","lines":[{"id":3497462,"name":"FASSAFLOOR &#8211; VERLEGEGR\u00dcNDE","permalink":"https:\/\/www.fassabortolo.it\/de\/produkte\/\/fassafloor-verlegegrunde\/","slug":"fassafloor-verlegegrunde","system_codes":["FASSA_SISTEMA_POSA_PAVIMENTI_E_RIVESTIMENTI"],"ekr_pallet_code":"FASSA_LINEA_FASSAFLOOR_FONDI_DI_POSA_SISTEMA_POSA"}],"use":["CALCESTRUZZO CELLULARE wird als Unterlags-Leichtestrich zur Anfertigung einer Zwischenschicht (Ausgleichsschicht) verwendet, um unterschiedliche Bodenh\u00f6hen auszugleichen und die Einbaufl\u00e4che im Innen- und Au\u00dfenbereich entsprechend zu nivellieren. &nbsp; Gekennzeichnet durch verminderten statischen Druck und gute W\u00e4rmed\u00e4mmleistung vor dem darauffolgenden Einbau eines entkoppelten oder schwimmenden Estrichs.","Ideal auch zum Ausgleichen des Untergrunds vor dem Verlegen von W\u00e4rmed\u00e4mm- oder Schalld\u00e4mmmaterialien."],"supply":["ZEMENTBINDER: &nbsp; Lose im Silo","SCHAUMZUSCHLAG: &nbsp; Kanister zu ca. 25 kg und Zysternen zu ca. 1.000 kg"],"attributes":{"Attributes_1":{"W\u00c4RMED\u00c4MMENDE LEICHT-UNTERB\u00d6DEN":"W\u00e4rmed\u00e4mmende Leicht-Unterb\u00f6den"},"Attributes_2":{"AUSSENBEREICH":"Au\u00dfenbereich","INNENBEREICH":"Innenbereich"}},"___attributes":{"FASSA":{"FASSA_SISTEMA_POSA_PAVIMENTI_E_RIVESTIMENTI":{"Attributes_1":["W\u00e4rmed\u00e4mmende Leicht-Unterb\u00f6den"],"Attributes_2":["Au\u00dfenbereich","Innenbereich"]}}},"elastic_market_index":"it","structured_data":{"@context":"https:\/\/schema.org","@type":"Product","name":"SCHAUMBETON","description":["Leichtestrich auf Zementbasis"],"url":"https:\/\/www.fassabortolo.it\/de\/produkte\/verlegesystem-fur-boden-und-wandbelage\/fassafloor-verlegegrunde\/schaumbeton","identifier":"PROD_CALCESTRUZZO_CELLULARE","sku":"PROD_CALCESTRUZZO_CELLULARE","image":"https:\/\/www.fassabortolo.it\/wp-content\/uploads\/media\/assets\/Calcestruzzo_cellulare.jpg","brand":{"@type":"Brand","name":"Fassa Bortolo"},"manufacturer":{"@type":"Organization","name":"Fassa Bortolo","url":"https:\/\/www.fassabortolo.it"},"additionalProperty":[{"@type":"PropertyValue","name":"Use Case 1","value":"CALCESTRUZZO CELLULARE wird als Unterlags-Leichtestrich zur Anfertigung einer Zwischenschicht (Ausgleichsschicht) verwendet, um unterschiedliche Bodenh\u00f6hen auszugleichen und die Einbaufl\u00e4che im Innen- und Au\u00dfenbereich entsprechend zu nivellieren. &nbsp; Gekennzeichnet durch verminderten statischen Druck und gute W\u00e4rmed\u00e4mmleistung vor dem darauffolgenden Einbau eines entkoppelten oder schwimmenden Estrichs."},{"@type":"PropertyValue","name":"Use Case 2","value":"Ideal auch zum Ausgleichen des Untergrunds vor dem Verlegen von W\u00e4rmed\u00e4mm- oder Schalld\u00e4mmmaterialien."},{"@type":"PropertyValue","name":"Supply Information","value":"ZEMENTBINDER: &nbsp; Lose im Silo"},{"@type":"PropertyValue","name":"Supply Information","value":"SCHAUMZUSCHLAG: &nbsp; Kanister zu ca. 25 kg und Zysternen zu ca. 1.000 kg"},{"@type":"PropertyValue","name":"Attributes_1","value":"W\u00e4rmed\u00e4mmende Leicht-Unterb\u00f6den"},{"@type":"PropertyValue","name":"Attributes_2","value":"Au\u00dfenbereich"},{"@type":"PropertyValue","name":"Attributes_2","value":"Innenbereich"}],"category":[{"@type":"ProductCollection","name":"FASSAFLOOR &#8211; VERLEGEGR\u00dcNDE","identifier":"FASSA_LINEA_FASSAFLOOR_FONDI_DI_POSA_SISTEMA_POSA"},{"@type":"Collection","name":"VERLEGESYSTEM F\u00dcR BODEN- UND WANDBEL\u00c4GE","identifier":"FASSA_SISTEMA_POSA_PAVIMENTI_E_RIVESTIMENTI"}],"inLanguage":"de"},"_links":{"self":[{"href":"https:\/\/www.fassabortolo.it\/de\/wp-json\/wp\/v2\/product\/3497613","targetHints":{"allow":["GET"]}}],"collection":[{"href":"https:\/\/www.fassabortolo.it\/de\/wp-json\/wp\/v2\/product"}],"about":[{"href":"https:\/\/www.fassabortolo.it\/de\/wp-json\/wp\/v2\/types\/product"}],"wp:attachment":[{"href":"https:\/\/www.fassabortolo.it\/de\/wp-json\/wp\/v2\/media?parent=3497613"}],"curies":[{"name":"wp","href":"https:\/\/api.w.org\/{rel}","templated":true}]}}