{"id":3497614,"date":"2026-01-20T15:01:16","date_gmt":"2026-01-20T14:01:16","guid":{"rendered":"http:\/\/10.6.201.155\/?post_type=product&#038;p=50387"},"modified":"2026-05-15T01:10:09","modified_gmt":"2026-05-14T23:10:09","slug":"bio-intonaco-fine","status":"publish","type":"product","link":"https:\/\/www.fassabortolo.it\/de\/produkte\/verputz-und-bausystem\/produkte-auf-basis-von-kalk-und-puzzolan\/bio-intonaco-fine","title":{"rendered":"BIO-INTONACO FINE"},"content":{"rendered":"","protected":false},"featured_media":0,"template":"","class_list":["post-3497614","product","type-product","status-publish","hentry"],"acf":[],"fimg":{"url":"https:\/\/www.fassabortolo.it\/wp-content\/uploads\/media\/assets\/BIO_INTONACO_FINE.jpg","alt":"BIO-INTONACO FINE"},"product_description":["Zementfreier Feinputz auf Basis von Luftkalk und \u00d6ko-Puzzolan, f\u00fcr den Innen- und Au\u00dfenbereich"],"ekr_hierarchy_settings":{"it":{"FASSA_LINEA_PRODOTTI_A_BASE_CALCE_E_POZZOLANA_SISTEMA_INTONACATURA":{"ekr_position":3}},"ch":{"FASSA_LINEA_PRODOTTI_A_BASE_CALCE_E_POZZOLANA_SISTEMA_INTONACATURA":{"ekr_position":4}},"es":{"FASSAES_LINEA_PRODOTTI_A_BASE_CALCE_E_POZZOLANA_SISTEMA_INTONACATURA":{"ekr_position":4}},"lu":{"FASSA_LINEA_PRODOTTI_A_BASE_CALCE_E_POZZOLANA_SISTEMA_INTONACATURA":{"ekr_position":4}}},"lang":{"language_code":"de","locale":"de_DE","text_direction":false,"display_name":"Deutsch","native_name":"Tedesco","different_language":false},"systems":[{"id":3497520,"name":"VERPUTZ- UND BAUSYSTEM","permalink":"https:\/\/www.fassabortolo.it\/de\/produkte\/verputz-und-bausystem\/","slug":"verputz-und-bausystem","ekr_pallet_code":"FASSA_SISTEMA_INTONACATURA_E_COSTRUZIONE"}],"product_pallet_code":"PROD_BIO_INTONACO_FINE","lines":[{"id":3497471,"name":"PRODUKTE AUF BASIS VON KALK UND PUZZOLAN","permalink":"https:\/\/www.fassabortolo.it\/de\/produkte\/\/produkte-auf-basis-von-kalk-und-puzzolan\/","slug":"produkte-auf-basis-von-kalk-und-puzzolan","system_codes":["FASSA_SISTEMA_INTONACATURA_E_COSTRUZIONE"],"ekr_pallet_code":"FASSA_LINEA_PRODOTTI_A_BASE_CALCE_E_POZZOLANA_SISTEMA_INTONACATURA"}],"use":["BIO-INTONACO FINE wird als diffusionsoffener Oberputz mit Marmor-Optik im Innen- und Au\u00dfenbereich verwendet. &nbsp; Kann als Oberputz zur Vervollst\u00e4ndigung der mit makropor\u00f6sen Puten ausgef\u00fchrten Sanierungszyklen an Mauerwerken verwendet werden, die von aufsteigender Feuchtigkeit befallen sind, wie bei den Zyklen f\u00fcr feuchte Mauerwerke der Linien PURACALCE und EX NOVO."],"supply":["In feuchtigkeitsgesch\u00fctzten Spezials\u00e4cken zu ca. 25 kg"],"attributes":{"Attributes_1":{"DECKPUTZE\/SPACHELUNGEN":"Deckputze\/Spachelungen"},"Attributes_2":{"AUSSENBEREICH":"Au\u00dfenbereich","INNENBEREICH":"Innenbereich"}},"___attributes":{"FASSAES":{"FASSA_SISTEMA_INTONACATURA_E_COSTRUZIONE":{"Attributes_1":["Deckputze\/Spachelungen"],"Attributes_2":["Au\u00dfenbereich","Innenbereich"]}},"FASSA":{"FASSA_SISTEMA_INTONACATURA_E_COSTRUZIONE":{"Attributes_1":["Deckputze\/Spachelungen"],"Attributes_2":["Au\u00dfenbereich","Innenbereich"]}}},"elastic_market_index":"it","structured_data":{"@context":"https:\/\/schema.org","@type":"Product","name":"BIO-INTONACO FINE","description":["Zementfreier Feinputz auf Basis von Luftkalk und \u00d6ko-Puzzolan, f\u00fcr den Innen- und Au\u00dfenbereich"],"url":"https:\/\/www.fassabortolo.it\/de\/produkte\/verputz-und-bausystem\/produkte-auf-basis-von-kalk-und-puzzolan\/bio-intonaco-fine","identifier":"PROD_BIO_INTONACO_FINE","sku":"PROD_BIO_INTONACO_FINE","image":"https:\/\/www.fassabortolo.it\/wp-content\/uploads\/media\/assets\/BIO_INTONACO_FINE.jpg","brand":{"@type":"Brand","name":"Fassa Bortolo"},"manufacturer":{"@type":"Organization","name":"Fassa Bortolo","url":"https:\/\/www.fassabortolo.it"},"additionalProperty":[{"@type":"PropertyValue","name":"Use Case 1","value":"BIO-INTONACO FINE wird als diffusionsoffener Oberputz mit Marmor-Optik im Innen- und Au\u00dfenbereich verwendet. &nbsp; Kann als Oberputz zur Vervollst\u00e4ndigung der mit makropor\u00f6sen Puten ausgef\u00fchrten Sanierungszyklen an Mauerwerken verwendet werden, die von aufsteigender Feuchtigkeit befallen sind, wie bei den Zyklen f\u00fcr feuchte Mauerwerke der Linien PURACALCE und EX NOVO."},{"@type":"PropertyValue","name":"Supply Information","value":"In feuchtigkeitsgesch\u00fctzten Spezials\u00e4cken zu ca. 25 kg"},{"@type":"PropertyValue","name":"Attributes_1","value":"Deckputze\/Spachelungen"},{"@type":"PropertyValue","name":"Attributes_2","value":"Au\u00dfenbereich"},{"@type":"PropertyValue","name":"Attributes_2","value":"Innenbereich"}],"category":[{"@type":"ProductCollection","name":"PRODUKTE AUF BASIS VON KALK UND PUZZOLAN","identifier":"FASSA_LINEA_PRODOTTI_A_BASE_CALCE_E_POZZOLANA_SISTEMA_INTONACATURA"},{"@type":"Collection","name":"VERPUTZ- UND BAUSYSTEM","identifier":"FASSA_SISTEMA_INTONACATURA_E_COSTRUZIONE"}],"inLanguage":"de"},"_links":{"self":[{"href":"https:\/\/www.fassabortolo.it\/de\/wp-json\/wp\/v2\/product\/3497614","targetHints":{"allow":["GET"]}}],"collection":[{"href":"https:\/\/www.fassabortolo.it\/de\/wp-json\/wp\/v2\/product"}],"about":[{"href":"https:\/\/www.fassabortolo.it\/de\/wp-json\/wp\/v2\/types\/product"}],"wp:attachment":[{"href":"https:\/\/www.fassabortolo.it\/de\/wp-json\/wp\/v2\/media?parent=3497614"}],"curies":[{"name":"wp","href":"https:\/\/api.w.org\/{rel}","templated":true}]}}