{"id":3497615,"date":"2026-01-20T15:01:27","date_gmt":"2026-01-20T14:01:27","guid":{"rendered":"http:\/\/10.6.201.155\/?post_type=product&#038;p=50389"},"modified":"2026-05-15T01:11:47","modified_gmt":"2026-05-14T23:11:47","slug":"calce-idraulica-naturale-nhl-3-5","status":"publish","type":"product","link":"https:\/\/www.fassabortolo.it\/de\/produkte\/verputz-und-bausystem\/produkte-auf-basis-von-hydraulischem-naturkalk-nhl-3-5\/calce-idraulica-naturale-nhl-3-5","title":{"rendered":"CALCE IDRAULICA NATURALE NHL 3.5"},"content":{"rendered":"","protected":false},"featured_media":0,"template":"","class_list":["post-3497615","product","type-product","status-publish","hentry"],"acf":[],"fimg":{"url":"https:\/\/www.fassabortolo.it\/wp-content\/uploads\/media\/assets\/CALCE_IDRAULICA_NATURALE_NHL_35.jpg","alt":"CALCE IDRAULICA NATURALE NHL 3.5"},"product_description":["Hydraulischem Naturkalk NHL 3.5"],"ekr_hierarchy_settings":{"it":{"FASSA_LINEA_PRODOTTI_A_BASE_CALCE_IDRAULICA_NATURALE_NHL_3_5_SISTEMA_INTONACATURA":{"ekr_position":5}},"ch":{"FASSA_LINEA_PRODOTTI_A_BASE_CALCE_IDRAULICA_NATURALE_NHL_3_5_SISTEMA_INTONACATURA":{"ekr_position":0}},"lu":{"FASSA_LINEA_PRODOTTI_A_BASE_CALCE_IDRAULICA_NATURALE_NHL_3_5_SISTEMA_INTONACATURA":{"ekr_position":0}}},"lang":{"language_code":"de","locale":"de_DE","text_direction":false,"display_name":"Deutsch","native_name":"Tedesco","different_language":false},"systems":[{"id":3497520,"name":"VERPUTZ- UND BAUSYSTEM","permalink":"https:\/\/www.fassabortolo.it\/de\/produkte\/verputz-und-bausystem\/","slug":"verputz-und-bausystem","ekr_pallet_code":"FASSA_SISTEMA_INTONACATURA_E_COSTRUZIONE"}],"product_pallet_code":"PROD_CALCE_IDRAULICA_NATURALE_NHL_35","lines":[{"id":3497481,"name":"PRODUKTE AUF BASIS VON HYDRAULISCHEM NATURKALK NHL 3.5","permalink":"https:\/\/www.fassabortolo.it\/de\/produkte\/\/produkte-auf-basis-von-hydraulischem-naturkalk-nhl-3-5\/","slug":"produkte-auf-basis-von-hydraulischem-naturkalk-nhl-3-5","system_codes":["FASSA_SISTEMA_INTONACATURA_E_COSTRUZIONE"],"ekr_pallet_code":"FASSA_LINEA_PRODOTTI_A_BASE_CALCE_IDRAULICA_NATURALE_NHL_3_5_SISTEMA_INTONACATURA"}],"use":["CALCE IDRAULICA NATURALE NHL 3.5 wird am Bau zur Anfertigung von Mauerm\u00f6rtel und Verputz f\u00fcr den Innen- und Au\u00dfenbereich verwendet. &nbsp; Die mechanischen Eigenschaften, der hohe Grad an Porosit\u00e4t und der geringe Gehalt an wasserl\u00f6slichen Salzen von mit CALCE IDRAULICA NATURALE NHL 3.5 angefertigten M\u00f6rteln sind Empfehlung f\u00fcr die Verwendung bei Restaurierungen, Renovierungen und im Bereich des \u00f6kologischen Bauens."],"supply":["S\u00e4cke zu ca. 25 kg"],"attributes":{"Attributes_1":{"MEHRZWECKPRODUKTE":"Mehrzweckprodukte"},"Attributes_2":{"AUSSENBEREICH":"Au\u00dfenbereich","INNENBEREICH":"Innenbereich"}},"___attributes":{"FASSA":{"FASSA_SISTEMA_INTONACATURA_E_COSTRUZIONE":{"Attributes_1":["Mehrzweckprodukte"],"Attributes_2":["Au\u00dfenbereich","Innenbereich"]}}},"elastic_market_index":"it","structured_data":{"@context":"https:\/\/schema.org","@type":"Product","name":"CALCE IDRAULICA NATURALE NHL 3.5","description":["Hydraulischem Naturkalk NHL 3.5"],"url":"https:\/\/www.fassabortolo.it\/de\/produkte\/verputz-und-bausystem\/produkte-auf-basis-von-hydraulischem-naturkalk-nhl-3-5\/calce-idraulica-naturale-nhl-3-5","identifier":"PROD_CALCE_IDRAULICA_NATURALE_NHL_35","sku":"PROD_CALCE_IDRAULICA_NATURALE_NHL_35","image":"https:\/\/www.fassabortolo.it\/wp-content\/uploads\/media\/assets\/CALCE_IDRAULICA_NATURALE_NHL_35.jpg","brand":{"@type":"Brand","name":"Fassa Bortolo"},"manufacturer":{"@type":"Organization","name":"Fassa Bortolo","url":"https:\/\/www.fassabortolo.it"},"additionalProperty":[{"@type":"PropertyValue","name":"Use Case 1","value":"CALCE IDRAULICA NATURALE NHL 3.5 wird am Bau zur Anfertigung von Mauerm\u00f6rtel und Verputz f\u00fcr den Innen- und Au\u00dfenbereich verwendet. &nbsp; Die mechanischen Eigenschaften, der hohe Grad an Porosit\u00e4t und der geringe Gehalt an wasserl\u00f6slichen Salzen von mit CALCE IDRAULICA NATURALE NHL 3.5 angefertigten M\u00f6rteln sind Empfehlung f\u00fcr die Verwendung bei Restaurierungen, Renovierungen und im Bereich des \u00f6kologischen Bauens."},{"@type":"PropertyValue","name":"Supply Information","value":"S\u00e4cke zu ca. 25 kg"},{"@type":"PropertyValue","name":"Attributes_1","value":"Mehrzweckprodukte"},{"@type":"PropertyValue","name":"Attributes_2","value":"Au\u00dfenbereich"},{"@type":"PropertyValue","name":"Attributes_2","value":"Innenbereich"}],"category":[{"@type":"ProductCollection","name":"PRODUKTE AUF BASIS VON HYDRAULISCHEM NATURKALK NHL 3.5","identifier":"FASSA_LINEA_PRODOTTI_A_BASE_CALCE_IDRAULICA_NATURALE_NHL_3_5_SISTEMA_INTONACATURA"},{"@type":"Collection","name":"VERPUTZ- UND BAUSYSTEM","identifier":"FASSA_SISTEMA_INTONACATURA_E_COSTRUZIONE"}],"inLanguage":"de"},"_links":{"self":[{"href":"https:\/\/www.fassabortolo.it\/de\/wp-json\/wp\/v2\/product\/3497615","targetHints":{"allow":["GET"]}}],"collection":[{"href":"https:\/\/www.fassabortolo.it\/de\/wp-json\/wp\/v2\/product"}],"about":[{"href":"https:\/\/www.fassabortolo.it\/de\/wp-json\/wp\/v2\/types\/product"}],"wp:attachment":[{"href":"https:\/\/www.fassabortolo.it\/de\/wp-json\/wp\/v2\/media?parent=3497615"}],"curies":[{"name":"wp","href":"https:\/\/api.w.org\/{rel}","templated":true}]}}