{"id":3497616,"date":"2026-01-20T15:01:28","date_gmt":"2026-01-20T14:01:28","guid":{"rendered":"http:\/\/10.6.201.155\/?post_type=product&#038;p=50390"},"modified":"2026-05-15T01:11:34","modified_gmt":"2026-05-14T23:11:34","slug":"calcare-cava-boscarola","status":"publish","type":"product","link":"https:\/\/www.fassabortolo.it\/de\/produkte\/system-grubenmaterial-und-mikronisierte-materialien\/steinbruchmaterial-kalkstein\/calcare-cava-boscarola","title":{"rendered":"CALCARE CAVA BOSCAROLA"},"content":{"rendered":"","protected":false},"featured_media":0,"template":"","class_list":["post-3497616","product","type-product","status-publish","hentry"],"acf":[],"fimg":{"url":"https:\/\/www.fassabortolo.it\/wp-content\/uploads\/media\/assets\/CALCARE_CAVA_BOSCAROLA.jpg","alt":"CALCARE CAVA BOSCAROLA"},"product_description":["Im oberen Teil der Abbaust\u00e4tte entnommener Rohkalkstein, verarbeitet nach internem Transfer."],"ekr_hierarchy_settings":{"it":{"FASSA_LINEA_CALCARE_SISTEMA_MATERIALI":{"ekr_position":6}},"lu":{"FASSA_LINEA_CALCARE_SISTEMA_MATERIALI":{"ekr_position":11}}},"lang":{"language_code":"de","locale":"de_DE","text_direction":false,"display_name":"Deutsch","native_name":"Tedesco","different_language":false},"systems":[{"id":3497514,"name":"System GRUBENMATERIAL UND MIKRONISIERTE MATERIALIEN","permalink":"https:\/\/www.fassabortolo.it\/de\/produkte\/system-grubenmaterial-und-mikronisierte-materialien\/","slug":"system-grubenmaterial-und-mikronisierte-materialien","ekr_pallet_code":"FASSA_SISTEMA_MATERIALI_DI_CAVA_E_MICRONIZZATI"}],"product_pallet_code":"PROD_CALCARE_CAVA_BOSCAROLA","lines":[{"id":3497445,"name":"STEINBRUCHMATERIAL: KALKSTEIN","permalink":"https:\/\/www.fassabortolo.it\/de\/produkte\/\/steinbruchmaterial-kalkstein\/","slug":"steinbruchmaterial-kalkstein","system_codes":["FASSA_SISTEMA_MATERIALI_DI_CAVA_E_MICRONIZZATI"],"ekr_pallet_code":"FASSA_LINEA_CALCARE_SISTEMA_MATERIALI"}],"use":["F\u00fcllmaterial. &nbsp; Da das Material nicht gewaschen wird, weist es organische Verunreinigungen auf.","In Bezug auf den angegebene Modalit\u00e4t verf\u00fcgen die angeboteten Materialien \u00fcber andere Korngr\u00f6\u00dfenbereiche als jene, die bei einem Siebvorgang mit geeichten Sieben erhalten werden. Infolgedessen besteht in der Auslieferungsphase eine reelle M\u00f6glichkeit, dass Korngr\u00f6\u00dfen vorkommen, die von der Art und Bezeichnung im betreffenden Warenbegleitschein abweichen.","<\/br> Das Material verf\u00fcgt nicht \u00fcber eine CE-Zertifizierung.","Es besteht die M\u00f6glichkeit, das Material und die Herstellungsmodalit\u00e4ten direkt vor Ort in Augenschein zu nehmen um dort zu best\u00e4tigen, vollumf\u00e4nglich in Kenntnis zu sein und das Material als \"gesehen und gefallen\" zu akzeptieren, und zwar noch vor der Ausstellung des Lieferdokuments."],"supply":["Das Losematerial wird mechanisch auf Kastenfahrzeuge verladen."],"attributes":null,"___attributes":null,"elastic_market_index":"it","structured_data":{"@context":"https:\/\/schema.org","@type":"Product","name":"CALCARE CAVA BOSCAROLA","description":["Im oberen Teil der Abbaust\u00e4tte entnommener Rohkalkstein, verarbeitet nach internem Transfer."],"url":"https:\/\/www.fassabortolo.it\/de\/produkte\/system-grubenmaterial-und-mikronisierte-materialien\/steinbruchmaterial-kalkstein\/calcare-cava-boscarola","identifier":"PROD_CALCARE_CAVA_BOSCAROLA","sku":"PROD_CALCARE_CAVA_BOSCAROLA","image":"https:\/\/www.fassabortolo.it\/wp-content\/uploads\/media\/assets\/CALCARE_CAVA_BOSCAROLA.jpg","brand":{"@type":"Brand","name":"Fassa Bortolo"},"manufacturer":{"@type":"Organization","name":"Fassa Bortolo","url":"https:\/\/www.fassabortolo.it"},"additionalProperty":[{"@type":"PropertyValue","name":"Use Case 1","value":"F\u00fcllmaterial. &nbsp; Da das Material nicht gewaschen wird, weist es organische Verunreinigungen auf."},{"@type":"PropertyValue","name":"Use Case 2","value":"In Bezug auf den angegebene Modalit\u00e4t verf\u00fcgen die angeboteten Materialien \u00fcber andere Korngr\u00f6\u00dfenbereiche als jene, die bei einem Siebvorgang mit geeichten Sieben erhalten werden. Infolgedessen besteht in der Auslieferungsphase eine reelle M\u00f6glichkeit, dass Korngr\u00f6\u00dfen vorkommen, die von der Art und Bezeichnung im betreffenden Warenbegleitschein abweichen."},{"@type":"PropertyValue","name":"Use Case 3","value":"<\/br> Das Material verf\u00fcgt nicht \u00fcber eine CE-Zertifizierung."},{"@type":"PropertyValue","name":"Use Case 4","value":"Es besteht die M\u00f6glichkeit, das Material und die Herstellungsmodalit\u00e4ten direkt vor Ort in Augenschein zu nehmen um dort zu best\u00e4tigen, vollumf\u00e4nglich in Kenntnis zu sein und das Material als \"gesehen und gefallen\" zu akzeptieren, und zwar noch vor der Ausstellung des Lieferdokuments."},{"@type":"PropertyValue","name":"Supply Information","value":"Das Losematerial wird mechanisch auf Kastenfahrzeuge verladen."}],"category":[{"@type":"ProductCollection","name":"STEINBRUCHMATERIAL: KALKSTEIN","identifier":"FASSA_LINEA_CALCARE_SISTEMA_MATERIALI"},{"@type":"Collection","name":"System GRUBENMATERIAL UND MIKRONISIERTE MATERIALIEN","identifier":"FASSA_SISTEMA_MATERIALI_DI_CAVA_E_MICRONIZZATI"}],"inLanguage":"de"},"_links":{"self":[{"href":"https:\/\/www.fassabortolo.it\/de\/wp-json\/wp\/v2\/product\/3497616","targetHints":{"allow":["GET"]}}],"collection":[{"href":"https:\/\/www.fassabortolo.it\/de\/wp-json\/wp\/v2\/product"}],"about":[{"href":"https:\/\/www.fassabortolo.it\/de\/wp-json\/wp\/v2\/types\/product"}],"wp:attachment":[{"href":"https:\/\/www.fassabortolo.it\/de\/wp-json\/wp\/v2\/media?parent=3497616"}],"curies":[{"name":"wp","href":"https:\/\/api.w.org\/{rel}","templated":true}]}}