{"id":3497617,"date":"2026-01-20T15:01:29","date_gmt":"2026-01-20T14:01:29","guid":{"rendered":"http:\/\/10.6.201.155\/?post_type=product&#038;p=50397"},"modified":"2026-05-15T01:11:37","modified_gmt":"2026-05-14T23:11:37","slug":"kalkstein","status":"publish","type":"product","link":"https:\/\/www.fassabortolo.it\/de\/produkte\/system-grubenmaterial-und-mikronisierte-materialien\/steinbruchmaterial-kalkstein\/kalkstein","title":{"rendered":"KALKSTEIN"},"content":{"rendered":"","protected":false},"featured_media":0,"template":"","class_list":["post-3497617","product","type-product","status-publish","hentry"],"acf":[],"fimg":{"url":"https:\/\/www.fassabortolo.it\/wp-content\/uploads\/media\/assets\/Calcare.jpg","alt":"KALKSTEIN"},"product_description":["Durch Gesteinszertr\u00fcmmerung erhaltener St\u00fcckkalk und einer chemischen Zusammensetzung mit einem hohen Anteil an Calciumcarbonat."],"ekr_hierarchy_settings":{"it":{"FASSA_LINEA_CALCARE_SISTEMA_MATERIALI":{"ekr_position":5}},"ch":{"FASSA_LINEA_CALCARE_SISTEMA_MATERIALI":{"ekr_position":0}},"lu":{"FASSA_LINEA_CALCARE_SISTEMA_MATERIALI":{"ekr_position":0}}},"lang":{"language_code":"de","locale":"de_DE","text_direction":false,"display_name":"Deutsch","native_name":"Tedesco","different_language":false},"systems":[{"id":3497514,"name":"System GRUBENMATERIAL UND MIKRONISIERTE MATERIALIEN","permalink":"https:\/\/www.fassabortolo.it\/de\/produkte\/system-grubenmaterial-und-mikronisierte-materialien\/","slug":"system-grubenmaterial-und-mikronisierte-materialien","ekr_pallet_code":"FASSA_SISTEMA_MATERIALI_DI_CAVA_E_MICRONIZZATI"}],"product_pallet_code":"PROD_CALCARE","lines":[{"id":3497445,"name":"STEINBRUCHMATERIAL: KALKSTEIN","permalink":"https:\/\/www.fassabortolo.it\/de\/produkte\/\/steinbruchmaterial-kalkstein\/","slug":"steinbruchmaterial-kalkstein","system_codes":["FASSA_SISTEMA_MATERIALI_DI_CAVA_E_MICRONIZZATI"],"ekr_pallet_code":"FASSA_LINEA_CALCARE_SISTEMA_MATERIALI"}],"use":["Dank seiner Eigenschaften kann das Produkt im Bauwesen als F\u00fcllmittel bei der Herstellung von Putzen auf Kalkbasis verwendet werden, bei der Anfertigung von Unterb\u00f6den mit hoher Tragf\u00e4higkeit sowie f\u00fcr Drainage- und Sch\u00fcttungseingriffe."],"supply":["Das Losematerial wird mechanisch auf Kastenfahrzeuge verladen."],"attributes":null,"___attributes":null,"elastic_market_index":"it","structured_data":{"@context":"https:\/\/schema.org","@type":"Product","name":"KALKSTEIN","description":["Durch Gesteinszertr\u00fcmmerung erhaltener St\u00fcckkalk und einer chemischen Zusammensetzung mit einem hohen Anteil an Calciumcarbonat."],"url":"https:\/\/www.fassabortolo.it\/de\/produkte\/system-grubenmaterial-und-mikronisierte-materialien\/steinbruchmaterial-kalkstein\/kalkstein","identifier":"PROD_CALCARE","sku":"PROD_CALCARE","image":"https:\/\/www.fassabortolo.it\/wp-content\/uploads\/media\/assets\/Calcare.jpg","brand":{"@type":"Brand","name":"Fassa Bortolo"},"manufacturer":{"@type":"Organization","name":"Fassa Bortolo","url":"https:\/\/www.fassabortolo.it"},"additionalProperty":[{"@type":"PropertyValue","name":"Use Case 1","value":"Dank seiner Eigenschaften kann das Produkt im Bauwesen als F\u00fcllmittel bei der Herstellung von Putzen auf Kalkbasis verwendet werden, bei der Anfertigung von Unterb\u00f6den mit hoher Tragf\u00e4higkeit sowie f\u00fcr Drainage- und Sch\u00fcttungseingriffe."},{"@type":"PropertyValue","name":"Supply Information","value":"Das Losematerial wird mechanisch auf Kastenfahrzeuge verladen."}],"category":[{"@type":"ProductCollection","name":"STEINBRUCHMATERIAL: KALKSTEIN","identifier":"FASSA_LINEA_CALCARE_SISTEMA_MATERIALI"},{"@type":"Collection","name":"System GRUBENMATERIAL UND MIKRONISIERTE MATERIALIEN","identifier":"FASSA_SISTEMA_MATERIALI_DI_CAVA_E_MICRONIZZATI"}],"inLanguage":"de"},"_links":{"self":[{"href":"https:\/\/www.fassabortolo.it\/de\/wp-json\/wp\/v2\/product\/3497617","targetHints":{"allow":["GET"]}}],"collection":[{"href":"https:\/\/www.fassabortolo.it\/de\/wp-json\/wp\/v2\/product"}],"about":[{"href":"https:\/\/www.fassabortolo.it\/de\/wp-json\/wp\/v2\/types\/product"}],"wp:attachment":[{"href":"https:\/\/www.fassabortolo.it\/de\/wp-json\/wp\/v2\/media?parent=3497617"}],"curies":[{"name":"wp","href":"https:\/\/api.w.org\/{rel}","templated":true}]}}