{"id":3497633,"date":"2026-01-20T15:01:37","date_gmt":"2026-01-20T14:01:37","guid":{"rendered":"http:\/\/10.6.201.155\/?post_type=product&#038;p=50455"},"modified":"2026-04-23T10:32:23","modified_gmt":"2026-04-23T08:32:23","slug":"desideri-velluto","status":"publish","type":"product","link":"https:\/\/www.fassabortolo.it\/de\/produkte\/sistema-fassacolour\/dekorprodukte\/desideri-velluto","title":{"rendered":"DESIDERI VELLUTO"},"content":{"rendered":"","protected":false},"featured_media":0,"template":"","class_list":["post-3497633","product","type-product","status-publish","hentry"],"acf":[],"fimg":{"url":"https:\/\/www.fassabortolo.it\/wp-content\/uploads\/media\/assets\/Sfide_d'arte_DESIDERI_VELLUTO.jpg","alt":"DESIDERI VELLUTO"},"product_description":["Siloxanverst\u00e4rkte Dekorspachtelung mit mineralischem Aussehen"],"ekr_hierarchy_settings":{"it":{"FASSA_LINEA_DECORATIVI_SISTEMA_COLORE":{"ekr_position":5}},"es":{"FASSAES_LINEA_DECORATIVI_SISTEMA_COLORE":{"ekr_position":7}},"lu":{"FASSA_LINEA_DECORATIVI_SISTEMA_COLORE":{"ekr_position":15}}},"lang":{"language_code":"de","locale":"de_DE","text_direction":false,"display_name":"Deutsch","native_name":"Tedesco","different_language":false},"systems":[{"id":3497509,"name":"FASSACOLOUR\u00ae-System","permalink":"https:\/\/www.fassabortolo.it\/de\/produkte\/sistema-fassacolour\/","slug":"sistema-fassacolour","ekr_pallet_code":"FASSA_SISTEMA_COLORE_FASSACOLOUR"}],"product_pallet_code":"PROD_DESIDERI_VELLUTO","lines":[{"id":3497454,"name":"DEKORPRODUKTE","permalink":"https:\/\/www.fassabortolo.it\/de\/produkte\/\/dekorprodukte\/","slug":"dekorprodukte","system_codes":["FASSA_SISTEMA_COLORE_FASSACOLOUR"],"ekr_pallet_code":"FASSA_LINEA_DECORATIVI_SISTEMA_COLORE"}],"use":["DESIDERI VELLUTO ist ein Dekorprodukt f\u00fcr den Au\u00dfenbereich, es erm\u00f6glicht den Erhalt einer glatten Beschichtung auf plastischen Strukturdeckputzen, aufgetragen auf einem Armierspachtel auf Kalk-Zementbasis."],"supply":["Gebinde zu 20 kg und 2,5 kg. &nbsp; Je nach Bestimmungsland k\u00f6nnten einige Verkaufsformate nicht erh\u00e4ltlich sein","Auswahl an hellen Farbt\u00f6nen, die ausschlie\u00dflich vom Produktionswerk ausgeliefert werden."],"attributes":{"Attributes_1":{"WASSERBASIERTE ANSTRICHE MIT SCHUTZFILM":"Wasserbasierte Anstriche mit Schutzfilm"},"Attributes_2":{"AUSSENBEREICH":"Au\u00dfenbereich"}},"___attributes":{"FASSAES":{"FASSA_SISTEMA_COLORE_FASSACOLOUR":{"Attributes_2":["Au\u00dfenbereich"]}},"FASSA":{"FASSA_SISTEMA_COLORE_FASSACOLOUR":{"Attributes_1":["Wasserbasierte Anstriche mit Schutzfilm"],"Attributes_2":["Au\u00dfenbereich"]}}},"elastic_market_index":"it","structured_data":{"@context":"https:\/\/schema.org","@type":"Product","name":"DESIDERI VELLUTO","description":["Siloxanverst\u00e4rkte Dekorspachtelung mit mineralischem Aussehen"],"url":"https:\/\/www.fassabortolo.it\/de\/produkte\/sistema-fassacolour\/dekorprodukte\/desideri-velluto","identifier":"PROD_DESIDERI_VELLUTO","sku":"PROD_DESIDERI_VELLUTO","image":"https:\/\/www.fassabortolo.it\/wp-content\/uploads\/media\/assets\/Sfide_d'arte_DESIDERI_VELLUTO.jpg","brand":{"@type":"Brand","name":"Fassa Bortolo"},"manufacturer":{"@type":"Organization","name":"Fassa Bortolo","url":"https:\/\/www.fassabortolo.it"},"additionalProperty":[{"@type":"PropertyValue","name":"Use Case 1","value":"DESIDERI VELLUTO ist ein Dekorprodukt f\u00fcr den Au\u00dfenbereich, es erm\u00f6glicht den Erhalt einer glatten Beschichtung auf plastischen Strukturdeckputzen, aufgetragen auf einem Armierspachtel auf Kalk-Zementbasis."},{"@type":"PropertyValue","name":"Supply Information","value":"Gebinde zu 20 kg und 2,5 kg. &nbsp; Je nach Bestimmungsland k\u00f6nnten einige Verkaufsformate nicht erh\u00e4ltlich sein"},{"@type":"PropertyValue","name":"Supply Information","value":"Auswahl an hellen Farbt\u00f6nen, die ausschlie\u00dflich vom Produktionswerk ausgeliefert werden."},{"@type":"PropertyValue","name":"Attributes_1","value":"Wasserbasierte Anstriche mit Schutzfilm"},{"@type":"PropertyValue","name":"Attributes_2","value":"Au\u00dfenbereich"}],"category":[{"@type":"ProductCollection","name":"DEKORPRODUKTE","identifier":"FASSA_LINEA_DECORATIVI_SISTEMA_COLORE"},{"@type":"Collection","name":"FASSACOLOUR\u00ae-System","identifier":"FASSA_SISTEMA_COLORE_FASSACOLOUR"}],"inLanguage":"de"},"_links":{"self":[{"href":"https:\/\/www.fassabortolo.it\/de\/wp-json\/wp\/v2\/product\/3497633","targetHints":{"allow":["GET"]}}],"collection":[{"href":"https:\/\/www.fassabortolo.it\/de\/wp-json\/wp\/v2\/product"}],"about":[{"href":"https:\/\/www.fassabortolo.it\/de\/wp-json\/wp\/v2\/types\/product"}],"wp:attachment":[{"href":"https:\/\/www.fassabortolo.it\/de\/wp-json\/wp\/v2\/media?parent=3497633"}],"curies":[{"name":"wp","href":"https:\/\/api.w.org\/{rel}","templated":true}]}}