{"id":3497635,"date":"2026-01-20T15:01:40","date_gmt":"2026-01-20T14:01:40","guid":{"rendered":"http:\/\/10.6.201.155\/?post_type=product&#038;p=50466"},"modified":"2026-05-15T01:11:03","modified_gmt":"2026-05-14T23:11:03","slug":"cr-90","status":"publish","type":"product","link":"https:\/\/www.fassabortolo.it\/de\/produkte\/verlegesystem-fur-boden-und-wandbelage\/fassafloor-verlegegrunde\/cr-90","title":{"rendered":"CR 90"},"content":{"rendered":"","protected":false},"featured_media":0,"template":"","class_list":["post-3497635","product","type-product","status-publish","hentry"],"acf":[],"fimg":{"url":"https:\/\/www.fassabortolo.it\/wp-content\/uploads\/media\/assets\/CR_90.jpg","alt":"CR 90"},"product_description":["Zement\u00f6ser Hydraulikbinder mit ultraschneller Abbindung"],"ekr_hierarchy_settings":{"it":{"FASSA_LINEA_FASSAFLOOR_FONDI_DI_POSA_SISTEMA_POSA":{"ekr_position":29}},"es":{"FASSAES_LINEA_FASSAFLOOR_FONDI_DI_POSA_SISTEMA_POSA":{"ekr_position":0}},"lu":{"FASSA_LINEA_FASSAFLOOR_FONDI_DI_POSA_SISTEMA_POSA":{"ekr_position":29}}},"lang":{"language_code":"de","locale":"de_DE","text_direction":false,"display_name":"Deutsch","native_name":"Tedesco","different_language":false},"systems":[{"id":3497517,"name":"VERLEGESYSTEM F\u00dcR BODEN- UND WANDBEL\u00c4GE","permalink":"https:\/\/www.fassabortolo.it\/de\/produkte\/verlegesystem-fur-boden-und-wandbelage\/","slug":"verlegesystem-fur-boden-und-wandbelage","ekr_pallet_code":"FASSA_SISTEMA_POSA_PAVIMENTI_E_RIVESTIMENTI"}],"product_pallet_code":"PROD_CR_90","lines":[{"id":3497462,"name":"FASSAFLOOR &#8211; VERLEGEGR\u00dcNDE","permalink":"https:\/\/www.fassabortolo.it\/de\/produkte\/\/fassafloor-verlegegrunde\/","slug":"fassafloor-verlegegrunde","system_codes":["FASSA_SISTEMA_POSA_PAVIMENTI_E_RIVESTIMENTI"],"ekr_pallet_code":"FASSA_LINEA_FASSAFLOOR_FONDI_DI_POSA_SISTEMA_POSA"}],"use":["CR 90 wird f\u00fcr Schnellbefestigungen auf Mauerwerks- und Betonoberfl\u00e4chen verwendet. &nbsp; Geeignet zur Versiegelung von Betonrohrleitungen, zur Anbringung von Blindrahmen aus Holz und Metall, zur Befestigung von elektrischen Schaltk\u00e4sten und Dichtbahnen, zur Befestigung von Rohrleitungen, Sanit\u00e4reinrichtungen, Scharnieren, Halterungen, Holzd\u00fcbel, zum Stopfen kleinerer Wasserdurchbr\u00fcche, f\u00fcr Gel\u00e4nder, Kantenschutzleisten usw.."],"supply":["In feuchtigkeitsgesch\u00fctzten Spezials\u00e4cken zu ca. 25 kg","S\u00e4ckchen zu ca. 5 kg in Kartonschachteln zu jeweils 5 St\u00fcck"],"attributes":{"Attributes_1":{"KOMPLEMENT\u00c4RPRODUKTE F\u00dcR VERLEGEUNTERGR\u00dcNDE":"Komplement\u00e4rprodukte f\u00fcr Verlegeuntergr\u00fcnde"},"Attributes_2":{"AUSSENBEREICH":"Au\u00dfenbereich","INNENBEREICH":"Innenbereich"}},"___attributes":{"FASSAES":{"FASSA_SISTEMA_POSA_PAVIMENTI_E_RIVESTIMENTI":{"Attributes_1":["Komplement\u00e4rprodukte f\u00fcr Verlegeuntergr\u00fcnde"],"Attributes_2":["Au\u00dfenbereich","Innenbereich"]}},"FASSA":{"FASSA_SISTEMA_POSA_PAVIMENTI_E_RIVESTIMENTI":{"Attributes_1":["Komplement\u00e4rprodukte f\u00fcr Verlegeuntergr\u00fcnde"],"Attributes_2":["Au\u00dfenbereich","Innenbereich"]}}},"elastic_market_index":"it","structured_data":{"@context":"https:\/\/schema.org","@type":"Product","name":"CR 90","description":["Zement\u00f6ser Hydraulikbinder mit ultraschneller Abbindung"],"url":"https:\/\/www.fassabortolo.it\/de\/produkte\/verlegesystem-fur-boden-und-wandbelage\/fassafloor-verlegegrunde\/cr-90","identifier":"PROD_CR_90","sku":"PROD_CR_90","image":"https:\/\/www.fassabortolo.it\/wp-content\/uploads\/media\/assets\/CR_90.jpg","brand":{"@type":"Brand","name":"Fassa Bortolo"},"manufacturer":{"@type":"Organization","name":"Fassa Bortolo","url":"https:\/\/www.fassabortolo.it"},"additionalProperty":[{"@type":"PropertyValue","name":"Use Case 1","value":"CR 90 wird f\u00fcr Schnellbefestigungen auf Mauerwerks- und Betonoberfl\u00e4chen verwendet. &nbsp; Geeignet zur Versiegelung von Betonrohrleitungen, zur Anbringung von Blindrahmen aus Holz und Metall, zur Befestigung von elektrischen Schaltk\u00e4sten und Dichtbahnen, zur Befestigung von Rohrleitungen, Sanit\u00e4reinrichtungen, Scharnieren, Halterungen, Holzd\u00fcbel, zum Stopfen kleinerer Wasserdurchbr\u00fcche, f\u00fcr Gel\u00e4nder, Kantenschutzleisten usw.."},{"@type":"PropertyValue","name":"Supply Information","value":"In feuchtigkeitsgesch\u00fctzten Spezials\u00e4cken zu ca. 25 kg"},{"@type":"PropertyValue","name":"Supply Information","value":"S\u00e4ckchen zu ca. 5 kg in Kartonschachteln zu jeweils 5 St\u00fcck"},{"@type":"PropertyValue","name":"Attributes_1","value":"Komplement\u00e4rprodukte f\u00fcr Verlegeuntergr\u00fcnde"},{"@type":"PropertyValue","name":"Attributes_2","value":"Au\u00dfenbereich"},{"@type":"PropertyValue","name":"Attributes_2","value":"Innenbereich"}],"category":[{"@type":"ProductCollection","name":"FASSAFLOOR &#8211; VERLEGEGR\u00dcNDE","identifier":"FASSA_LINEA_FASSAFLOOR_FONDI_DI_POSA_SISTEMA_POSA"},{"@type":"Collection","name":"VERLEGESYSTEM F\u00dcR BODEN- UND WANDBEL\u00c4GE","identifier":"FASSA_SISTEMA_POSA_PAVIMENTI_E_RIVESTIMENTI"}],"inLanguage":"de"},"_links":{"self":[{"href":"https:\/\/www.fassabortolo.it\/de\/wp-json\/wp\/v2\/product\/3497635","targetHints":{"allow":["GET"]}}],"collection":[{"href":"https:\/\/www.fassabortolo.it\/de\/wp-json\/wp\/v2\/product"}],"about":[{"href":"https:\/\/www.fassabortolo.it\/de\/wp-json\/wp\/v2\/types\/product"}],"wp:attachment":[{"href":"https:\/\/www.fassabortolo.it\/de\/wp-json\/wp\/v2\/media?parent=3497635"}],"curies":[{"name":"wp","href":"https:\/\/api.w.org\/{rel}","templated":true}]}}